{"id":695,"date":"2020-12-21T08:07:40","date_gmt":"2020-12-21T07:07:40","guid":{"rendered":"http:\/\/ipoweb.bruxelles.be\/primdachsbeck\/?page_id=695"},"modified":"2020-12-21T08:09:24","modified_gmt":"2020-12-21T07:09:24","slug":"smartschool","status":"publish","type":"page","link":"https:\/\/ipoweb.bruxelles.be\/primdachsbeck\/?page_id=695","title":{"rendered":"Smartschool"},"content":{"rendered":"\n<p>Smartschool est consultable \u00e0 partir de n\u2019importe quelle machine connect\u00e9e en cliquant ici: <a rel=\"noreferrer noopener\" href=\"http:\/\/ephd.smartschool.be\" target=\"_blank\">http:\/\/ephd.smartschool.be<\/a>  <\/p>\n\n\n\n<p>Smartschool est \u00e9galement disponible sur votre smartphone \/ tablette. <\/p>\n\n\n\n<p>Apple IOS (Iphone, Ipad, &#8230;) : <a rel=\"noreferrer noopener\" aria-label=\"https:\/\/itunes.apple.com\/fr\/app\/smartschool\/id440472448?mt=8 (opens in a new tab)\" href=\"https:\/\/itunes.apple.com\/fr\/app\/smartschool\/id440472448?mt=8\" target=\"_blank\">https:\/\/itunes.apple.com\/fr\/app\/smartschool\/id440472448?mt=8<\/a><\/p>\n\n\n\n<p>Google Play Andro\u00efd (Samsung, Huawei, etc) : <a href=\"https:\/\/play.google.com\/store\/apps\/details?id=be.smartschool.mobile\" target=\"_blank\" rel=\"noreferrer noopener\" aria-label=\"https:\/\/play.google.com\/store\/apps\/details?id=be.smartschool.mobile (opens in a new tab)\">https:\/\/play.google.com\/store\/apps\/details?id=be.smartschool.mobile<\/a><\/p>\n\n\n\n<p>N&rsquo;h\u00e9sitez pas \u00e0 nous contacter en cas de probl\u00e8me.<\/p>\n","protected":false},"excerpt":{"rendered":"<p>Smartschool est consultable \u00e0 partir de n\u2019importe quelle machine connect\u00e9e en cliquant ici: http:\/\/ephd.smartschool.be Smartschool est \u00e9galement disponible sur votre smartphone \/ tablette. Apple IOS (Iphone, Ipad, &#8230;) : https:\/\/itunes.apple.com\/fr\/app\/smartschool\/id440472448?mt=8 Google Play Andro\u00efd (Samsung, Huawei, etc) : https:\/\/play.google.com\/store\/apps\/details?id=be.smartschool.mobile N&rsquo;h\u00e9sitez pas \u00e0 nous contacter en cas de probl\u00e8me.<\/p>\n","protected":false},"author":2,"featured_media":0,"parent":0,"menu_order":0,"comment_status":"closed","ping_status":"closed","template":"","meta":{"footnotes":""},"jetpack_sharing_enabled":true,"_links":{"self":[{"href":"https:\/\/ipoweb.bruxelles.be\/primdachsbeck\/index.php?rest_route=\/wp\/v2\/pages\/695"}],"collection":[{"href":"https:\/\/ipoweb.bruxelles.be\/primdachsbeck\/index.php?rest_route=\/wp\/v2\/pages"}],"about":[{"href":"https:\/\/ipoweb.bruxelles.be\/primdachsbeck\/index.php?rest_route=\/wp\/v2\/types\/page"}],"author":[{"embeddable":true,"href":"https:\/\/ipoweb.bruxelles.be\/primdachsbeck\/index.php?rest_route=\/wp\/v2\/users\/2"}],"replies":[{"embeddable":true,"href":"https:\/\/ipoweb.bruxelles.be\/primdachsbeck\/index.php?rest_route=%2Fwp%2Fv2%2Fcomments&post=695"}],"version-history":[{"count":2,"href":"https:\/\/ipoweb.bruxelles.be\/primdachsbeck\/index.php?rest_route=\/wp\/v2\/pages\/695\/revisions"}],"predecessor-version":[{"id":698,"href":"https:\/\/ipoweb.bruxelles.be\/primdachsbeck\/index.php?rest_route=\/wp\/v2\/pages\/695\/revisions\/698"}],"wp:attachment":[{"href":"https:\/\/ipoweb.bruxelles.be\/primdachsbeck\/index.php?rest_route=%2Fwp%2Fv2%2Fmedia&parent=695"}],"curies":[{"name":"wp","href":"https:\/\/api.w.org\/{rel}","templated":true}]}}