{"id":89,"date":"2019-09-22T14:19:09","date_gmt":"2019-09-22T12:19:09","guid":{"rendered":"http:\/\/ipoweb.bruxelles.be\/primdachsbeck\/?page_id=89"},"modified":"2023-01-12T06:42:33","modified_gmt":"2023-01-12T05:42:33","slug":"sinscrire","status":"publish","type":"page","link":"https:\/\/ipoweb.bruxelles.be\/primdachsbeck\/?page_id=89","title":{"rendered":"S&rsquo;inscrire"},"content":{"rendered":"\n<h4 class=\"wp-block-heading\">Inscription en 1\u00e8re primaire<\/h4>\n\n\n\n<p> La proc\u00e9dure d&rsquo;inscription est d\u00e9crite via le lien suivant : <a rel=\"noreferrer noopener\" href=\"https:\/\/instructionpublique.bruxelles.be\/fr\/actualites\/inscriptions-pour-lannee-scolaire-2023-2024-en-classes-daccueil-de-premiere-maternelle\" target=\"_blank\">https:\/\/instructionpublique.bruxelles.be\/fr\/actualites\/inscriptions-pour-lannee-scolaire-2023-2024-en-classes-daccueil-de-premiere-maternelle<\/a><\/p>\n\n\n\n<blockquote class=\"wp-block-quote\"><p>  <strong>L\u2019enregistrement de ces demandes d&rsquo;inscription se fait soit par t\u00e9l\u00e9phone via le 0800 99 855, soit via le guichet \u00e9lectronique IRISbox,  <a rel=\"noreferrer noopener\" target=\"_blank\" href=\"https:\/\/irisbox.irisnet.be\/irisbox\/\">irisbox.irisnet.be<\/a>  (cliquez sur \u00ab Inscription scolaire \u00bb, s\u00e9lectionnez \u00ab Ville de  Bruxelles \u00bb et munissez-vous de votre carte d\u2019identit\u00e9 ou de votre  application Itsme), du lundi au vendredi de 8h30 \u00e0 13h. Les parents sont  inform\u00e9s dans les 24 heures si leur enfant est en ordre utile ou sur  liste d\u2019attente.<\/strong><\/p><\/blockquote>\n\n\n\n<h4 class=\"wp-block-heading\">Inscription de la 2\u00e8me \u00e0 6\u00e8me primaire<\/h4>\n\n\n\n<p>Chaque ann\u00e9e, nous recommen\u00e7ons une nouvelle liste d&rsquo;attente. Il est possible d&rsquo;y inscrire son enfant \u00e0 partir du premier lundi du retour des cong\u00e9s d&rsquo;hiver, <strong>uniquement via t\u00e9l\u00e9phone<\/strong> au secr\u00e9tariat : <strong> 02\/500 85 70 <\/strong><\/p>\n","protected":false},"excerpt":{"rendered":"<p>Inscription en 1\u00e8re primaire La proc\u00e9dure d&rsquo;inscription est d\u00e9crite via le lien suivant : https:\/\/instructionpublique.bruxelles.be\/fr\/actualites\/inscriptions-pour-lannee-scolaire-2023-2024-en-classes-daccueil-de-premiere-maternelle L\u2019enregistrement de ces demandes d&rsquo;inscription se fait soit par t\u00e9l\u00e9phone via le 0800 99 855, soit via le guichet \u00e9lectronique IRISbox, irisbox.irisnet.be (cliquez sur \u00ab Inscription scolaire \u00bb, s\u00e9lectionnez \u00ab Ville de Bruxelles \u00bb et munissez-vous de votre carte d\u2019identit\u00e9 [&hellip;]<\/p>\n","protected":false},"author":2,"featured_media":0,"parent":0,"menu_order":0,"comment_status":"closed","ping_status":"closed","template":"","meta":{"footnotes":""},"jetpack_sharing_enabled":true,"_links":{"self":[{"href":"https:\/\/ipoweb.bruxelles.be\/primdachsbeck\/index.php?rest_route=\/wp\/v2\/pages\/89"}],"collection":[{"href":"https:\/\/ipoweb.bruxelles.be\/primdachsbeck\/index.php?rest_route=\/wp\/v2\/pages"}],"about":[{"href":"https:\/\/ipoweb.bruxelles.be\/primdachsbeck\/index.php?rest_route=\/wp\/v2\/types\/page"}],"author":[{"embeddable":true,"href":"https:\/\/ipoweb.bruxelles.be\/primdachsbeck\/index.php?rest_route=\/wp\/v2\/users\/2"}],"replies":[{"embeddable":true,"href":"https:\/\/ipoweb.bruxelles.be\/primdachsbeck\/index.php?rest_route=%2Fwp%2Fv2%2Fcomments&post=89"}],"version-history":[{"count":4,"href":"https:\/\/ipoweb.bruxelles.be\/primdachsbeck\/index.php?rest_route=\/wp\/v2\/pages\/89\/revisions"}],"predecessor-version":[{"id":866,"href":"https:\/\/ipoweb.bruxelles.be\/primdachsbeck\/index.php?rest_route=\/wp\/v2\/pages\/89\/revisions\/866"}],"wp:attachment":[{"href":"https:\/\/ipoweb.bruxelles.be\/primdachsbeck\/index.php?rest_route=%2Fwp%2Fv2%2Fmedia&parent=89"}],"curies":[{"name":"wp","href":"https:\/\/api.w.org\/{rel}","templated":true}]}}