{"id":101,"date":"2020-11-12T15:38:36","date_gmt":"2020-11-12T14:38:36","guid":{"rendered":"http:\/\/ipoweb.bruxelles.be\/primmagnolias\/?page_id=101"},"modified":"2022-11-10T13:26:11","modified_gmt":"2022-11-10T12:26:11","slug":"activites-sportives","status":"publish","type":"page","link":"https:\/\/ipoweb.bruxelles.be\/primmagnolias\/activites-sportives\/","title":{"rendered":"Activit\u00e9s sportives"},"content":{"rendered":"\n<h2 class=\"has-accent-color has-text-color wp-block-heading\">Natation<\/h2>\n\n\n\n<p>Le cours de natation est obligatoire pour tout \u00e9l\u00e8ve depuis les 1\u00e8res jusqu\u2019aux 6\u00e8mes ann\u00e9es.<\/p>\n\n\n\n<p>Ce cours est organis\u00e9 au bassin de Laeken. Le cours de natation, inclus dans le programme d\u2019\u00e9ducation physique, est donn\u00e9 par des moniteurs d\u00e9pendant de l\u2019Inspection de l\u2019Education Physique de la Ville de Bruxelles.<\/p>\n\n\n\n<p>Votre enfant b\u00e9n\u00e9ficiera de ce cours une semaine sur deux suivant l\u2019horaire fournis en d\u00e9but d\u2019ann\u00e9e scolaire et visible dans l\u2019onglet \u00ab Agenda \u00bb.<\/p>\n\n\n\n<p>Les \u00e9l\u00e8ves dispens\u00e9s par un certificat m\u00e9dical seront accueillis dans les autres classes. Les certificats m\u00e9dicaux de longue dur\u00e9e ne sont valables que 3 mois et doivent \u00eatre renouvel\u00e9s.<br>Les autres \u00e9l\u00e8ves (\u00e9l\u00e8ves ayant oubli\u00e9 leur sac de piscine), ils devront effectuer un travail \u00e9crit.<\/p>\n\n\n\n<p>Le paiement des frais de transports et d\u2019entr\u00e9e \u00e0 la piscine sont obligatoires et doivent \u00eatre effectu\u00e9s par voie bancaire uniquement d\u00e8s que vous recevez une facture.<br>Le montant est indiqu\u00e9 dans la farde d\u2019avis et dans l\u2019onglet \u00ab Informations \u2013 Frais scolaires \u00bb.<\/p>\n\n\n\n<p>Merci d\u2019effectuer le virement sur le compte :<\/p>\n\n\n\n<p class=\"has-text-align-center has-accent-color has-text-color\"><strong>Ecole Primaire Les Magnolias<\/strong><\/p>\n\n\n\n<p class=\"has-text-align-center has-accent-color has-text-color\"><strong>BE 80 0689 3184 5277<\/strong><\/p>\n\n\n\n<p class=\"has-text-align-center\"><strong>Veillez \u00e0 bien mentionner la communication indiqu\u00e9e sur la facture.<\/strong><\/p>\n\n\n\n<p>L\u2019\u00e9quipement doit \u00eatre apport\u00e9 dans un sac en tissu marqu\u00e9 du nom de l\u2019enfant :<\/p>\n\n\n\n<ul>\n<li>1 slip de bain ou maillot une pi\u00e8ce (pas de short, pas de bikini)<\/li>\n\n\n\n<li>1 essuie<\/li>\n\n\n\n<li>1 bonnet de bain<\/li>\n\n\n\n<li>1 slip ou une culotte de rechange<\/li>\n\n\n\n<li>Pr\u00e9voir un capuchon ou un bonnet pour la sortie de la piscine en hiver<br><\/li>\n<\/ul>\n\n\n\n<p>Un bonnet de bain floqu\u00e9 du logo de l\u2019\u00e9cole peut \u00eatre achet\u00e9 par les parents qui le d\u00e9sirent. Il s\u2019agit d\u2019un achat totalement facultatif et la somme \u00e0 payer est au prix co\u00fbtant.<br>Le montant est indiqu\u00e9 dans la farde d\u2019avis et dans l\u2019onglet \u00ab Informations \u2013 Frais scolaires \u00bb.<\/p>\n\n\n\n<div class=\"wp-block-buttons is-layout-flex wp-block-buttons-is-layout-flex\">\n<div class=\"wp-block-button is-style-fill\"><a class=\"wp-block-button__link wp-element-button\" href=\"http:\/\/ipoweb.bruxelles.be\/primmagnolias\/wp-content\/uploads\/2021\/01\/Tenuesdenatationinterdites2019.pdf\" target=\"_blank\" rel=\"noreferrer noopener\">Tenues interdites dans les piscines de la Ville de Bruxelles (PDF)<\/a><\/div>\n<\/div>\n\n\n\n<h2 class=\"has-accent-color has-text-color wp-block-heading\">\u00c9ducation physique<\/h2>\n\n\n\n<p>Le cours d\u2019\u00e9ducation physique est obligatoire.<\/p>\n\n\n\n<p>\u00c9quipement :<\/p>\n\n\n\n<ul>\n<li>1 Sac solide \u00e0 corde ou \u00e0 tirette (pas de sac plastique)<\/li>\n\n\n\n<li>1 paire de pantoufles blanches \u00e0 \u00e9lastique<\/li>\n\n\n\n<li>1 short uni noir s\u2019arr\u00eatant juste au-dessus du genou (pas de legging ou de short trop court).<\/li>\n\n\n\n<li>1 tee-shirt uni bleu roi<\/li>\n\n\n\n<li>Un abonnement STIB (des sorties sportives sont organis\u00e9es tout au long de l\u2019ann\u00e9e. L\u2019abonnement STIB doit \u00eatre apport\u00e9 lors de ces sorties.)<\/li>\n<\/ul>\n\n\n\n<p>Les parents qui le d\u00e9sirent ont la possibilit\u00e9 d\u2019obtenir un t-shirt d\u2019\u00e9ducation physique ainsi qu\u2019un bonnet de bain avec le logo de l\u2019\u00e9cole. Il s\u2019agit d\u2019un achat totalement facultatif et la somme \u00e0 payer est au prix co\u00fbtant.<br>Le montant est indiqu\u00e9 dans la farde d\u2019avis et dans l\u2019onglet \u00ab Informations \u2013 Frais scolaires \u00bb.<\/p>\n\n\n\n<h2 class=\"has-accent-color has-text-color wp-block-heading\">Parascolaires<\/h2>\n\n\n\n<p>L\u2019A.S.B.L. Magnolias Sport et Culture propose des activit\u00e9s parascolaires aux \u00e9l\u00e8ves de l\u2019\u00e9cole primaire Les Magnolias.<br><\/p>\n\n\n\n<p>Il s\u2019agit d\u2019activit\u00e9s payantes et <strong>facultatives<\/strong>.<\/p>\n\n\n\n<p>Un avis sera distribu\u00e9 en d\u00e9but d\u2019ann\u00e9e scolaire via la farde d\u2019avis. Les activit\u00e9s propos\u00e9es et les montants y seront indiqu\u00e9s.<\/p>\n\n\n\n<p>Pour toute question, merci de prendre contact avec les responsables de l\u2019AS.B.L. :<\/p>\n\n\n\n<p class=\"has-text-align-center has-accent-color has-text-color\"><strong><a href=\"mailto:magnolias.sports.culture@gmail.com\">magnolias.sports.culture@gmail.com<\/a><\/strong><\/p>\n\n\n\n<p>L&rsquo;\u00e9cole primaire Les Magnolias propose \u00e9galement des cours d&rsquo;Ouverture aux langues et aux cultures, des parascolaires en n\u00e9erlandais et des cours d&rsquo;informatique pour les \u00e9l\u00e8ves de 5e et de 6e ann\u00e9es. <\/p>\n\n\n\n<p>Depuis octobre 2021, nous avons la chance de collaborer avec l&rsquo;Acad\u00e9mie des Arts de la ville de Bruxelles afin d&rsquo;offrir des cours de th\u00e9\u00e2tre gratuits pour nos \u00e9l\u00e8ves de 3e et 4e ann\u00e9es.  <\/p>\n\n\n\n<p>Ces cous parascolaires sont facultatifs et l&rsquo;inscription se fait via un formulaire distribu\u00e9 dans la farde d&rsquo;avis des \u00e9l\u00e8ves. <\/p>\n\n\n\n<h5 class=\"wp-block-heading\"><mark style=\"background-color:rgba(0, 0, 0, 0)\" class=\"has-inline-color has-accent-color\">Horaires des parascolaires \u00e0 l&rsquo;\u00e9cole primaire Les Magnolias (ann\u00e9e scolaire 2022 &#8211; 2023). <\/mark><\/h5>\n\n\n\n<div class=\"wp-block-file\"><object class=\"wp-block-file__embed\" data=\"http:\/\/ipoweb.bruxelles.be\/primmagnolias\/wp-content\/uploads\/2022\/11\/Recapitulatif-2022-2023.pdf\" type=\"application\/pdf\" style=\"width:100%;height:600px\" aria-label=\"Contenu embarqu\u00e9 R\u00e9capitulatif 2022 2023.\"><\/object><a id=\"wp-block-file--media-fc6111fd-1290-4a93-b733-b823cbb5956b\" href=\"http:\/\/ipoweb.bruxelles.be\/primmagnolias\/wp-content\/uploads\/2022\/11\/Recapitulatif-2022-2023.pdf\">R\u00e9capitulatif 2022 2023<\/a><a href=\"http:\/\/ipoweb.bruxelles.be\/primmagnolias\/wp-content\/uploads\/2022\/11\/Recapitulatif-2022-2023.pdf\" class=\"wp-block-file__button wp-element-button\" download aria-describedby=\"wp-block-file--media-fc6111fd-1290-4a93-b733-b823cbb5956b\">T\u00e9l\u00e9charger<\/a><\/div>\n","protected":false},"excerpt":{"rendered":"<p>Natation Le cours de natation est obligatoire pour tout \u00e9l\u00e8ve depuis les 1\u00e8res jusqu\u2019aux 6\u00e8mes ann\u00e9es. Ce cours est organis\u00e9 au bassin de Laeken. Le cours de natation, inclus dans le programme d\u2019\u00e9ducation physique, est donn\u00e9 par des moniteurs d\u00e9pendant de l\u2019Inspection de l\u2019Education Physique de la Ville de Bruxelles. Votre enfant b\u00e9n\u00e9ficiera de ce&hellip;<\/p>\n","protected":false},"author":1,"featured_media":0,"parent":0,"menu_order":0,"comment_status":"closed","ping_status":"closed","template":"","meta":{"footnotes":""},"_links":{"self":[{"href":"https:\/\/ipoweb.bruxelles.be\/primmagnolias\/wp-json\/wp\/v2\/pages\/101"}],"collection":[{"href":"https:\/\/ipoweb.bruxelles.be\/primmagnolias\/wp-json\/wp\/v2\/pages"}],"about":[{"href":"https:\/\/ipoweb.bruxelles.be\/primmagnolias\/wp-json\/wp\/v2\/types\/page"}],"author":[{"embeddable":true,"href":"https:\/\/ipoweb.bruxelles.be\/primmagnolias\/wp-json\/wp\/v2\/users\/1"}],"replies":[{"embeddable":true,"href":"https:\/\/ipoweb.bruxelles.be\/primmagnolias\/wp-json\/wp\/v2\/comments?post=101"}],"version-history":[{"count":19,"href":"https:\/\/ipoweb.bruxelles.be\/primmagnolias\/wp-json\/wp\/v2\/pages\/101\/revisions"}],"predecessor-version":[{"id":528,"href":"https:\/\/ipoweb.bruxelles.be\/primmagnolias\/wp-json\/wp\/v2\/pages\/101\/revisions\/528"}],"wp:attachment":[{"href":"https:\/\/ipoweb.bruxelles.be\/primmagnolias\/wp-json\/wp\/v2\/media?parent=101"}],"curies":[{"name":"wp","href":"https:\/\/api.w.org\/{rel}","templated":true}]}}