{"id":76,"date":"2020-11-12T11:53:41","date_gmt":"2020-11-12T10:53:41","guid":{"rendered":"http:\/\/ipoweb.bruxelles.be\/primmagnolias\/?page_id=76"},"modified":"2022-11-10T13:40:51","modified_gmt":"2022-11-10T12:40:51","slug":"lecole","status":"publish","type":"page","link":"https:\/\/ipoweb.bruxelles.be\/primmagnolias\/","title":{"rendered":"Notre \u00e9cole"},"content":{"rendered":"\n<div class=\"wp-block-cover alignfull is-light has-parallax\" style=\"min-height:70vh\"><span aria-hidden=\"true\" class=\"wp-block-cover__background has-primary-background-color has-background-dim-30 has-background-dim\"><\/span><div role=\"img\" class=\"wp-block-cover__image-background wp-image-263 has-parallax\" style=\"background-position:50% 50%;background-image:url(http:\/\/ipoweb.bruxelles.be\/primmagnolias\/wp-content\/uploads\/2021\/01\/IMGP2700.jpg)\"><\/div><div class=\"wp-block-cover__inner-container is-layout-flow wp-block-cover-is-layout-flow\">\n<h2 class=\"alignwide has-text-align-center has-background-color has-text-color wp-block-heading\">Install\u00e9e \u00e0 quelques pas de l\u2019Atomium, l\u2019\u00e9cole primaire Les Magnolias offre un cadre verdoyant \u00e0 l\u2019ensemble de ses \u00e9l\u00e8ves, pour un avenir florissant.<\/h2>\n<\/div><\/div>\n\n\n\n<h2 class=\"has-text-align-center wp-block-heading\">Derni\u00e8res nouvelles<\/h2>\n\n\n<ul class=\"wp-block-latest-posts__list has-dates tw-mb-1 is-style-tw-posts-card tw-heading-size-large wp-block-latest-posts\"><li><a class=\"wp-block-latest-posts__post-title\" href=\"https:\/\/ipoweb.bruxelles.be\/primmagnolias\/dernieres-nouvelles-2\/\">Derni\u00e8res nouvelles<\/a><time datetime=\"2024-01-08T12:47:33+01:00\" class=\"wp-block-latest-posts__post-date\">8 janvier 2024<\/time><div class=\"wp-block-latest-posts__post-excerpt\">Pour toute demande d&rsquo;inscription en 1e ann\u00e9e, veuillez vous r\u00e9f\u00e9rer \u00e0 la page \u00ab\u00a0Inscriptions\u00a0\u00bb dans l&rsquo;onglet \u00ab\u00a0Notre \u00e9cole\u00a0\u00bb.<\/div><\/li>\n<\/ul>\n\n\n<div class=\"wp-block-group alignfull is-layout-flow wp-block-group-is-layout-flow\"><div class=\"wp-block-group__inner-container\">\n<p>L\u2019\u00e9cole primaire <strong>Les Magnolias<\/strong> est un \u00e9tablissement primaire de la Ville de Bruxelles.<br>Fond\u00e9 sur des principes de d\u00e9mocratie, de neutralit\u00e9 et de pluralisme, son enseignement appartient au r\u00e9seau officiel subventionn\u00e9 et est accessible \u00e0 tous, sans distinction de genre, d\u2019origine ethnique, de convictions politiques, philosophiques ou religieuses.<\/p>\n\n\n\n<p>Situ\u00e9 dans un cadre verdoyant, l\u2019\u00e9cole dispose d\u2019un b\u00e2timent principal de deux \u00e9tages, de quatre espaces de r\u00e9cr\u00e9ation, d\u2019un pr\u00e9au et de deux gymnases.<\/p>\n\n\n\n<p>Au c\u0153ur de l\u2019\u00e9cole, un vaste jardin accueille un espace potager ainsi qu\u2019un pavillon constitu\u00e9 de six locaux permettant aux \u00e9l\u00e8ves de b\u00e9n\u00e9ficier de cours de rem\u00e9diation.<\/p>\n\n\n\n<p>Un nouveau b\u00e2timent accueille \u00e9galement 6 classes modernes et spacieuses ainsi qu\u2019un vaste r\u00e9fectoire.<\/p>\n\n\n\n<p>Des panneaux solaires sont install\u00e9s depuis janvier 2020 et l\u2019\u00e9quipe met un point d\u2019honneur \u00e0 sensibiliser et \u00e9duquer les \u00e9l\u00e8ves \u00e0 une alimentation saine, au sport et \u00e0 l\u2019\u00e9cologie.<\/p>\n\n\n\n<p>En aout 2022, une fili\u00e8re immersive en n\u00e9erlandais a vu le jour pour les \u00e9l\u00e8ves de 1e ann\u00e9e. <\/p>\n\n\n\n<p>L&rsquo;\u00e9cole primaire Les Magnolias a en effet pour projet de promouvoir le bilinguisme et de faciliter l&rsquo;acc\u00e8s \u00e0 des cours de langue que ce soit gr\u00e2ce \u00e0 la fili\u00e8re immersive ou \u00e0 l&rsquo;organisation de parascolaires en n\u00e9erlandais ou de cours d&rsquo;Ouverture aux Langues et aux Cultures (OLC). <\/p>\n<\/div><\/div>\n\n\n\n<div class=\"wp-block-cover alignfull is-light\" style=\"min-height:500px\"><span aria-hidden=\"true\" class=\"wp-block-cover__background has-background-dim\"><\/span><img decoding=\"async\" loading=\"lazy\" width=\"1440\" height=\"960\" class=\"wp-block-cover__image-background wp-image-263\" alt=\"\" src=\"http:\/\/ipoweb.bruxelles.be\/primmagnolias\/wp-content\/uploads\/2021\/01\/IMGP2700.jpg\" data-object-fit=\"cover\" srcset=\"https:\/\/ipoweb.bruxelles.be\/primmagnolias\/wp-content\/uploads\/2021\/01\/IMGP2700.jpg 1440w, https:\/\/ipoweb.bruxelles.be\/primmagnolias\/wp-content\/uploads\/2021\/01\/IMGP2700-300x200.jpg 300w, https:\/\/ipoweb.bruxelles.be\/primmagnolias\/wp-content\/uploads\/2021\/01\/IMGP2700-1024x683.jpg 1024w, https:\/\/ipoweb.bruxelles.be\/primmagnolias\/wp-content\/uploads\/2021\/01\/IMGP2700-768x512.jpg 768w, https:\/\/ipoweb.bruxelles.be\/primmagnolias\/wp-content\/uploads\/2021\/01\/IMGP2700-1200x800.jpg 1200w\" sizes=\"(max-width: 1440px) 100vw, 1440px\" \/><div class=\"wp-block-cover__inner-container is-layout-flow wp-block-cover-is-layout-flow\">\n<h2 class=\"has-text-align-center wp-block-heading\">Vous souhaitez inscrire votre enfant \u00e0 l\u2019\u00c9cole primaire Les Magnolias ?<\/h2>\n\n\n\n<div class=\"wp-block-buttons is-horizontal is-content-justification-center is-layout-flex wp-container-3 wp-block-buttons-is-layout-flex\">\n<div class=\"wp-block-button\"><a class=\"wp-block-button__link wp-element-button\" href=\"http:\/\/ipoweb.bruxelles.be\/primmagnolias\/inscriptions\/\">proc\u00e9dure d&rsquo;inscription<\/a><\/div>\n<\/div>\n\n\n\n<p><\/p>\n<\/div><\/div>\n","protected":false},"excerpt":{"rendered":"<p>Derni\u00e8res nouvelles L\u2019\u00e9cole primaire Les Magnolias est un \u00e9tablissement primaire de la Ville de Bruxelles.Fond\u00e9 sur des principes de d\u00e9mocratie, de neutralit\u00e9 et de pluralisme, son enseignement appartient au r\u00e9seau officiel subventionn\u00e9 et est accessible \u00e0 tous, sans distinction de genre, d\u2019origine ethnique, de convictions politiques, philosophiques ou religieuses. Situ\u00e9 dans un cadre verdoyant, l\u2019\u00e9cole \u2026 <a href=\"https:\/\/ipoweb.bruxelles.be\/primmagnolias\/\" rel=\"noopener noreferrer\">Read more<\/a><\/p>\n","protected":false},"author":1,"featured_media":0,"parent":0,"menu_order":0,"comment_status":"closed","ping_status":"closed","template":"tw-header-transparent-light.php","meta":{"footnotes":""},"_links":{"self":[{"href":"https:\/\/ipoweb.bruxelles.be\/primmagnolias\/wp-json\/wp\/v2\/pages\/76"}],"collection":[{"href":"https:\/\/ipoweb.bruxelles.be\/primmagnolias\/wp-json\/wp\/v2\/pages"}],"about":[{"href":"https:\/\/ipoweb.bruxelles.be\/primmagnolias\/wp-json\/wp\/v2\/types\/page"}],"author":[{"embeddable":true,"href":"https:\/\/ipoweb.bruxelles.be\/primmagnolias\/wp-json\/wp\/v2\/users\/1"}],"replies":[{"embeddable":true,"href":"https:\/\/ipoweb.bruxelles.be\/primmagnolias\/wp-json\/wp\/v2\/comments?post=76"}],"version-history":[{"count":40,"href":"https:\/\/ipoweb.bruxelles.be\/primmagnolias\/wp-json\/wp\/v2\/pages\/76\/revisions"}],"predecessor-version":[{"id":536,"href":"https:\/\/ipoweb.bruxelles.be\/primmagnolias\/wp-json\/wp\/v2\/pages\/76\/revisions\/536"}],"wp:attachment":[{"href":"https:\/\/ipoweb.bruxelles.be\/primmagnolias\/wp-json\/wp\/v2\/media?parent=76"}],"curies":[{"name":"wp","href":"https:\/\/api.w.org\/{rel}","templated":true}]}}