{"id":91,"date":"2020-11-12T15:36:44","date_gmt":"2020-11-12T14:36:44","guid":{"rendered":"http:\/\/ipoweb.bruxelles.be\/primmagnolias\/?page_id=91"},"modified":"2021-12-24T12:37:19","modified_gmt":"2021-12-24T11:37:19","slug":"horaire","status":"publish","type":"page","link":"https:\/\/ipoweb.bruxelles.be\/primmagnolias\/horaire\/","title":{"rendered":"Horaires"},"content":{"rendered":"\n<div class=\"wp-block-group alignfull is-layout-flow wp-block-group-is-layout-flow\"><div class=\"wp-block-group__inner-container\">\n<figure class=\"wp-block-table\"><table><tbody><tr><td>08:00 &#8211; 08:10<\/td><td>Accueil dans la cour de r\u00e9cr\u00e9ation<\/td><\/tr><tr><td>08:10 &#8211; 08:20<\/td><td>Accueil des \u00e9l\u00e8ves*<\/td><\/tr><tr><td>08:25 &#8211; 09:55<\/td><td>Cours<\/td><\/tr><tr><td>09:55 &#8211; 10:05<\/td><td>Collation**<\/td><\/tr><tr><td>10:05 &#8211; 10:20<\/td><td>R\u00e9cr\u00e9ation<\/td><\/tr><tr><td>10:20 &#8211; 12:00<\/td><td>Cours<\/td><\/tr><tr><td>12:00 &#8211; 13:10<\/td><td>D\u00e9jeuner<\/td><\/tr><tr><td>13:15 &#8211; 15:20<\/td><td>Cours<\/td><\/tr><tr><td>15:25<\/td><td>Sortie des classes<\/td><\/tr><\/tbody><\/table><figcaption>* Les cours d\u00e9butent \u00e0 8h25.<br>** Les \u00e9l\u00e8ves mangent leur collation au calme, en classe afin d\u2019\u00eatre sensibilis\u00e9s \u00e0 une alimentation saine et \u00e0 un traitement responsable des d\u00e9chets.<\/figcaption><\/figure>\n<\/div><\/div>\n\n\n\n<p>Notez que les mercredis, la sortie des classes se fait \u00e0 12h00. Les vendredis, la sortie des classes se fait \u00e0 15h00.<\/p>\n","protected":false},"excerpt":{"rendered":"<p>08:00 &#8211; 08:10 Accueil dans la cour de r\u00e9cr\u00e9ation 08:10 &#8211; 08:20 Accueil des \u00e9l\u00e8ves* 08:25 &#8211; 09:55 Cours 09:55 &#8211; 10:05 Collation** 10:05 &#8211; 10:20 R\u00e9cr\u00e9ation 10:20 &#8211; 12:00 Cours 12:00 &#8211; 13:10 D\u00e9jeuner 13:15 &#8211; 15:20 Cours 15:25 Sortie des classes * Les cours d\u00e9butent \u00e0 8h25.** Les \u00e9l\u00e8ves mangent leur collation au&hellip;<\/p>\n","protected":false},"author":1,"featured_media":0,"parent":0,"menu_order":0,"comment_status":"closed","ping_status":"closed","template":"","meta":{"footnotes":""},"_links":{"self":[{"href":"https:\/\/ipoweb.bruxelles.be\/primmagnolias\/wp-json\/wp\/v2\/pages\/91"}],"collection":[{"href":"https:\/\/ipoweb.bruxelles.be\/primmagnolias\/wp-json\/wp\/v2\/pages"}],"about":[{"href":"https:\/\/ipoweb.bruxelles.be\/primmagnolias\/wp-json\/wp\/v2\/types\/page"}],"author":[{"embeddable":true,"href":"https:\/\/ipoweb.bruxelles.be\/primmagnolias\/wp-json\/wp\/v2\/users\/1"}],"replies":[{"embeddable":true,"href":"https:\/\/ipoweb.bruxelles.be\/primmagnolias\/wp-json\/wp\/v2\/comments?post=91"}],"version-history":[{"count":12,"href":"https:\/\/ipoweb.bruxelles.be\/primmagnolias\/wp-json\/wp\/v2\/pages\/91\/revisions"}],"predecessor-version":[{"id":506,"href":"https:\/\/ipoweb.bruxelles.be\/primmagnolias\/wp-json\/wp\/v2\/pages\/91\/revisions\/506"}],"wp:attachment":[{"href":"https:\/\/ipoweb.bruxelles.be\/primmagnolias\/wp-json\/wp\/v2\/media?parent=91"}],"curies":[{"name":"wp","href":"https:\/\/api.w.org\/{rel}","templated":true}]}}