{"id":97,"date":"2020-11-12T15:37:47","date_gmt":"2020-11-12T14:37:47","guid":{"rendered":"http:\/\/ipoweb.bruxelles.be\/primmagnolias\/?page_id=97"},"modified":"2021-12-24T12:11:54","modified_gmt":"2021-12-24T11:11:54","slug":"accueil-temps-libre-garderie","status":"publish","type":"page","link":"https:\/\/ipoweb.bruxelles.be\/primmagnolias\/accueil-temps-libre-garderie\/","title":{"rendered":"Accueil temps libre (Garderie)"},"content":{"rendered":"\n<p>Un moment d\u2019AT.L. (Accueil Temps Libre anciennement appel\u00e9 \u00ab garderie \u00bb) est organis\u00e9 de 7h00 \u00e0 8h10 et de 15h30 \u00e0 18h00.<\/p>\n\n\n\n<p>Il s\u2019agit d\u2019une garderie payante. Montant par trimestre (trois mois) :<\/p>\n\n\n\n<figure class=\"wp-block-table\"><table><tbody><tr><td class=\"has-text-align-center\" data-align=\"center\">Pour l\u2019ann\u00e9e scolaire 2021 \u2013 2022<\/td><td class=\"has-text-align-center\" data-align=\"center\">1er enfant inscrit dans l\u2019\u00e9cole<\/td><td class=\"has-text-align-center\" data-align=\"center\">2e enfant inscrit dans une \u00e9cole maternelle ou primaire de la Ville de Bruxelles<\/td><\/tr><tr><td class=\"has-text-align-center\" data-align=\"center\">1 prestation le matin<\/td><td class=\"has-text-align-center\" data-align=\"center\">25,00\u20ac<\/td><td class=\"has-text-align-center\" data-align=\"center\">12,50\u20ac<\/td><\/tr><tr><td class=\"has-text-align-center\" data-align=\"center\">1 prestation le midi (si votre enfant mange \u00e0 l\u2019\u00e9cole)<\/td><td class=\"has-text-align-center\" data-align=\"center\">14,50\u20ac <\/td><td class=\"has-text-align-center\" data-align=\"center\">7,25\u20ac<\/td><\/tr><tr><td class=\"has-text-align-center\" data-align=\"center\">1 prestation le soir<\/td><td class=\"has-text-align-center\" data-align=\"center\">25,00\u20ac <\/td><td class=\"has-text-align-center\" data-align=\"center\">12,50\u20ac<\/td><\/tr><tr><td class=\"has-text-align-center\" data-align=\"center\">Mercredi apr\u00e8s-midi<\/td><td class=\"has-text-align-center\" data-align=\"center\">15,50\u20ac<\/td><td class=\"has-text-align-center\" data-align=\"center\">7,75\u20ac<\/td><\/tr><tr><td class=\"has-text-align-center\" data-align=\"center\">Toutes les prestations (matin + midi + soir + mercredi apr\u00e8s-midi)<\/td><td class=\"has-text-align-center\" data-align=\"center\">70,00\u20ac<\/td><td class=\"has-text-align-center\" data-align=\"center\">35\u20ac<\/td><\/tr><\/tbody><\/table><\/figure>\n\n\n\n<p>Les tarifs indiqu\u00e9s ci-dessus sont forfaitaires. Il n\u2019y aura donc pas de remboursement en cas d\u2019absence. Si, en cours d\u2019ann\u00e9e, vous d\u00e9cider de modifier votre inscription, merci d\u2019en aviser le secr\u00e9tariat par mail ou en appelant au 02\/475.45.30.<\/p>\n\n\n\n<p>Notez que les montants indiqu\u00e9s correspondent \u00e0 l&rsquo;ann\u00e9e scolaire en cours. En cas de modification de ces montants, une nouvelle liste des frais scolaires vous sera transmise via la farde d&rsquo;avis. <\/p>\n\n\n\n<p>Un document d\u2019insciption \u00e0 l\u2019A.T.L. est \u00e0 compl\u00e9ter. Vous le trouverez dans la farde d\u2019avis ainsi que sous l\u2019onglet \u00ab Documents \u00bb.<\/p>\n\n\n\n<p>Une facture sera \u00e9mise par le secr\u00e9tariat. Le paiement sera effectu\u00e9 par voie bancaire uniquement sur le compte :<\/p>\n\n\n\n<p class=\"has-text-align-center has-accent-color has-text-color\"><strong>Ecole Primaire Les Magnolias<\/strong><\/p>\n\n\n\n<p class=\"has-text-align-center has-accent-color has-text-color\"><strong>BE 80 0689 3184 5277<\/strong><\/p>\n\n\n\n<p class=\"has-text-align-center\"><strong>Veillez \u00e0 bien mentionner la communication indiqu\u00e9e sur la facture.<\/strong><\/p>\n\n\n\n<p>Les enfants qui arrivent avant 8h00 doivent obligatoirement s\u2019inscrire \u00e0 l\u2019A.T.L.<\/p>\n\n\n\n<p>Les enfants qui quittent l\u2019\u00e9cole seuls apr\u00e8s une activit\u00e9 parascolaire ou l\u2019\u00e9tude doivent imp\u00e9rativement \u00eatre en possession de leur carte de sortie.<\/p>\n","protected":false},"excerpt":{"rendered":"<p>Un moment d\u2019AT.L. (Accueil Temps Libre anciennement appel\u00e9 \u00ab garderie \u00bb) est organis\u00e9 de 7h00 \u00e0 8h10 et de 15h30 \u00e0 18h00. Il s\u2019agit d\u2019une garderie payante. Montant par trimestre (trois mois) : Pour l\u2019ann\u00e9e scolaire 2021 \u2013 2022 1er enfant inscrit dans l\u2019\u00e9cole 2e enfant inscrit dans une \u00e9cole maternelle ou primaire de la&hellip;<\/p>\n","protected":false},"author":1,"featured_media":0,"parent":0,"menu_order":0,"comment_status":"closed","ping_status":"closed","template":"","meta":{"footnotes":""},"_links":{"self":[{"href":"https:\/\/ipoweb.bruxelles.be\/primmagnolias\/wp-json\/wp\/v2\/pages\/97"}],"collection":[{"href":"https:\/\/ipoweb.bruxelles.be\/primmagnolias\/wp-json\/wp\/v2\/pages"}],"about":[{"href":"https:\/\/ipoweb.bruxelles.be\/primmagnolias\/wp-json\/wp\/v2\/types\/page"}],"author":[{"embeddable":true,"href":"https:\/\/ipoweb.bruxelles.be\/primmagnolias\/wp-json\/wp\/v2\/users\/1"}],"replies":[{"embeddable":true,"href":"https:\/\/ipoweb.bruxelles.be\/primmagnolias\/wp-json\/wp\/v2\/comments?post=97"}],"version-history":[{"count":4,"href":"https:\/\/ipoweb.bruxelles.be\/primmagnolias\/wp-json\/wp\/v2\/pages\/97\/revisions"}],"predecessor-version":[{"id":487,"href":"https:\/\/ipoweb.bruxelles.be\/primmagnolias\/wp-json\/wp\/v2\/pages\/97\/revisions\/487"}],"wp:attachment":[{"href":"https:\/\/ipoweb.bruxelles.be\/primmagnolias\/wp-json\/wp\/v2\/media?parent=97"}],"curies":[{"name":"wp","href":"https:\/\/api.w.org\/{rel}","templated":true}]}}