{"id":99,"date":"2020-11-12T15:38:16","date_gmt":"2020-11-12T14:38:16","guid":{"rendered":"http:\/\/ipoweb.bruxelles.be\/primmagnolias\/?page_id=99"},"modified":"2021-02-24T15:22:17","modified_gmt":"2021-02-24T14:22:17","slug":"etude-dirigee-et-soutien-scolaire","status":"publish","type":"page","link":"https:\/\/ipoweb.bruxelles.be\/primmagnolias\/etude-dirigee-et-soutien-scolaire\/","title":{"rendered":"\u00c9tude dirig\u00e9e et soutien scolaire"},"content":{"rendered":"\n<div class=\"wp-block-group alignfull\"><div class=\"wp-block-group__inner-container is-layout-flow wp-block-group-is-layout-flow\">\n<div class=\"wp-block-group alignfull\"><div class=\"wp-block-group__inner-container is-layout-flow wp-block-group-is-layout-flow\">\n<h2 class=\"has-accent-color has-text-color wp-block-heading\">\u00c9tude dirig\u00e9e<\/h2>\n\n\n\n<p>Une \u00e9tude dirig\u00e9e est organis\u00e9e les lundis, mardis et jeudis de 15h30 \u00e0 16h30 uniquement pour les \u00e9l\u00e8ves de 5e et de 6e ann\u00e9es.<\/p>\n\n\n\n<p>Dans le courant du mois de septembre, un formulaire d\u2019inscription sera mis \u00e0 disposition dans la farde d\u2019avis de votre enfant.<\/p>\n\n\n\n<p>L\u2019\u00e9tude dirig\u00e9e ne d\u00e9bute qu\u2019en octobre.<\/p>\n\n\n\n<p>Les \u00e9l\u00e8ves de 1e, 2e, 3e et de 4e inscrits \u00e0 l\u2019A.T.L. ont la possibilit\u00e9 d\u2019y faire leur devoir sous la surveillance des \u00e9ducateurs. Notez qu\u2019il s\u2019agit d\u2019une \u00e9tude surveill\u00e9e et non dirig\u00e9e.<\/p>\n<\/div><\/div>\n\n\n\n<div class=\"wp-block-group alignfull\"><div class=\"wp-block-group__inner-container is-layout-flow wp-block-group-is-layout-flow\">\n<h2 class=\"has-accent-color has-text-color wp-block-heading\">Soutien scolaire<\/h2>\n\n\n\n<p>Des s\u00e9ances de soutien scolaire sont organis\u00e9es pour les \u00e9l\u00e8ves en difficult\u00e9 quelle que soit leur ann\u00e9e d\u2019\u00e9tude.<\/p>\n\n\n\n<p>Il s\u2019agit d\u2019un service payant propos\u00e9 en priorit\u00e9 aux \u00e9l\u00e8ves en difficult\u00e9.<\/p>\n\n\n\n<p>Les tarifs sont indiqu\u00e9s sur le document d\u2019inscription qui vous sera remis via la farde d\u2019avis par l\u2019enseignant de votre enfant (dans le courant du mois de septembre).<\/p>\n\n\n\n<p>Le soutien scolaire ne d\u00e9bute qu\u2019en novembre.<\/p>\n<\/div><\/div>\n<\/div><\/div>\n\n\n\n<p><\/p>\n","protected":false},"excerpt":{"rendered":"<p>\u00c9tude dirig\u00e9e Une \u00e9tude dirig\u00e9e est organis\u00e9e les lundis, mardis et jeudis de 15h30 \u00e0 16h30 uniquement pour les \u00e9l\u00e8ves de 5e et de 6e ann\u00e9es. Dans le courant du mois de septembre, un formulaire d\u2019inscription sera mis \u00e0 disposition dans la farde d\u2019avis de votre enfant. L\u2019\u00e9tude dirig\u00e9e ne d\u00e9bute qu\u2019en octobre. Les \u00e9l\u00e8ves&hellip;<\/p>\n","protected":false},"author":1,"featured_media":0,"parent":0,"menu_order":0,"comment_status":"closed","ping_status":"closed","template":"","meta":{"footnotes":""},"_links":{"self":[{"href":"https:\/\/ipoweb.bruxelles.be\/primmagnolias\/wp-json\/wp\/v2\/pages\/99"}],"collection":[{"href":"https:\/\/ipoweb.bruxelles.be\/primmagnolias\/wp-json\/wp\/v2\/pages"}],"about":[{"href":"https:\/\/ipoweb.bruxelles.be\/primmagnolias\/wp-json\/wp\/v2\/types\/page"}],"author":[{"embeddable":true,"href":"https:\/\/ipoweb.bruxelles.be\/primmagnolias\/wp-json\/wp\/v2\/users\/1"}],"replies":[{"embeddable":true,"href":"https:\/\/ipoweb.bruxelles.be\/primmagnolias\/wp-json\/wp\/v2\/comments?post=99"}],"version-history":[{"count":3,"href":"https:\/\/ipoweb.bruxelles.be\/primmagnolias\/wp-json\/wp\/v2\/pages\/99\/revisions"}],"predecessor-version":[{"id":356,"href":"https:\/\/ipoweb.bruxelles.be\/primmagnolias\/wp-json\/wp\/v2\/pages\/99\/revisions\/356"}],"wp:attachment":[{"href":"https:\/\/ipoweb.bruxelles.be\/primmagnolias\/wp-json\/wp\/v2\/media?parent=99"}],"curies":[{"name":"wp","href":"https:\/\/api.w.org\/{rel}","templated":true}]}}