{"id":1940,"date":"2021-03-15T10:08:25","date_gmt":"2021-03-15T09:08:25","guid":{"rendered":"http:\/\/ipoweb.bruxelles.be\/profdemain\/?page_id=1940"},"modified":"2025-11-19T11:11:10","modified_gmt":"2025-11-19T10:11:10","slug":"seances-dinformations","status":"publish","type":"page","link":"https:\/\/ipoweb.bruxelles.be\/profdemain\/seances-dinformations\/","title":{"rendered":"S\u00e9ances d&rsquo;informations"},"content":{"rendered":"<div class=\"fusion-fullwidth fullwidth-box fusion-builder-row-1 fusion-flex-container nonhundred-percent-fullwidth non-hundred-percent-height-scrolling\" style=\"--awb-border-radius-top-left:0px;--awb-border-radius-top-right:0px;--awb-border-radius-bottom-right:0px;--awb-border-radius-bottom-left:0px;--awb-flex-wrap:wrap;\" ><div class=\"fusion-builder-row fusion-row fusion-flex-align-items-flex-start fusion-flex-justify-content-center fusion-flex-content-wrap\" style=\"max-width:1365px;margin-left: calc(-5% \/ 2 );margin-right: calc(-5% \/ 2 );\"><div class=\"fusion-layout-column fusion_builder_column fusion-builder-column-0 fusion_builder_column_2_3 2_3 fusion-flex-column\" style=\"--awb-bg-size:cover;--awb-width-large:66.666666666667%;--awb-margin-top-large:0px;--awb-spacing-right-large:3.5625%;--awb-margin-bottom-large:20px;--awb-spacing-left-large:3.5625%;--awb-width-medium:66.666666666667%;--awb-order-medium:0;--awb-spacing-right-medium:3.5625%;--awb-spacing-left-medium:3.5625%;--awb-width-small:100%;--awb-order-small:0;--awb-spacing-right-small:2.375%;--awb-spacing-left-small:2.375%;\"><div class=\"fusion-column-wrapper fusion-column-has-shadow fusion-flex-justify-content-flex-start fusion-content-layout-column\"><div class=\"fusion-title title fusion-title-1 fusion-sep-none fusion-title-text fusion-title-size-four\"><h4 class=\"fusion-title-heading title-heading-left\" style=\"margin:0;\"><\/h4><\/div><div class=\"fusion-text fusion-text-1\"><blockquote>\n<p><b>L\u2019ann\u00e9e acad\u00e9mique a d\u00e9j\u00e0 d\u00e9but\u00e9. Les prochaines s\u00e9ances d\u2019information seront fix\u00e9es ult\u00e9rieurement. N\u2019h\u00e9sitez pas \u00e0 nous contacter via <a href=\"mailto:profdemain@actiris.be\">profdemain@<u>actiris<\/u>.be<\/a><\/b><\/p>\n<\/blockquote>\n<\/div><div class=\"fusion-text fusion-text-2\"><\/div><div class=\"fusion-text fusion-text-3\"><\/div><\/div><\/div><\/div><\/div>\n","protected":false},"excerpt":{"rendered":"","protected":false},"author":1,"featured_media":0,"parent":0,"menu_order":0,"comment_status":"closed","ping_status":"closed","template":"","meta":{"footnotes":""},"_links":{"self":[{"href":"https:\/\/ipoweb.bruxelles.be\/profdemain\/wp-json\/wp\/v2\/pages\/1940"}],"collection":[{"href":"https:\/\/ipoweb.bruxelles.be\/profdemain\/wp-json\/wp\/v2\/pages"}],"about":[{"href":"https:\/\/ipoweb.bruxelles.be\/profdemain\/wp-json\/wp\/v2\/types\/page"}],"author":[{"embeddable":true,"href":"https:\/\/ipoweb.bruxelles.be\/profdemain\/wp-json\/wp\/v2\/users\/1"}],"replies":[{"embeddable":true,"href":"https:\/\/ipoweb.bruxelles.be\/profdemain\/wp-json\/wp\/v2\/comments?post=1940"}],"version-history":[{"count":24,"href":"https:\/\/ipoweb.bruxelles.be\/profdemain\/wp-json\/wp\/v2\/pages\/1940\/revisions"}],"predecessor-version":[{"id":2354,"href":"https:\/\/ipoweb.bruxelles.be\/profdemain\/wp-json\/wp\/v2\/pages\/1940\/revisions\/2354"}],"wp:attachment":[{"href":"https:\/\/ipoweb.bruxelles.be\/profdemain\/wp-json\/wp\/v2\/media?parent=1940"}],"curies":[{"name":"wp","href":"https:\/\/api.w.org\/{rel}","templated":true}]}}