{"id":1942,"date":"2021-03-15T10:08:37","date_gmt":"2021-03-15T09:08:37","guid":{"rendered":"http:\/\/ipoweb.bruxelles.be\/profdemain\/?page_id=1942"},"modified":"2025-11-19T11:19:06","modified_gmt":"2025-11-19T10:19:06","slug":"horaires","status":"publish","type":"page","link":"https:\/\/ipoweb.bruxelles.be\/profdemain\/horaires\/","title":{"rendered":"Horaires"},"content":{"rendered":"<p><div class=\"fusion-fullwidth fullwidth-box fusion-builder-row-1 fusion-flex-container nonhundred-percent-fullwidth non-hundred-percent-height-scrolling\" style=\"--awb-border-radius-top-left:0px;--awb-border-radius-top-right:0px;--awb-border-radius-bottom-right:0px;--awb-border-radius-bottom-left:0px;--awb-flex-wrap:wrap;\" ><div class=\"fusion-builder-row fusion-row fusion-flex-align-items-flex-start fusion-flex-justify-content-center fusion-flex-content-wrap\" style=\"max-width:1365px;margin-left: calc(-5% \/ 2 );margin-right: calc(-5% \/ 2 );\"><div class=\"fusion-layout-column fusion_builder_column fusion-builder-column-0 fusion_builder_column_3_4 3_4 fusion-flex-column\" style=\"--awb-bg-size:cover;--awb-width-large:75%;--awb-margin-top-large:0px;--awb-spacing-right-large:3.1666666666667%;--awb-margin-bottom-large:20px;--awb-spacing-left-large:3.1666666666667%;--awb-width-medium:75%;--awb-order-medium:0;--awb-spacing-right-medium:3.1666666666667%;--awb-spacing-left-medium:3.1666666666667%;--awb-width-small:100%;--awb-order-small:0;--awb-spacing-right-small:2.375%;--awb-spacing-left-small:2.375%;\"><div class=\"fusion-column-wrapper fusion-column-has-shadow fusion-flex-justify-content-flex-start fusion-content-layout-column\"><div class=\"fusion-text fusion-text-1\"><p>La Haute \u00c9cole Francisco Ferrer (HEFF) propose un cursus <strong>en horaire adapt\u00e9<\/strong> pour celles et ceux qui souhaitent (r\u00e9)orienter leur carri\u00e8re professionnelle vers l\u2019enseignement.<\/p>\n<p>Pour l&rsquo;ann\u00e9e acad\u00e9mique en cours, les formations suivantes sont propos\u00e9es en horaire adapt\u00e9 :<\/p>\n<ul>\n<li>Master en enseignement section 3 &#8211; Sciences ;<\/li>\n<li>Master en enseignement section 3 &#8211; Fran\u00e7ais, fran\u00e7ais langue \u00e9trang\u00e8re et fran\u00e7ais langue d&rsquo;apprentissage ;<\/li>\n<li>Master en enseignement section 3 &#8211; Langues germaniques.\n<\/p>\n<\/li>\n<\/ul>\n<\/div>\n<div class=\"table-1\">\n<table style=\"height: 151px;\" width=\"946\">\n<thead><\/thead>\n<tbody>\n<tr>\n<td align=\"left\"><strong>Lundi<\/strong><\/td>\n<td align=\"left\">&nbsp;Entre 8h et 18h<br \/>\n<em>journ\u00e9e cours de p\u00e9dagogie, stage, formation pratique<\/em><\/td>\n<\/tr>\n<tr>\n<td align=\"left\"><strong>Mardi, Mercredi et Jeudi<\/strong><\/td>\n<td align=\"left\">De 17h30 \u00e0 21h30<\/td>\n<\/tr>\n<tr>\n<td align=\"left\"><strong>Samedi<\/strong><\/td>\n<td align=\"left\">De 9h \u00e0 13h<\/td>\n<\/tr>\n<\/tbody>\n<\/table>\n<\/div>\n<\/div><\/div><\/div><\/div><div class=\"fusion-fullwidth fullwidth-box fusion-builder-row-2 fusion-flex-container nonhundred-percent-fullwidth non-hundred-percent-height-scrolling\" style=\"--awb-border-radius-top-left:0px;--awb-border-radius-top-right:0px;--awb-border-radius-bottom-right:0px;--awb-border-radius-bottom-left:0px;--awb-flex-wrap:wrap;\" ><div class=\"fusion-builder-row fusion-row fusion-flex-align-items-flex-start fusion-flex-justify-content-center fusion-flex-content-wrap\" style=\"max-width:1365px;margin-left: calc(-5% \/ 2 );margin-right: calc(-5% \/ 2 );\"><div class=\"fusion-layout-column fusion_builder_column fusion-builder-column-1 fusion_builder_column_3_4 3_4 fusion-flex-column\" style=\"--awb-bg-size:cover;--awb-width-large:75%;--awb-margin-top-large:0px;--awb-spacing-right-large:3.1666666666667%;--awb-margin-bottom-large:20px;--awb-spacing-left-large:3.1666666666667%;--awb-width-medium:75%;--awb-order-medium:0;--awb-spacing-right-medium:3.1666666666667%;--awb-spacing-left-medium:3.1666666666667%;--awb-width-small:100%;--awb-order-small:0;--awb-spacing-right-small:2.375%;--awb-spacing-left-small:2.375%;\"><div class=\"fusion-column-wrapper fusion-column-has-shadow fusion-flex-justify-content-flex-start fusion-content-layout-column\"><div class=\"fusion-text fusion-text-2\"><p>La pr\u00e9sence aux cours est n\u00e9cessaire et vivement conseill\u00e9e puisque la formation veille \u00e0 articuler th\u00e9orie et pratique professionnelle. De plus, certaines activit\u00e9s requi\u00e8rent une pr\u00e9sence obligatoire (stage, ateliers de formation pratique). Notez que les stages sont pr\u00e9vus sur plusieurs jours d\u2019affil\u00e9s, il faut pouvoir se lib\u00e9rer pour les stages dont les d\u00e9tails d&rsquo;organisation peuvent \u00eatre donn\u00e9s par le secr\u00e9tariat du d\u00e9partement p\u00e9dagogique<i>.<\/i><\/p>\n<p>Selon le dossier du candidat\u00a0 et de son parcours professionnel, celui-ci pourra obtenir des dispenses acad\u00e9miques et\/ou\u00a0la\u00a0valorisation\u00a0des comp\u00e9tences acquises par une exp\u00e9rience personnelle et\/ou professionnelle.<\/p>\n<p>La Ville de Bruxelles propose d\u2019engager les candidat.e.s <u>\u00e0 temps partiel<\/u> et fera de son mieux pour am\u00e9nager les horaires de travail en fonction du cursus du candidat \u00e0 la HEFF.<\/p>\n<\/div><\/div><\/div><\/div><\/div><\/p>\n","protected":false},"excerpt":{"rendered":"","protected":false},"author":1,"featured_media":0,"parent":0,"menu_order":0,"comment_status":"closed","ping_status":"closed","template":"","meta":{"footnotes":""},"_links":{"self":[{"href":"https:\/\/ipoweb.bruxelles.be\/profdemain\/wp-json\/wp\/v2\/pages\/1942"}],"collection":[{"href":"https:\/\/ipoweb.bruxelles.be\/profdemain\/wp-json\/wp\/v2\/pages"}],"about":[{"href":"https:\/\/ipoweb.bruxelles.be\/profdemain\/wp-json\/wp\/v2\/types\/page"}],"author":[{"embeddable":true,"href":"https:\/\/ipoweb.bruxelles.be\/profdemain\/wp-json\/wp\/v2\/users\/1"}],"replies":[{"embeddable":true,"href":"https:\/\/ipoweb.bruxelles.be\/profdemain\/wp-json\/wp\/v2\/comments?post=1942"}],"version-history":[{"count":23,"href":"https:\/\/ipoweb.bruxelles.be\/profdemain\/wp-json\/wp\/v2\/pages\/1942\/revisions"}],"predecessor-version":[{"id":2359,"href":"https:\/\/ipoweb.bruxelles.be\/profdemain\/wp-json\/wp\/v2\/pages\/1942\/revisions\/2359"}],"wp:attachment":[{"href":"https:\/\/ipoweb.bruxelles.be\/profdemain\/wp-json\/wp\/v2\/media?parent=1942"}],"curies":[{"name":"wp","href":"https:\/\/api.w.org\/{rel}","templated":true}]}}