{"id":1944,"date":"2021-03-15T10:08:55","date_gmt":"2021-03-15T09:08:55","guid":{"rendered":"http:\/\/ipoweb.bruxelles.be\/profdemain\/?page_id=1944"},"modified":"2025-11-19T11:16:34","modified_gmt":"2025-11-19T10:16:34","slug":"modalites-dinscription","status":"publish","type":"page","link":"https:\/\/ipoweb.bruxelles.be\/profdemain\/modalites-dinscription\/","title":{"rendered":"Postulez !"},"content":{"rendered":"<p><div class=\"fusion-fullwidth fullwidth-box fusion-builder-row-1 fusion-flex-container nonhundred-percent-fullwidth non-hundred-percent-height-scrolling\" style=\"--awb-border-radius-top-left:0px;--awb-border-radius-top-right:0px;--awb-border-radius-bottom-right:0px;--awb-border-radius-bottom-left:0px;--awb-flex-wrap:wrap;\" ><div class=\"fusion-builder-row fusion-row fusion-flex-align-items-flex-start fusion-flex-justify-content-center fusion-flex-content-wrap\" style=\"max-width:1365px;margin-left: calc(-5% \/ 2 );margin-right: calc(-5% \/ 2 );\"><div class=\"fusion-layout-column fusion_builder_column fusion-builder-column-0 fusion_builder_column_2_3 2_3 fusion-flex-column\" style=\"--awb-bg-size:cover;--awb-width-large:66.666666666667%;--awb-margin-top-large:0px;--awb-spacing-right-large:3.5625%;--awb-margin-bottom-large:20px;--awb-spacing-left-large:3.5625%;--awb-width-medium:66.666666666667%;--awb-order-medium:0;--awb-spacing-right-medium:3.5625%;--awb-spacing-left-medium:3.5625%;--awb-width-small:100%;--awb-order-small:0;--awb-spacing-right-small:2.375%;--awb-spacing-left-small:2.375%;\"><div class=\"fusion-column-wrapper fusion-column-has-shadow fusion-flex-justify-content-flex-start fusion-content-layout-column\"><div class=\"fusion-text fusion-text-1\"><h6 class=\"title-heading-left\">Vous \u00eates int\u00e9ress\u00e9 par le projet ? Vous souhaitez d\u00e9poser votre candidature ? Nous vous conseillons vivement d\u2019assister \u00e0 une de nos s\u00e9ances d\u2019informations.<\/h6>\n<\/div><div class=\"fusion-text fusion-text-2\"><p>Pour postuler, vous devez \u00eatre en possession :<\/p>\n<ul>\n<li style=\"list-style-type: none;\">\n<ul>\n<li>de votre Certificat d\u2019Enseignement Secondaire Sup\u00e9rieur (CESS)\u202f;<\/li>\n<li>si vous en avez un, votre dipl\u00f4me d\u2019enseignement sup\u00e9rieur et si n\u00e9cessaire une \u00e9quivalence (Reconnue par la F\u00e9d\u00e9ration Wallonie-Bruxelles anciennement Communaut\u00e9 fran\u00e7aise).<\/li>\n<\/ul>\n<\/li>\n<\/ul>\n<p><strong>Le minerval des \u00e9tudes<\/strong> \u00e0 la Haute Ecole Francisco Ferrer (HEFF) est pris en charge par Bruxelles formation uniquement si :<\/p>\n<ul>\n<li style=\"list-style-type: none;\">\n<ul>\n<li style=\"list-style-type: none;\">\n<ul>\n<li style=\"list-style-type: none;\">\n<ul>\n<li style=\"list-style-type: none;\">\n<ul>\n<li>le\/la candidat.e est engag\u00e9.e par la Ville de Bruxelles dans le cadre du projet prof demain ;<\/li>\n<li>le\/la candidat.e doit s\u2019inscrire \u00e0 une des formation en horaire adapt\u00e9 de la Haut\u00e9 Ecole Francisco Ferrer (Langues germaniques, Fran\u00e7ais, Science ou Math\u00e9matiques) <strong>lire ci-dessous pour en savoir plus sur les modalit\u00e9s d\u2019inscriptions<\/strong> ;<\/li>\n<li>qu\u2019il\/elle est en possession du document A15 (preuve de l\u2019inscription comme chercheur d\u2019emploi) ;<\/li>\n<li>le\/la candidat.e r\u00e9side dans la R\u00e9gion de Bruxelles-Capitale.<\/li>\n<\/ul>\n<\/li>\n<\/ul>\n<\/li>\n<\/ul>\n<\/li>\n<\/ul>\n<\/li>\n<\/ul>\n<blockquote>\n<p><em>Tous les profils seront analys\u00e9s.<\/em><em><br \/>\nPour postuler, envoyez votre CV et lettre de motivation \u00e0 l&rsquo;adresse <a href=\"mailto:profdemain@actiris.be\">profdemain@actiris.be<\/a>.<br \/>\nContactez \u00e9galement l&rsquo;adresse <\/em><em><a href=\"mailto:profdemain@actiris.be\">profdemain@actiris.be<\/a><\/em> <em>pour vous inscrire \u00e0 une des s\u00e9ances d&rsquo;informations<\/em>.<\/p>\n<\/blockquote>\n<\/div><\/div><\/div><\/div><\/div><div class=\"fusion-fullwidth fullwidth-box fusion-builder-row-2 fusion-flex-container nonhundred-percent-fullwidth non-hundred-percent-height-scrolling\" style=\"--awb-border-radius-top-left:0px;--awb-border-radius-top-right:0px;--awb-border-radius-bottom-right:0px;--awb-border-radius-bottom-left:0px;--awb-flex-wrap:wrap;\" ><div class=\"fusion-builder-row fusion-row fusion-flex-align-items-flex-start fusion-flex-justify-content-center fusion-flex-content-wrap\" style=\"max-width:1365px;margin-left: calc(-5% \/ 2 );margin-right: calc(-5% \/ 2 );\"><div class=\"fusion-layout-column fusion_builder_column fusion-builder-column-1 fusion_builder_column_3_4 3_4 fusion-flex-column\" style=\"--awb-bg-size:cover;--awb-width-large:75%;--awb-margin-top-large:0px;--awb-spacing-right-large:3.1666666666667%;--awb-margin-bottom-large:20px;--awb-spacing-left-large:3.1666666666667%;--awb-width-medium:75%;--awb-order-medium:0;--awb-spacing-right-medium:3.1666666666667%;--awb-spacing-left-medium:3.1666666666667%;--awb-width-small:100%;--awb-order-small:0;--awb-spacing-right-small:2.375%;--awb-spacing-left-small:2.375%;\"><div class=\"fusion-column-wrapper fusion-column-has-shadow fusion-flex-justify-content-flex-start fusion-content-layout-column\"><div class=\"fusion-text fusion-text-3\"><h4>Je souhaite m&rsquo;inscrire \u00e0 la Haute \u00c9cole Francisco Ferrer :<\/h4>\n<\/div><div class=\"fusion-text fusion-text-4\"><p><strong>Quels sont les documents \u00e0 fournir pour m\u2019inscrire \u00e0 la HEFF\u00a0? <\/strong><\/p>\n<p>&nbsp;<\/p>\n<p>Pour un \u00e9tudiant finan\u00e7able (voir<a href=\"https:\/\/www.he-ferrer.eu\/vie-etudiante\/inscriptions\" target=\"_blank\" rel=\"noopener\"> conditions de finan\u00e7abilit\u00e9<\/a>), voici les documents \u00e0 fournir :<\/p>\n<ul>\n<li>Copie recto\/verso de la carte d\u2019identit\u00e9 en cours de validit\u00e9<\/li>\n<li>Formule d\u00e9finitive du CESS ou de votre dipl\u00f4me de fin de secondaire \u00e9tranger<\/li>\n<li>Si vous avez obtenu votre dipl\u00f4me \u00e0 l\u2019\u00e9tranger : l\u2019\u00e9quivalence de votre dipl\u00f4me ou l\u2019avis<\/li>\n<li>Si vous avez introduit une demande de bourse : l\u2019attestation de la F\u00e9d\u00e9ration Wallonie-Bruxelles<\/li>\n<li>Tous les justificatifs de votre parcours durant les 5 derni\u00e8res ann\u00e9es<\/li>\n<li>Si vous avez obtenu un dipl\u00f4me au cours des 5 derni\u00e8res ann\u00e9es acad\u00e9miques : le dipl\u00f4me concern\u00e9<\/li>\n<li>Si vous avez obtenu votre dipl\u00f4me de fin d\u2019humanit\u00e9 avant l\u2019ann\u00e9e acad\u00e9mique 2015-2016 : un curriculum vitae de vos activit\u00e9s depuis l\u2019obtention de ce dernier.<\/li>\n<\/ul>\n<\/div><div class=\"fusion-text fusion-text-5\"><blockquote>\n<p>Pour m&rsquo;inscrire \u00e0 la Haute \u00c9cole Francisco Ferrer, j&rsquo;envoie un mail \u00e0 l&rsquo;adresse suivante : <a href=\"mailto:profdemain@he-ferrer.eu\" target=\"_blank\" rel=\"noopener noreferrer\" data-auth=\"NotApplicable\" data-linkindex=\"0\">profdemain@he-ferrer.eu<\/a> tout en pr\u00e9cisant le cursus pour lequel je souhaite m&rsquo;inscrire.<\/p>\n<\/blockquote>\n<\/div><\/div><\/div><\/div><\/div><\/p>\n","protected":false},"excerpt":{"rendered":"","protected":false},"author":1,"featured_media":0,"parent":0,"menu_order":0,"comment_status":"closed","ping_status":"closed","template":"","meta":{"footnotes":""},"_links":{"self":[{"href":"https:\/\/ipoweb.bruxelles.be\/profdemain\/wp-json\/wp\/v2\/pages\/1944"}],"collection":[{"href":"https:\/\/ipoweb.bruxelles.be\/profdemain\/wp-json\/wp\/v2\/pages"}],"about":[{"href":"https:\/\/ipoweb.bruxelles.be\/profdemain\/wp-json\/wp\/v2\/types\/page"}],"author":[{"embeddable":true,"href":"https:\/\/ipoweb.bruxelles.be\/profdemain\/wp-json\/wp\/v2\/users\/1"}],"replies":[{"embeddable":true,"href":"https:\/\/ipoweb.bruxelles.be\/profdemain\/wp-json\/wp\/v2\/comments?post=1944"}],"version-history":[{"count":25,"href":"https:\/\/ipoweb.bruxelles.be\/profdemain\/wp-json\/wp\/v2\/pages\/1944\/revisions"}],"predecessor-version":[{"id":2358,"href":"https:\/\/ipoweb.bruxelles.be\/profdemain\/wp-json\/wp\/v2\/pages\/1944\/revisions\/2358"}],"wp:attachment":[{"href":"https:\/\/ipoweb.bruxelles.be\/profdemain\/wp-json\/wp\/v2\/media?parent=1944"}],"curies":[{"name":"wp","href":"https:\/\/api.w.org\/{rel}","templated":true}]}}