{"id":1946,"date":"2021-03-15T10:09:17","date_gmt":"2021-03-15T09:09:17","guid":{"rendered":"http:\/\/ipoweb.bruxelles.be\/profdemain\/?page_id=1946"},"modified":"2021-04-26T17:28:38","modified_gmt":"2021-04-26T15:28:38","slug":"travailler-a-la-ville-de-bruxelles","status":"publish","type":"page","link":"https:\/\/ipoweb.bruxelles.be\/profdemain\/travailler-a-la-ville-de-bruxelles\/","title":{"rendered":"Travailler \u00e0 la Ville de Bruxelles"},"content":{"rendered":"<div class=\"fusion-fullwidth fullwidth-box fusion-builder-row-1 fusion-flex-container nonhundred-percent-fullwidth non-hundred-percent-height-scrolling\" style=\"--awb-border-radius-top-left:0px;--awb-border-radius-top-right:0px;--awb-border-radius-bottom-right:0px;--awb-border-radius-bottom-left:0px;--awb-padding-top:1vw;--awb-flex-wrap:wrap;\" ><div class=\"fusion-builder-row fusion-row fusion-flex-align-items-flex-start fusion-flex-content-wrap\" style=\"max-width:1365px;margin-left: calc(-5% \/ 2 );margin-right: calc(-5% \/ 2 );\"><div class=\"fusion-layout-column fusion_builder_column fusion-builder-column-0 fusion_builder_column_1_3 1_3 fusion-flex-column\" style=\"--awb-bg-size:cover;--awb-width-large:33.333333333333%;--awb-margin-top-large:0px;--awb-spacing-right-large:5.7%;--awb-margin-bottom-large:0px;--awb-spacing-left-large:7.125%;--awb-width-medium:33.333333333333%;--awb-order-medium:0;--awb-spacing-right-medium:5.7%;--awb-spacing-left-medium:7.125%;--awb-width-small:100%;--awb-order-small:0;--awb-spacing-right-small:2.375%;--awb-spacing-left-small:2.375%;\"><div class=\"fusion-column-wrapper fusion-column-has-shadow fusion-flex-justify-content-flex-start fusion-content-layout-column\"><div class=\"fusion-title title fusion-title-1 fusion-sep-none fusion-title-text fusion-title-size-four\"><h4 class=\"fusion-title-heading title-heading-left\" style=\"margin:0;line-height:1.3em;\">En tant que pouvoir organisateur autonome, la Ville de Bruxelles \u00e9tend son action \u00e9ducative aux enseignements maternel, primaire, secondaire, sup\u00e9rieur, de promotion sociale et artistique \u00e0 horaire r\u00e9duit.<\/h4><\/div><\/div><\/div><div class=\"fusion-layout-column fusion_builder_column fusion-builder-column-1 fusion_builder_column_1_3 1_3 fusion-flex-column\" style=\"--awb-padding-top:10px;--awb-bg-size:cover;--awb-width-large:33.333333333333%;--awb-margin-top-large:0px;--awb-spacing-right-large:5.7%;--awb-margin-bottom-large:0px;--awb-spacing-left-large:5.7%;--awb-width-medium:33.333333333333%;--awb-spacing-right-medium:5.7%;--awb-spacing-left-medium:5.7%;--awb-width-small:100%;--awb-spacing-right-small:2.375%;--awb-spacing-left-small:2.375%;\"><div class=\"fusion-column-wrapper fusion-flex-justify-content-flex-start fusion-content-layout-column\"><div class=\"fusion-text fusion-text-1\"><p>En parall\u00e8le, l&rsquo;Instruction publique de la Ville rassemble un vaste r\u00e9seau de biblioth\u00e8ques publiques ou sp\u00e9cialis\u00e9es, plusieurs Centres P.M.S. et un ensemble de Centres de Sant\u00e9.<\/p>\n<\/div><div class=\"fusion-text fusion-text-2\"><p>La Ville de Bruxelles est un des plus grands pouvoirs organisateurs de Belgique, ce qui lui permet d&rsquo;offrir une carri\u00e8re stable et durable \u00e0 ses employ\u00e9s.<\/p>\n<\/div><\/div><\/div><div class=\"fusion-layout-column fusion_builder_column fusion-builder-column-2 fusion_builder_column_1_3 1_3 fusion-flex-column\" style=\"--awb-padding-top:10px;--awb-bg-size:cover;--awb-width-large:33.333333333333%;--awb-margin-top-large:0px;--awb-spacing-right-large:7.125%;--awb-margin-bottom-large:0px;--awb-spacing-left-large:5.7%;--awb-width-medium:33.333333333333%;--awb-order-medium:0;--awb-spacing-right-medium:7.125%;--awb-spacing-left-medium:5.7%;--awb-width-small:100%;--awb-order-small:0;--awb-spacing-right-small:2.375%;--awb-spacing-left-small:2.375%;\"><div class=\"fusion-column-wrapper fusion-column-has-shadow fusion-flex-justify-content-flex-start fusion-content-layout-column\"><div class=\"fusion-text fusion-text-3\"><p>Les avantages que la Ville offre \u00e0 ses employ\u00e9s sont nombreux, entre autres :<\/p>\n<ul>\n<li style=\"list-style-type: none;\">\n<ul>\n<li>Prise en charge de l&rsquo;enti\u00e8ret\u00e9 des frais de d\u00e9placement ;<\/li>\n<li>Co\u00fbts r\u00e9duits dans la prise en charge des frais m\u00e9dicaux dans plusieurs h\u00f4pitaux bruxellois (Iris) ;<\/li>\n<li>Avantages li\u00e9s \u00e0 la carte prof (<a href=\"http:\/\/carteprof.be\/\">http:\/\/carteprof.be\/<\/a> )\u00a0;<\/li>\n<li>La Ville de Bruxelles, par l\u2019interm\u00e9diaire de SoBru, offre une large gamme d\u2019avantages \u00e0 ses b\u00e9n\u00e9ficiaires, dont fait partie le personnel de la Ville de Bruxelles. Avantages commerciaux, excursions \u00e0 prix r\u00e9duit, une panoplie de primes et interventions dont des ch\u00e8ques cadeaux\u2026 ;<\/li>\n<li>Mise en place d&rsquo;un accompagnement personnalis\u00e9 d&rsquo;un point de vue p\u00e9dagogique, statutaire et personnel des jeunes enseignant.e.s.<\/li>\n<\/ul>\n<\/li>\n<\/ul>\n<\/div><div ><a class=\"fusion-button button-flat fusion-button-default-size button-custom fusion-button-default button-1 fusion-button-default-span fusion-button-default-type fusion-has-button-gradient\" style=\"--button_accent_color:#ffffff;--button_border_color:#ce3130;--button_accent_hover_color:#ce3130;--button_border_hover_color:#ce3130;--button_border_width-top:1px;--button_border_width-right:1px;--button_border_width-bottom:1px;--button_border_width-left:1px;--button_gradient_top_color:#ce3130;--button_gradient_bottom_color:#e53434;--button_gradient_top_color_hover:#ffffff;--button_gradient_bottom_color_hover:#ffffff;\" target=\"_self\" href=\"https:\/\/instructionpublique.bruxelles.be\/fr\"><i class=\"fa-angle-right fas button-icon-left\" aria-hidden=\"true\"><\/i><span class=\"fusion-button-text\">Pour en savoir plus sur le d\u00e9partement et ses \u00e9coles <\/span><\/a><\/div><\/div><\/div><\/div><\/div>\n","protected":false},"excerpt":{"rendered":"","protected":false},"author":1,"featured_media":0,"parent":0,"menu_order":0,"comment_status":"closed","ping_status":"closed","template":"100-width.php","meta":{"footnotes":""},"_links":{"self":[{"href":"https:\/\/ipoweb.bruxelles.be\/profdemain\/wp-json\/wp\/v2\/pages\/1946"}],"collection":[{"href":"https:\/\/ipoweb.bruxelles.be\/profdemain\/wp-json\/wp\/v2\/pages"}],"about":[{"href":"https:\/\/ipoweb.bruxelles.be\/profdemain\/wp-json\/wp\/v2\/types\/page"}],"author":[{"embeddable":true,"href":"https:\/\/ipoweb.bruxelles.be\/profdemain\/wp-json\/wp\/v2\/users\/1"}],"replies":[{"embeddable":true,"href":"https:\/\/ipoweb.bruxelles.be\/profdemain\/wp-json\/wp\/v2\/comments?post=1946"}],"version-history":[{"count":10,"href":"https:\/\/ipoweb.bruxelles.be\/profdemain\/wp-json\/wp\/v2\/pages\/1946\/revisions"}],"predecessor-version":[{"id":2282,"href":"https:\/\/ipoweb.bruxelles.be\/profdemain\/wp-json\/wp\/v2\/pages\/1946\/revisions\/2282"}],"wp:attachment":[{"href":"https:\/\/ipoweb.bruxelles.be\/profdemain\/wp-json\/wp\/v2\/media?parent=1946"}],"curies":[{"name":"wp","href":"https:\/\/api.w.org\/{rel}","templated":true}]}}