{"id":1948,"date":"2021-03-15T10:09:29","date_gmt":"2021-03-15T09:09:29","guid":{"rendered":"http:\/\/ipoweb.bruxelles.be\/profdemain\/?page_id=1948"},"modified":"2022-07-06T16:06:32","modified_gmt":"2022-07-06T14:06:32","slug":"profils-recherches","status":"publish","type":"page","link":"https:\/\/ipoweb.bruxelles.be\/profdemain\/profils-recherches\/","title":{"rendered":"Profils recherch\u00e9s"},"content":{"rendered":"<p><div class=\"fusion-fullwidth fullwidth-box fusion-builder-row-1 fusion-flex-container nonhundred-percent-fullwidth non-hundred-percent-height-scrolling\" style=\"--awb-border-radius-top-left:0px;--awb-border-radius-top-right:0px;--awb-border-radius-bottom-right:0px;--awb-border-radius-bottom-left:0px;--awb-flex-wrap:wrap;\" ><div class=\"fusion-builder-row fusion-row fusion-flex-align-items-flex-start fusion-flex-content-wrap\" style=\"max-width:1365px;margin-left: calc(-5% \/ 2 );margin-right: calc(-5% \/ 2 );\"><div class=\"fusion-layout-column fusion_builder_column fusion-builder-column-0 fusion_builder_column_1_1 1_1 fusion-flex-column\" style=\"--awb-bg-size:cover;--awb-width-large:100%;--awb-margin-top-large:0px;--awb-spacing-right-large:2.375%;--awb-margin-bottom-large:20px;--awb-spacing-left-large:2.375%;--awb-width-medium:100%;--awb-order-medium:0;--awb-spacing-right-medium:2.375%;--awb-spacing-left-medium:2.375%;--awb-width-small:100%;--awb-order-small:0;--awb-spacing-right-small:2.375%;--awb-spacing-left-small:2.375%;\"><div class=\"fusion-column-wrapper fusion-column-has-shadow fusion-flex-justify-content-flex-start fusion-content-layout-column\"><div class=\"fusion-title title fusion-title-1 fusion-sep-none fusion-title-text fusion-title-size-four\"><h4 class=\"fusion-title-heading title-heading-left\" style=\"margin:0;\">Vous d\u00e9sirez r\u00e9orienter votre carri\u00e8re et d\u2019exp\u00e9rience dans les domaines recherch\u00e9s (langues germaniques, fran\u00e7ais, math\u00e9matiques, sciences) ou dans le domaine p\u00e9dagogique ?<\/h4><\/div><div class=\"fusion-text fusion-text-1\" style=\"--awb-text-color:#ce3130;\"><p style=\"text-align: center;\"><em>Le d\u00e9partement Instruction publique de la Ville de Bruxelles est \u00e0 la recherche de plusieurs <span lang=\"FR\">candidat.e.s enseignant.e.s.\u00a0<\/span><\/em><\/p>\n<\/div><\/div><\/div><\/div><\/div><div class=\"fusion-fullwidth fullwidth-box fusion-builder-row-2 fusion-flex-container nonhundred-percent-fullwidth non-hundred-percent-height-scrolling\" style=\"--awb-border-sizes-top:0;--awb-border-sizes-bottom:0;--awb-border-sizes-left:0;--awb-border-sizes-right:0;--awb-border-radius-top-left:0px;--awb-border-radius-top-right:0px;--awb-border-radius-bottom-right:0px;--awb-border-radius-bottom-left:0px;--awb-padding-top:15px;--awb-padding-right:15px;--awb-padding-bottom:15px;--awb-padding-left:15px;--awb-margin-top:5%;--awb-margin-bottom:5%;--awb-flex-wrap:wrap;\" ><div class=\"fusion-builder-row fusion-row fusion-flex-align-items-flex-start fusion-flex-justify-content-center fusion-flex-content-wrap\" style=\"max-width:1365px;margin-left: calc(-5% \/ 2 );margin-right: calc(-5% \/ 2 );\"><div class=\"fusion-layout-column fusion_builder_column fusion-builder-column-1 fusion_builder_column_1_4 1_4 fusion-flex-column\" style=\"--awb-bg-size:cover;--awb-box-shadow: 0px 0px ;;--awb-width-large:25%;--awb-margin-top-large:0px;--awb-spacing-right-large:9.5%;--awb-margin-bottom-large:20px;--awb-spacing-left-large:9.5%;--awb-width-medium:25%;--awb-order-medium:0;--awb-spacing-right-medium:9.5%;--awb-spacing-left-medium:9.5%;--awb-width-small:100%;--awb-order-small:0;--awb-spacing-right-small:2.375%;--awb-spacing-left-small:2.375%;\"><div class=\"fusion-column-wrapper fusion-column-has-shadow fusion-flex-justify-content-flex-start fusion-content-layout-column\"><div class=\"fusion-text fusion-text-2\"><p style=\"text-align: center;\"><strong>Devenez professeur.e de Langues germaniques dans le secondaire <\/strong>:<\/p>\n<\/div><div class=\"fusion-text fusion-text-3\"><p><em>Vos acquis : vous vous exprimez facilement en N\u00e9erlandais et\/ou vous avez effectu\u00e9 une partie de votre cursus dans cette langue.<\/em><\/p>\n<\/div><div class=\"fusion-text fusion-text-4\" style=\"--awb-font-size:16px;--awb-text-color:#ce3130;\"><p><em>(vous devez obtenir, au minimum, le niveau B2 au test de langues pr\u00e9vu par Actiris)<\/em><\/p>\n<\/div><\/div><\/div><div class=\"fusion-layout-column fusion_builder_column fusion-builder-column-2 fusion_builder_column_1_4 1_4 fusion-flex-column\" style=\"--awb-bg-size:cover;--awb-width-large:25%;--awb-margin-top-large:0px;--awb-spacing-right-large:9.5%;--awb-margin-bottom-large:20px;--awb-spacing-left-large:9.5%;--awb-width-medium:25%;--awb-order-medium:0;--awb-spacing-right-medium:9.5%;--awb-spacing-left-medium:9.5%;--awb-width-small:100%;--awb-order-small:0;--awb-spacing-right-small:2.375%;--awb-spacing-left-small:2.375%;\"><div class=\"fusion-column-wrapper fusion-column-has-shadow fusion-flex-justify-content-flex-start fusion-content-layout-column\"><div class=\"fusion-text fusion-text-5\"><p style=\"text-align: center;\"><strong>Devenez professeur.e de Fran\u00e7ais dans le secondaire<\/strong>\u00a0:<\/p>\n<\/div><div class=\"fusion-text fusion-text-6\"><p><em>Vos acquis : vous avez des titres et\/ou des aptitudes pour le fran\u00e7ais.<\/em><\/p>\n<\/div><\/div><\/div><div class=\"fusion-layout-column fusion_builder_column fusion-builder-column-3 fusion_builder_column_1_4 1_4 fusion-flex-column\" style=\"--awb-bg-size:cover;--awb-width-large:25%;--awb-margin-top-large:0px;--awb-spacing-right-large:9.5%;--awb-margin-bottom-large:20px;--awb-spacing-left-large:9.5%;--awb-width-medium:25%;--awb-order-medium:0;--awb-spacing-right-medium:9.5%;--awb-spacing-left-medium:9.5%;--awb-width-small:100%;--awb-order-small:0;--awb-spacing-right-small:2.375%;--awb-spacing-left-small:2.375%;\"><div class=\"fusion-column-wrapper fusion-column-has-shadow fusion-flex-justify-content-flex-start fusion-content-layout-column\"><div class=\"fusion-text fusion-text-7\"><p style=\"text-align: center;\"><strong>Devenez professeur.e de Math\u00e9matiques dans le secondaire<\/strong>\u00a0:<\/p>\n<\/div><div class=\"fusion-text fusion-text-8\"><p><em>Vos acquis : vous avez des titres et\/ou des aptitudes pour les math\u00e9matiques.<\/em><\/p>\n<\/div><\/div><\/div><div class=\"fusion-layout-column fusion_builder_column fusion-builder-column-4 fusion_builder_column_1_4 1_4 fusion-flex-column\" style=\"--awb-bg-size:cover;--awb-width-large:25%;--awb-margin-top-large:0px;--awb-spacing-right-large:9.5%;--awb-margin-bottom-large:20px;--awb-spacing-left-large:9.5%;--awb-width-medium:25%;--awb-order-medium:0;--awb-spacing-right-medium:9.5%;--awb-spacing-left-medium:9.5%;--awb-width-small:100%;--awb-order-small:0;--awb-spacing-right-small:2.375%;--awb-spacing-left-small:2.375%;\"><div class=\"fusion-column-wrapper fusion-column-has-shadow fusion-flex-justify-content-flex-start fusion-content-layout-column\"><div class=\"fusion-text fusion-text-9\"><p style=\"text-align: center;\"><strong>Devenez professeur.e de Sciences dans le secondaire<\/strong>\u00a0:<\/p>\n<\/div><div class=\"fusion-text fusion-text-10\"><p><em>Vos acquis : vous avez des titres et\/ou des aptitudes pour les sciences.<\/em><\/p>\n<\/div><\/div><\/div><\/div><\/div><div class=\"fusion-fullwidth fullwidth-box fusion-builder-row-3 fusion-flex-container nonhundred-percent-fullwidth non-hundred-percent-height-scrolling\" style=\"--awb-border-radius-top-left:0px;--awb-border-radius-top-right:0px;--awb-border-radius-bottom-right:0px;--awb-border-radius-bottom-left:0px;--awb-flex-wrap:wrap;\" ><div class=\"fusion-builder-row fusion-row fusion-flex-align-items-flex-start fusion-flex-content-wrap\" style=\"max-width:1365px;margin-left: calc(-5% \/ 2 );margin-right: calc(-5% \/ 2 );\"><div class=\"fusion-layout-column fusion_builder_column fusion-builder-column-5 fusion_builder_column_1_1 1_1 fusion-flex-column\" style=\"--awb-bg-size:cover;--awb-width-large:100%;--awb-margin-top-large:0px;--awb-spacing-right-large:2.375%;--awb-margin-bottom-large:20px;--awb-spacing-left-large:2.375%;--awb-width-medium:100%;--awb-order-medium:0;--awb-spacing-right-medium:2.375%;--awb-spacing-left-medium:2.375%;--awb-width-small:100%;--awb-order-small:0;--awb-spacing-right-small:2.375%;--awb-spacing-left-small:2.375%;\"><div class=\"fusion-column-wrapper fusion-column-has-shadow fusion-flex-justify-content-flex-start fusion-content-layout-column\"><div class=\"fusion-builder-row fusion-builder-row-inner fusion-row fusion-flex-align-items-flex-start fusion-flex-content-wrap\" style=\"width:105% !important;max-width:105% !important;margin-left: calc(-5% \/ 2 );margin-right: calc(-5% \/ 2 );\"><div class=\"fusion-layout-column fusion_builder_column_inner fusion-builder-nested-column-0 fusion_builder_column_inner_1_2 1_2 fusion-flex-column\" style=\"--awb-padding-top:2px;--awb-padding-right:2px;--awb-padding-bottom:2px;--awb-padding-left:2px;--awb-overflow:hidden;--awb-bg-color:#ffffff;--awb-bg-color-hover:#ffffff;--awb-bg-size:cover;--awb-border-radius:6px 6px 6px 6px;--awb-width-large:50%;--awb-margin-top-large:0px;--awb-spacing-right-large:4.75%;--awb-margin-bottom-large:20px;--awb-spacing-left-large:4.75%;--awb-width-medium:50%;--awb-order-medium:0;--awb-spacing-right-medium:4.75%;--awb-spacing-left-medium:4.75%;--awb-width-small:100%;--awb-order-small:0;--awb-spacing-right-small:2.375%;--awb-spacing-left-small:2.375%;\"><div class=\"fusion-column-wrapper fusion-column-has-shadow fusion-flex-justify-content-center fusion-content-layout-column\"><\/div><\/div><div class=\"fusion-layout-column fusion_builder_column_inner fusion-builder-nested-column-1 fusion_builder_column_inner_1_2 1_2 fusion-flex-column\" style=\"--awb-bg-size:cover;--awb-width-large:50%;--awb-margin-top-large:0px;--awb-spacing-right-large:4.75%;--awb-margin-bottom-large:20px;--awb-spacing-left-large:4.75%;--awb-width-medium:50%;--awb-order-medium:0;--awb-spacing-right-medium:4.75%;--awb-spacing-left-medium:4.75%;--awb-width-small:100%;--awb-order-small:0;--awb-spacing-right-small:2.375%;--awb-spacing-left-small:2.375%;\"><div class=\"fusion-column-wrapper fusion-column-has-shadow fusion-flex-justify-content-flex-start fusion-content-layout-column\"><div ><a class=\"fusion-button button-flat fusion-button-default-size button-custom fusion-button-default button-1 fusion-button-default-span fusion-button-default-type fusion-has-button-gradient\" style=\"--button_accent_color:#ffffff;--button_accent_hover_color:#ffffff;--button_border_hover_color:#ffffff;--button_border_width-top:1px;--button_border_width-right:1px;--button_border_width-bottom:1px;--button_border_width-left:1px;--button_gradient_top_color:#ce3130;--button_gradient_bottom_color:#db3232;--button_gradient_top_color_hover:#004c4c;--button_gradient_bottom_color_hover:#004c4c;\" target=\"_self\" href=\"http:\/\/ipoweb.bruxelles.be\/profdemain\/seances-dinformations\/\"><span class=\"fusion-button-text\">Ce projet vous int\u00e9resse ? Vous souhaitez d\u00e9poser votre candidature ?<\/span><\/a><\/div><\/div><\/div><\/div><\/div><\/div><\/div><\/div><\/p>\n","protected":false},"excerpt":{"rendered":"","protected":false},"author":1,"featured_media":0,"parent":0,"menu_order":0,"comment_status":"closed","ping_status":"closed","template":"100-width.php","meta":{"footnotes":""},"_links":{"self":[{"href":"https:\/\/ipoweb.bruxelles.be\/profdemain\/wp-json\/wp\/v2\/pages\/1948"}],"collection":[{"href":"https:\/\/ipoweb.bruxelles.be\/profdemain\/wp-json\/wp\/v2\/pages"}],"about":[{"href":"https:\/\/ipoweb.bruxelles.be\/profdemain\/wp-json\/wp\/v2\/types\/page"}],"author":[{"embeddable":true,"href":"https:\/\/ipoweb.bruxelles.be\/profdemain\/wp-json\/wp\/v2\/users\/1"}],"replies":[{"embeddable":true,"href":"https:\/\/ipoweb.bruxelles.be\/profdemain\/wp-json\/wp\/v2\/comments?post=1948"}],"version-history":[{"count":38,"href":"https:\/\/ipoweb.bruxelles.be\/profdemain\/wp-json\/wp\/v2\/pages\/1948\/revisions"}],"predecessor-version":[{"id":2339,"href":"https:\/\/ipoweb.bruxelles.be\/profdemain\/wp-json\/wp\/v2\/pages\/1948\/revisions\/2339"}],"wp:attachment":[{"href":"https:\/\/ipoweb.bruxelles.be\/profdemain\/wp-json\/wp\/v2\/media?parent=1948"}],"curies":[{"name":"wp","href":"https:\/\/api.w.org\/{rel}","templated":true}]}}