{"id":105,"date":"2020-12-03T10:46:40","date_gmt":"2020-12-03T09:46:40","guid":{"rendered":"http:\/\/ipoweb.bruxelles.be\/robertdubois\/?page_id=105"},"modified":"2021-10-12T11:46:05","modified_gmt":"2021-10-12T09:46:05","slug":"calendrier","status":"publish","type":"page","link":"https:\/\/ipoweb.bruxelles.be\/robertdubois\/calendrier\/","title":{"rendered":"Calendrier"},"content":{"rendered":"\n<div class=\"wp-block-group alignfull is-layout-flow wp-block-group-is-layout-flow\"><div class=\"wp-block-group__inner-container\">\n<figure class=\"wp-block-table\"><table><thead><tr><th>Ann\u00e9e scolaire 2020-2021<\/th><\/tr><\/thead><tbody><tr><td>Rentr\u00e9e scolaire<\/td><td>mardi 1<sup>er<\/sup>&nbsp;septembre 2020<\/td><\/tr><tr><td>F\u00eate de la Communaut\u00e9 fran\u00e7aise<\/td><td>dimanche 27 septembre 2020<\/td><\/tr><tr><td>Cong\u00e9 d&rsquo;automne (Toussaint)<\/td><td>du lundi 2 novembre 2020 au vendredi 6 novembre 2020<\/td><\/tr><tr><td>Comm\u00e9moration du 11 novembre<\/td><td>mercredi 11 novembre 2020<\/td><\/tr><tr><td>Vacances d&rsquo;hiver (No\u00ebl)<\/td><td>du lundi 21 d\u00e9cembre 2020 au vendredi&nbsp;1<sup>e<\/sup>&nbsp;janvier 2021<\/td><\/tr><tr><td>Cong\u00e9 de d\u00e9tente (Carnaval)<\/td><td>du lundi 15 f\u00e9vrier 2021 au vendredi 19 f\u00e9vrier 2021<\/td><\/tr><tr><td>Vacances de printemps (P\u00e2ques)<\/td><td>du lundi 5 avril 2021 au vendredi 16 avril 2021<\/td><\/tr><tr><td>Cong\u00e9<\/td><td>vendredi 30 avril 2021<\/td><\/tr><tr><td>F\u00eate du 1<sup>er<\/sup>&nbsp;mai<\/td><td>samedi 1<sup>er<\/sup>&nbsp;mai 2021<\/td><\/tr><tr><td>Cong\u00e9 de l&rsquo;Ascension<\/td><td>jeudi 13 mai 2021<\/td><\/tr><tr><td>Cong\u00e9<\/td><td>vendredi 14 mai 2021<\/td><\/tr><tr><td>Lundi de Pentec\u00f4te<\/td><td>lundi 24 mai 2021<\/td><\/tr><tr><td>Les vacances d&rsquo;\u00e9t\u00e9 d\u00e9butent le<\/td><td>jeudi 1<sup>er<\/sup>&nbsp;juillet 2021<\/td><\/tr><\/tbody><\/table><\/figure>\n\n\n\n<ul class=\"tw-list-spacing-medium is-style-tw-border-inner\"><li>hlkj<\/li><\/ul>\n<\/div><\/div>\n\n\n\n<div class=\"wp-block-group alignfull is-layout-flow wp-block-group-is-layout-flow\"><div class=\"wp-block-group__inner-container\">\n<h2 class=\"has-text-align-center wp-block-heading\">Programme<\/h2>\n\n\n\n<figure class=\"wp-block-table tw-mt-8 is-style-tw-border-h tw-row-valign-top\"><table><tbody><tr><td>3 d\u00e9cembre 2020<\/td><td><strong>Lorem ipsum dolor sit amet<\/strong><\/td><\/tr><tr><td>10:00<\/td><td><strong>Class aptent taciti sociosqu ad litora torquent ligula<\/strong><\/td><\/tr><tr><td>10:30<\/td><td><strong><strong>Integer enim risus suscipit<\/strong><\/strong><\/td><\/tr><tr><td>12:00<\/td><td><strong>Venenatis nec convallis magna<\/strong><\/td><\/tr><tr><td>14:30<\/td><td><strong>Proin varius libero sit amet tortor volutpat<\/strong><\/td><\/tr><tr><td>16:00<\/td><td><strong>Commodo erat adipiscing elit<\/strong><br><\/td><\/tr><\/tbody><\/table><\/figure>\n\n\n\n<div class=\"wp-block-file\"><a href=\"http:\/\/ipoweb.bruxelles.be\/robertdubois\/wp-content\/uploads\/2021\/05\/IMG-20210528-WA0004.jpg\">IMG-20210528-WA0004<\/a><a href=\"http:\/\/ipoweb.bruxelles.be\/robertdubois\/wp-content\/uploads\/2021\/05\/IMG-20210528-WA0004.jpg\" class=\"wp-block-file__button\" download>T\u00e9l\u00e9charger<\/a><\/div>\n\n\n\n<div class=\"wp-block-file\"><object class=\"wp-block-file__embed\" data=\"http:\/\/ipoweb.bruxelles.be\/robertdubois\/wp-content\/uploads\/2020\/12\/20200403-Doc-quarantine-FR-V1.2.pdf\" type=\"application\/pdf\" style=\"width:100%;height:600px\" aria-label=\"Embed of Contenu embarqu\u00e9 20200403 Doc quarantine FR V1.2..\"><\/object><a href=\"http:\/\/ipoweb.bruxelles.be\/robertdubois\/wp-content\/uploads\/2020\/12\/20200403-Doc-quarantine-FR-V1.2.pdf\">20200403 Doc quarantine FR V1.2<\/a><a href=\"http:\/\/ipoweb.bruxelles.be\/robertdubois\/wp-content\/uploads\/2020\/12\/20200403-Doc-quarantine-FR-V1.2.pdf\" class=\"wp-block-file__button\" download>T\u00e9l\u00e9charger<\/a><\/div>\n<\/div><\/div>\n","protected":false},"excerpt":{"rendered":"<p>Ann\u00e9e scolaire 2020-2021 Rentr\u00e9e scolaire mardi 1er&nbsp;septembre 2020 F\u00eate de la Communaut\u00e9 fran\u00e7aise dimanche 27 septembre 2020 Cong\u00e9 d&rsquo;automne (Toussaint) du lundi 2 novembre 2020 au vendredi 6 novembre 2020 Comm\u00e9moration du 11 novembre mercredi 11 novembre 2020 Vacances d&rsquo;hiver (No\u00ebl) du lundi 21 d\u00e9cembre 2020 au vendredi&nbsp;1e&nbsp;janvier 2021 Cong\u00e9 de d\u00e9tente (Carnaval) du lundi&hellip;<\/p>\n","protected":false},"author":1,"featured_media":0,"parent":0,"menu_order":0,"comment_status":"closed","ping_status":"closed","template":"","meta":{"footnotes":""},"_links":{"self":[{"href":"https:\/\/ipoweb.bruxelles.be\/robertdubois\/wp-json\/wp\/v2\/pages\/105"}],"collection":[{"href":"https:\/\/ipoweb.bruxelles.be\/robertdubois\/wp-json\/wp\/v2\/pages"}],"about":[{"href":"https:\/\/ipoweb.bruxelles.be\/robertdubois\/wp-json\/wp\/v2\/types\/page"}],"author":[{"embeddable":true,"href":"https:\/\/ipoweb.bruxelles.be\/robertdubois\/wp-json\/wp\/v2\/users\/1"}],"replies":[{"embeddable":true,"href":"https:\/\/ipoweb.bruxelles.be\/robertdubois\/wp-json\/wp\/v2\/comments?post=105"}],"version-history":[{"count":5,"href":"https:\/\/ipoweb.bruxelles.be\/robertdubois\/wp-json\/wp\/v2\/pages\/105\/revisions"}],"predecessor-version":[{"id":429,"href":"https:\/\/ipoweb.bruxelles.be\/robertdubois\/wp-json\/wp\/v2\/pages\/105\/revisions\/429"}],"wp:attachment":[{"href":"https:\/\/ipoweb.bruxelles.be\/robertdubois\/wp-json\/wp\/v2\/media?parent=105"}],"curies":[{"name":"wp","href":"https:\/\/api.w.org\/{rel}","templated":true}]}}