{"id":247,"date":"2021-03-04T16:12:32","date_gmt":"2021-03-04T15:12:32","guid":{"rendered":"http:\/\/ipoweb.bruxelles.be\/robertdubois\/?page_id=247"},"modified":"2021-10-13T11:36:59","modified_gmt":"2021-10-13T09:36:59","slug":"les-ados-de-robert-dubois","status":"publish","type":"page","link":"https:\/\/ipoweb.bruxelles.be\/robertdubois\/les-ados-de-robert-dubois\/","title":{"rendered":"Les Ados de Robert Dubois"},"content":{"rendered":"\n<p class=\"has-h-3-font-size\"><strong><span style=\"color:#08c6b3\" class=\"has-inline-color\">Pour qui ?<\/span><\/strong><\/p>\n\n\n\n<div class=\"wp-block-group alignfull is-layout-flow wp-block-group-is-layout-flow\"><div class=\"wp-block-group__inner-container\">\n<p>L&rsquo;implantation \u00ab\u00a0Les Ados de Robert Dubois\u00a0\u00bb accueille des jeunes de l\u2019enseignement secondaire en situation de phobie scolaire. L\u2019objectif est une remise au travail p\u00e9dagogique sur un mod\u00e8le scolaire classique, mais avec une approche individualis\u00e9e.&nbsp;&nbsp;<\/p>\n\n\n\n<p class=\"has-text-color has-h-3-font-size\" style=\"color:#00bab3\"><strong>Comment ?<\/strong><\/p>\n\n\n\n<p>Nous accueillons ainsi 20 jeunes en d\u00e9crochage scolaire, pour une dur\u00e9e maximale de 10 mois, dans un espace qui permet de r\u00e9unir les aspects p\u00e9dagogiques et psychoth\u00e9rapeutiques&nbsp;de la phobie scolaire,&nbsp; \u00e0 travers une collaboration avec l\u2019\u00e9quipe de p\u00e9dopsychiatrie de l\u2019Huderf. Chaque jeune, lors de son arriv\u00e9e, est invit\u00e9 \u00e0 construire un projet p\u00e9dagogique propre.&nbsp;&nbsp;<\/p>\n\n\n\n<p>Nous travaillons avec l\u2019objectif d\u2019une r\u00e9insertion scolaire dans l\u2019\u00e9cole d\u2019origine, via une approche individualis\u00e9e.&nbsp;<\/p>\n\n\n\n<p>Les cours chez nous se donnent de mani\u00e8re individualis\u00e9e en partant de l\u00e0 o\u00f9 le jeune s&rsquo;arr\u00eate dans son cursus traditionnel, et, en essayant de le faire progresser. Cette implantation est situ\u00e9e dans une maison de type familial, avec une ambiance&nbsp;chaleureuse et accueillante.&nbsp;En plus des cours&nbsp;g\u00e9n\u00e9raux, nous proposons des ateliers (culturels, sportifs,&nbsp;artistiques,&nbsp;autour de projets,&nbsp;..) visant la&nbsp;sociabilisation&nbsp;du jeune, ainsi que des groupes de parole.&nbsp;&nbsp;<\/p>\n\n\n\n<figure class=\"wp-block-image size-large\"><img decoding=\"async\" loading=\"lazy\" width=\"1024\" height=\"768\" src=\"http:\/\/ipoweb.bruxelles.be\/robertdubois\/wp-content\/uploads\/2021\/03\/les_ados-1024x768.jpeg\" alt=\"\" class=\"wp-image-313\" srcset=\"https:\/\/ipoweb.bruxelles.be\/robertdubois\/wp-content\/uploads\/2021\/03\/les_ados-1024x768.jpeg 1024w, https:\/\/ipoweb.bruxelles.be\/robertdubois\/wp-content\/uploads\/2021\/03\/les_ados-300x225.jpeg 300w, https:\/\/ipoweb.bruxelles.be\/robertdubois\/wp-content\/uploads\/2021\/03\/les_ados-768x576.jpeg 768w, https:\/\/ipoweb.bruxelles.be\/robertdubois\/wp-content\/uploads\/2021\/03\/les_ados-1536x1152.jpeg 1536w, https:\/\/ipoweb.bruxelles.be\/robertdubois\/wp-content\/uploads\/2021\/03\/les_ados-2048x1536.jpeg 2048w, https:\/\/ipoweb.bruxelles.be\/robertdubois\/wp-content\/uploads\/2021\/03\/les_ados-1200x900.jpeg 1200w, https:\/\/ipoweb.bruxelles.be\/robertdubois\/wp-content\/uploads\/2021\/03\/les_ados-1980x1485.jpeg 1980w\" sizes=\"(max-width: 1024px) 100vw, 1024px\" \/><\/figure>\n<\/div><\/div>\n\n\n\n<h3 class=\"has-text-color wp-block-heading\" style=\"color:#00bab3\">Contact<\/h3>\n\n\n\n<p><strong>Rue Stevens Delannoy 28, 1020 Bruxelles&nbsp;<\/strong><\/p>\n\n\n\n<p><strong>ecole.r.dubois@brucity.education&nbsp;<\/strong><\/p>\n\n\n\n<p><strong>02\/474.11.52&nbsp;<\/strong><\/p>\n","protected":false},"excerpt":{"rendered":"<p>Pour qui ? L&rsquo;implantation \u00ab\u00a0Les Ados de Robert Dubois\u00a0\u00bb accueille des jeunes de l\u2019enseignement secondaire en situation de phobie scolaire. L\u2019objectif est une remise au travail p\u00e9dagogique sur un mod\u00e8le scolaire classique, mais avec une approche individualis\u00e9e.&nbsp;&nbsp; Comment ? Nous accueillons ainsi 20 jeunes en d\u00e9crochage scolaire, pour une dur\u00e9e maximale de 10 mois, dans&hellip;<\/p>\n","protected":false},"author":1,"featured_media":0,"parent":0,"menu_order":0,"comment_status":"closed","ping_status":"closed","template":"","meta":{"footnotes":""},"_links":{"self":[{"href":"https:\/\/ipoweb.bruxelles.be\/robertdubois\/wp-json\/wp\/v2\/pages\/247"}],"collection":[{"href":"https:\/\/ipoweb.bruxelles.be\/robertdubois\/wp-json\/wp\/v2\/pages"}],"about":[{"href":"https:\/\/ipoweb.bruxelles.be\/robertdubois\/wp-json\/wp\/v2\/types\/page"}],"author":[{"embeddable":true,"href":"https:\/\/ipoweb.bruxelles.be\/robertdubois\/wp-json\/wp\/v2\/users\/1"}],"replies":[{"embeddable":true,"href":"https:\/\/ipoweb.bruxelles.be\/robertdubois\/wp-json\/wp\/v2\/comments?post=247"}],"version-history":[{"count":13,"href":"https:\/\/ipoweb.bruxelles.be\/robertdubois\/wp-json\/wp\/v2\/pages\/247\/revisions"}],"predecessor-version":[{"id":457,"href":"https:\/\/ipoweb.bruxelles.be\/robertdubois\/wp-json\/wp\/v2\/pages\/247\/revisions\/457"}],"wp:attachment":[{"href":"https:\/\/ipoweb.bruxelles.be\/robertdubois\/wp-json\/wp\/v2\/media?parent=247"}],"curies":[{"name":"wp","href":"https:\/\/api.w.org\/{rel}","templated":true}]}}