{"id":249,"date":"2021-03-04T16:12:48","date_gmt":"2021-03-04T15:12:48","guid":{"rendered":"http:\/\/ipoweb.bruxelles.be\/robertdubois\/?page_id=249"},"modified":"2021-10-13T11:07:47","modified_gmt":"2021-10-13T09:07:47","slug":"le-centre-ado","status":"publish","type":"page","link":"https:\/\/ipoweb.bruxelles.be\/robertdubois\/le-centre-ado\/","title":{"rendered":"Le Centre Ados"},"content":{"rendered":"\n<div class=\"wp-block-group alignfull is-layout-flow wp-block-group-is-layout-flow\"><div class=\"wp-block-group__inner-container\">\n<div class=\"wp-block-media-text alignwide is-stacked-on-mobile is-vertically-aligned-top tw-stack-md\"><figure class=\"wp-block-media-text__media\"><img decoding=\"async\" loading=\"lazy\" width=\"585\" height=\"780\" src=\"http:\/\/ipoweb.bruxelles.be\/robertdubois\/wp-content\/uploads\/2021\/03\/le-c-ado-2.jpeg\" alt=\"\" class=\"wp-image-324 size-full\" srcset=\"https:\/\/ipoweb.bruxelles.be\/robertdubois\/wp-content\/uploads\/2021\/03\/le-c-ado-2.jpeg 585w, https:\/\/ipoweb.bruxelles.be\/robertdubois\/wp-content\/uploads\/2021\/03\/le-c-ado-2-225x300.jpeg 225w\" sizes=\"(max-width: 585px) 100vw, 585px\" \/><\/figure><div class=\"wp-block-media-text__content\">\n<h3 class=\"has-text-color wp-block-heading\" style=\"color:#00bab3\"><strong>Pour qui\u202f?<\/strong>&nbsp;<\/h3>\n\n\n\n<p>L\u2019\u00c9cole Robert Dubois offre un partenariat avec&nbsp;le C Ados (L\u2019\u00c9quipe), un centre&nbsp;hospitalier&nbsp;de jour pour adolescents situ\u00e9 \u00e0 Anderlecht.&nbsp;&nbsp;<\/p>\n\n\n\n<h3 class=\"has-text-color wp-block-heading\" style=\"color:#00bab3\"><strong>Comment ?&nbsp;<\/strong><\/h3>\n\n\n\n<p>Le dispositif p\u00e9dagogique de l\u2019\u00e9cole Robert Dubois, nomm\u00e9 \u00ab\u202fLa Porte Bleue\u202f\u00bb,&nbsp;a \u00e9t\u00e9 pens\u00e9 afin de permettre \u00e0 l\u2019adolescent de\u202f:&nbsp;&nbsp;<\/p>\n\n\n\n<ul><li>cr\u00e9er un rapport plus apais\u00e9 aux apprentissages&nbsp;<\/li><li>r\u00e9veiller sa curiosit\u00e9 face aux savoirs&nbsp;<\/li><li>s\u2019autoriser \u00e0 penser&nbsp;<\/li><li>r\u00e9investir ou r\u00e9inventer son Projet Individuel d\u2019Apprentissage (PIA)&nbsp;<\/li><li>cultiver le sens du possible et s\u2019ouvrir \u00e0 l\u2019avenir&nbsp;<\/li><\/ul>\n<\/div><\/div>\n\n\n\n<p>Les ateliers p\u00e9dagogiques de l\u2019\u00e9cole&nbsp;se d\u00e9roulent en petits groupes ou en individuel. A travers ces diff\u00e9rents ateliers, les enseignants,&nbsp;en \u00e9troite collaboration avec les&nbsp;soignants du quotidien du C Ados,&nbsp;s\u2019efforcent de renforcer les capacit\u00e9s de chaque jeune par la cr\u00e9ativit\u00e9, l\u2019exp\u00e9rimentation, le questionnement et la&nbsp;co-construction des savoirs.&nbsp;<\/p>\n\n\n\n<p>\u00ab\u202fLa&nbsp;Porte Bleue\u202f\u00bb&nbsp;travaille en collaboration avec l\u2019\u00e9cole ext\u00e9rieure o\u00f9 le jeune est inscrit. Elle organise \u00e9galement des moments de rencontre avec les parents et le jeune autour du Projet Individuel d\u2019Apprentissage.&nbsp;<\/p>\n\n\n\n<p>Les jeunes qui sortent du C Ados et qui poursuivent leur scolarit\u00e9 ont la possibilit\u00e9 de b\u00e9n\u00e9ficier d\u2019un soutien scolaire au centre&nbsp;chaque mercredi apr\u00e8s-midi durant l\u2019ann\u00e9e scolaire.&nbsp;<\/p>\n\n\n\n<h3 class=\"has-text-color wp-block-heading\" style=\"color:#00bab3\">Contact<\/h3>\n\n\n\n<p><strong>Rue de Veeweyde 47, 1070 Anderlecht<\/strong><\/p>\n\n\n\n<p><strong>ecole.r.dubois@brucity.education<\/strong><\/p>\n<\/div><\/div>\n\n\n\n<p><\/p>\n","protected":false},"excerpt":{"rendered":"<p>Pour qui\u202f?&nbsp; L\u2019\u00c9cole Robert Dubois offre un partenariat avec&nbsp;le C Ados (L\u2019\u00c9quipe), un centre&nbsp;hospitalier&nbsp;de jour pour adolescents situ\u00e9 \u00e0 Anderlecht.&nbsp;&nbsp; Comment ?&nbsp; Le dispositif p\u00e9dagogique de l\u2019\u00e9cole Robert Dubois, nomm\u00e9 \u00ab\u202fLa Porte Bleue\u202f\u00bb,&nbsp;a \u00e9t\u00e9 pens\u00e9 afin de permettre \u00e0 l\u2019adolescent de\u202f:&nbsp;&nbsp; cr\u00e9er un rapport plus apais\u00e9 aux apprentissages&nbsp; r\u00e9veiller sa curiosit\u00e9 face aux savoirs&nbsp; s\u2019autoriser&hellip;<\/p>\n","protected":false},"author":1,"featured_media":0,"parent":0,"menu_order":0,"comment_status":"closed","ping_status":"closed","template":"","meta":{"footnotes":""},"_links":{"self":[{"href":"https:\/\/ipoweb.bruxelles.be\/robertdubois\/wp-json\/wp\/v2\/pages\/249"}],"collection":[{"href":"https:\/\/ipoweb.bruxelles.be\/robertdubois\/wp-json\/wp\/v2\/pages"}],"about":[{"href":"https:\/\/ipoweb.bruxelles.be\/robertdubois\/wp-json\/wp\/v2\/types\/page"}],"author":[{"embeddable":true,"href":"https:\/\/ipoweb.bruxelles.be\/robertdubois\/wp-json\/wp\/v2\/users\/1"}],"replies":[{"embeddable":true,"href":"https:\/\/ipoweb.bruxelles.be\/robertdubois\/wp-json\/wp\/v2\/comments?post=249"}],"version-history":[{"count":8,"href":"https:\/\/ipoweb.bruxelles.be\/robertdubois\/wp-json\/wp\/v2\/pages\/249\/revisions"}],"predecessor-version":[{"id":453,"href":"https:\/\/ipoweb.bruxelles.be\/robertdubois\/wp-json\/wp\/v2\/pages\/249\/revisions\/453"}],"wp:attachment":[{"href":"https:\/\/ipoweb.bruxelles.be\/robertdubois\/wp-json\/wp\/v2\/media?parent=249"}],"curies":[{"name":"wp","href":"https:\/\/api.w.org\/{rel}","templated":true}]}}