{"id":251,"date":"2021-03-04T16:13:01","date_gmt":"2021-03-04T15:13:01","guid":{"rendered":"http:\/\/ipoweb.bruxelles.be\/robertdubois\/?page_id=251"},"modified":"2021-10-13T11:32:40","modified_gmt":"2021-10-13T09:32:40","slug":"le-domaine","status":"publish","type":"page","link":"https:\/\/ipoweb.bruxelles.be\/robertdubois\/le-domaine\/","title":{"rendered":"Le Domaine"},"content":{"rendered":"\n<div class=\"wp-block-group alignfull is-layout-flow wp-block-group-is-layout-flow\"><div class=\"wp-block-group__inner-container\">\n<figure class=\"wp-block-image size-large\"><img decoding=\"async\" loading=\"lazy\" width=\"938\" height=\"704\" src=\"http:\/\/ipoweb.bruxelles.be\/robertdubois\/wp-content\/uploads\/2021\/03\/domain_01-2.jpeg\" alt=\"\" class=\"wp-image-330\" srcset=\"https:\/\/ipoweb.bruxelles.be\/robertdubois\/wp-content\/uploads\/2021\/03\/domain_01-2.jpeg 938w, https:\/\/ipoweb.bruxelles.be\/robertdubois\/wp-content\/uploads\/2021\/03\/domain_01-2-300x225.jpeg 300w, https:\/\/ipoweb.bruxelles.be\/robertdubois\/wp-content\/uploads\/2021\/03\/domain_01-2-768x576.jpeg 768w\" sizes=\"(max-width: 938px) 100vw, 938px\" \/><\/figure>\n\n\n\n<h3 class=\"has-text-color wp-block-heading\" style=\"color:#00bab3\">Pour qui\u202f?<\/h3>\n\n\n\n<p>Dans le cadre apaisant d\u2019un parc arbor\u00e9, les enseignants accompagnent les adolescents (de 12 \u00e0 21 ans) pendant leur s\u00e9jour \u00e0 l\u2019h\u00f4pital psychiatrique.&nbsp;<\/p>\n\n\n\n<p>Qu\u2019ils viennent des unit\u00e9s consacr\u00e9es aux troubles alimentaires ou aux troubles li\u00e9s \u00e0 l\u2019adolescence, nous essayons, par notre \u00e9coute, nos savoirs et nos savoir-\u00eatre, de remplir la parenth\u00e8se de ces jeunes&nbsp;&nbsp;:<\/p>\n\n\n\n<ul class=\"is-style-tw-arrow\"><li>de questions et de r\u00e9ponses&nbsp;<\/li><li>de confort et de d\u00e9fis&nbsp;<\/li><li>de vie et de calme&nbsp;<\/li><\/ul>\n\n\n\n<div class=\"wp-block-group alignfull is-layout-flow wp-block-group-is-layout-flow\"><div class=\"wp-block-group__inner-container\">\n<div class=\"wp-block-media-text alignwide has-media-on-the-right is-stacked-on-mobile tw-stack-md\" style=\"grid-template-columns:auto 34%\"><figure class=\"wp-block-media-text__media\"><img decoding=\"async\" loading=\"lazy\" width=\"487\" height=\"866\" src=\"http:\/\/ipoweb.bruxelles.be\/robertdubois\/wp-content\/uploads\/2021\/03\/le-domaine_02.jpeg\" alt=\"\" class=\"wp-image-331 size-full\" srcset=\"https:\/\/ipoweb.bruxelles.be\/robertdubois\/wp-content\/uploads\/2021\/03\/le-domaine_02.jpeg 487w, https:\/\/ipoweb.bruxelles.be\/robertdubois\/wp-content\/uploads\/2021\/03\/le-domaine_02-169x300.jpeg 169w\" sizes=\"(max-width: 487px) 100vw, 487px\" \/><\/figure><div class=\"wp-block-media-text__content\">\n<h3 class=\"has-text-color wp-block-heading\" style=\"color:#00bab3\">Comment ?<\/h3>\n\n\n\n<p>Au travers de nos ateliers \u201cSciences\u201d et \u201cArts\/Anglais\u201d ainsi que des s\u00e9ances de travail scolaire individuel (bas\u00e9es aussi souvent que possible sur les cours de leur \u00e9cole), il nous tient \u00e0&nbsp;c\u0153ur&nbsp;de leur transmettre la sensation que l\u2019\u00e9cole est un lieu bienveillant pour eux et un vrai tremplin dans la Vie.&nbsp;<\/p>\n<\/div><\/div>\n\n\n\n<p><\/p>\n<\/div><\/div>\n<\/div><\/div>\n\n\n\n<p>Ce sentiment est aussi entretenu dans le travail de coordination effectu\u00e9 avec les \u00e9coles d\u2019origines par 3 de nos enseignants. Tout ceci pour, g\u00e9n\u00e9ralement, organiser un retour progressif dans les meilleures conditions possibles pour les \u00e9l\u00e8ves \u201cinternes\u201d.&nbsp;<\/p>\n\n\n\n<p>Nous accueillons aussi des \u00e9l\u00e8ves \u201cexternes\u201d quelques heures par semaine (CTTA).&nbsp;<\/p>\n\n\n\n<p>Ces derniers doivent jongler entre leur scolarit\u00e9 \u201cordinaire\u201d et leurs prises en charges th\u00e9rapeutiques \u00e0 l\u2019h\u00f4pital qui les \u00e9loignent 2 jours par semaine de leur \u00e9cole. Notre r\u00f4le est alors de pallier aux mati\u00e8res manqu\u00e9es afin de garantir le continuum p\u00e9dagogique tout en les pr\u00e9servant du surinvestissement scolaire.&nbsp;<\/p>\n\n\n\n<h3 class=\"has-text-color wp-block-heading\" style=\"color:#00bab3\">Contact<\/h3>\n\n\n\n<p><strong>Chemin Jean&nbsp;Lanneau 39, 1420 Braine-l&rsquo;Alleud&nbsp;<\/strong><\/p>\n\n\n\n<p><strong>ecole.r.dubois@brucity.education<\/strong><\/p>\n","protected":false},"excerpt":{"rendered":"<p>Pour qui\u202f? Dans le cadre apaisant d\u2019un parc arbor\u00e9, les enseignants accompagnent les adolescents (de 12 \u00e0 21 ans) pendant leur s\u00e9jour \u00e0 l\u2019h\u00f4pital psychiatrique.&nbsp; Qu\u2019ils viennent des unit\u00e9s consacr\u00e9es aux troubles alimentaires ou aux troubles li\u00e9s \u00e0 l\u2019adolescence, nous essayons, par notre \u00e9coute, nos savoirs et nos savoir-\u00eatre, de remplir la parenth\u00e8se de ces&hellip;<\/p>\n","protected":false},"author":1,"featured_media":0,"parent":0,"menu_order":0,"comment_status":"closed","ping_status":"closed","template":"","meta":{"footnotes":""},"_links":{"self":[{"href":"https:\/\/ipoweb.bruxelles.be\/robertdubois\/wp-json\/wp\/v2\/pages\/251"}],"collection":[{"href":"https:\/\/ipoweb.bruxelles.be\/robertdubois\/wp-json\/wp\/v2\/pages"}],"about":[{"href":"https:\/\/ipoweb.bruxelles.be\/robertdubois\/wp-json\/wp\/v2\/types\/page"}],"author":[{"embeddable":true,"href":"https:\/\/ipoweb.bruxelles.be\/robertdubois\/wp-json\/wp\/v2\/users\/1"}],"replies":[{"embeddable":true,"href":"https:\/\/ipoweb.bruxelles.be\/robertdubois\/wp-json\/wp\/v2\/comments?post=251"}],"version-history":[{"count":9,"href":"https:\/\/ipoweb.bruxelles.be\/robertdubois\/wp-json\/wp\/v2\/pages\/251\/revisions"}],"predecessor-version":[{"id":455,"href":"https:\/\/ipoweb.bruxelles.be\/robertdubois\/wp-json\/wp\/v2\/pages\/251\/revisions\/455"}],"wp:attachment":[{"href":"https:\/\/ipoweb.bruxelles.be\/robertdubois\/wp-json\/wp\/v2\/media?parent=251"}],"curies":[{"name":"wp","href":"https:\/\/api.w.org\/{rel}","templated":true}]}}