{"id":253,"date":"2021-03-04T16:13:11","date_gmt":"2021-03-04T15:13:11","guid":{"rendered":"http:\/\/ipoweb.bruxelles.be\/robertdubois\/?page_id=253"},"modified":"2021-10-13T11:12:48","modified_gmt":"2021-10-13T09:12:48","slug":"erasme","status":"publish","type":"page","link":"https:\/\/ipoweb.bruxelles.be\/robertdubois\/erasme\/","title":{"rendered":"Erasme"},"content":{"rendered":"\n<div class=\"wp-block-group alignfull is-layout-flow wp-block-group-is-layout-flow\"><div class=\"wp-block-group__inner-container\">\n<div class=\"wp-block-cover alignfull has-background-dim tw-mb-8\" style=\"min-height:500px\"><img decoding=\"async\" loading=\"lazy\" width=\"1919\" height=\"1439\" sizes=\"(max-width: 799px) 200vw,(max-width: 1919px) 100vw,1919px\" class=\"wp-block-cover__image-background wp-image-333\" alt=\"\" src=\"http:\/\/ipoweb.bruxelles.be\/robertdubois\/wp-content\/uploads\/2021\/03\/erasme.jpeg\" style=\"object-position:40% 79%\" data-object-fit=\"cover\" data-object-position=\"40% 79%\" srcset=\"https:\/\/ipoweb.bruxelles.be\/robertdubois\/wp-content\/uploads\/2021\/03\/erasme.jpeg 1919w, https:\/\/ipoweb.bruxelles.be\/robertdubois\/wp-content\/uploads\/2021\/03\/erasme-300x225.jpeg 300w, https:\/\/ipoweb.bruxelles.be\/robertdubois\/wp-content\/uploads\/2021\/03\/erasme-1024x768.jpeg 1024w, https:\/\/ipoweb.bruxelles.be\/robertdubois\/wp-content\/uploads\/2021\/03\/erasme-768x576.jpeg 768w, https:\/\/ipoweb.bruxelles.be\/robertdubois\/wp-content\/uploads\/2021\/03\/erasme-1536x1152.jpeg 1536w, https:\/\/ipoweb.bruxelles.be\/robertdubois\/wp-content\/uploads\/2021\/03\/erasme-1200x900.jpeg 1200w\" \/><div class=\"wp-block-cover__inner-container is-layout-flow wp-block-cover-is-layout-flow\">\n<h3 class=\"has-text-align-center wp-block-heading\"><strong>Classe&nbsp;au sein de l\u2019h\u00f4pital Erasme et au chevet des enfants<\/strong>&nbsp;<\/h3>\n\n\n\n<p><\/p>\n<\/div><\/div>\n\n\n\n<h3 class=\"has-text-color wp-block-heading\" style=\"color:#00bab3\">Pour qui ?<\/h3>\n\n\n\n<p>Pour le niveau fondamental, une institutrice maternelle et une \u00e9ducatrice assurent les prises en charge des enfants hospitalis\u00e9s, essentiellement au service de p\u00e9diatrie. Elles interviennent soit dans la salle de jeux, o\u00f9 elles rassemblent les enfants pour les activit\u00e9s, soit en individuel, dans les chambres, quand la sant\u00e9 ne permet pas aux enfants d\u2019en sortir.&nbsp;<\/p>\n\n\n\n<h3 class=\"has-text-color wp-block-heading\" style=\"color:#00bab3\">Comment ?<\/h3>\n\n\n\n<p>Pour le niveau secondaire, notre \u00e9quipe est principalement active aupr\u00e8s des jeunes de l\u2019Unit\u00e9 psychiatrique, mais \u00e9galement, de mani\u00e8re plus ponctuelle, dans les autres services de l\u2019H\u00f4pital. L\u2019\u00e9quipe est constitu\u00e9e de 5 enseignants des cours g\u00e9n\u00e9raux, d\u2019un professeur d\u2019Arts et d\u2019une assistante sociale dans le r\u00f4le de coordinatrice. A la demande des \u00e9quipes m\u00e9dicales et th\u00e9rapeutiques, les jeunes sont pris en charge pour des suivis scolaires en collaboration avec leur \u00e9cole d\u2019origine, pour des ateliers en lien avec les apprentissages, pour des ateliers artistiques,\u2026 <\/p>\n\n\n\n<p>Les objectifs de ces apprentissages diversifi\u00e9s sont\u202f: le maintien ou la remise \u00e0 niveau par rapport aux classes d\u2019origine, avec \u00e9ventuellement passage d\u2019\u00e9preuves certificatives, un premier pas vers un r\u00e9-accrochage scolaire, une \u00e9valuation de leur niveau scolaire pour une aide \u00e0 une \u00e9ventuelle r\u00e9orientation, \u2026.&nbsp;<\/p>\n\n\n\n<h3 class=\"has-text-color wp-block-heading\" style=\"color:#00bab3\">Contact<\/h3>\n\n\n\n<p><strong>Route de&nbsp;Lennik 808, 1070&nbsp;Bruxelles&nbsp;<\/strong><\/p>\n\n\n\n<p><strong>ecole.r.dubois@brucity.education<\/strong><\/p>\n<\/div><\/div>\n","protected":false},"excerpt":{"rendered":"<p>Pour qui ? Pour le niveau fondamental, une institutrice maternelle et une \u00e9ducatrice assurent les prises en charge des enfants hospitalis\u00e9s, essentiellement au service de p\u00e9diatrie. Elles interviennent soit dans la salle de jeux, o\u00f9 elles rassemblent les enfants pour les activit\u00e9s, soit en individuel, dans les chambres, quand la sant\u00e9 ne permet pas aux&hellip;<\/p>\n","protected":false},"author":1,"featured_media":0,"parent":0,"menu_order":0,"comment_status":"closed","ping_status":"closed","template":"","meta":{"footnotes":""},"_links":{"self":[{"href":"https:\/\/ipoweb.bruxelles.be\/robertdubois\/wp-json\/wp\/v2\/pages\/253"}],"collection":[{"href":"https:\/\/ipoweb.bruxelles.be\/robertdubois\/wp-json\/wp\/v2\/pages"}],"about":[{"href":"https:\/\/ipoweb.bruxelles.be\/robertdubois\/wp-json\/wp\/v2\/types\/page"}],"author":[{"embeddable":true,"href":"https:\/\/ipoweb.bruxelles.be\/robertdubois\/wp-json\/wp\/v2\/users\/1"}],"replies":[{"embeddable":true,"href":"https:\/\/ipoweb.bruxelles.be\/robertdubois\/wp-json\/wp\/v2\/comments?post=253"}],"version-history":[{"count":8,"href":"https:\/\/ipoweb.bruxelles.be\/robertdubois\/wp-json\/wp\/v2\/pages\/253\/revisions"}],"predecessor-version":[{"id":444,"href":"https:\/\/ipoweb.bruxelles.be\/robertdubois\/wp-json\/wp\/v2\/pages\/253\/revisions\/444"}],"wp:attachment":[{"href":"https:\/\/ipoweb.bruxelles.be\/robertdubois\/wp-json\/wp\/v2\/media?parent=253"}],"curies":[{"name":"wp","href":"https:\/\/api.w.org\/{rel}","templated":true}]}}