{"id":257,"date":"2021-03-04T16:13:44","date_gmt":"2021-03-04T15:13:44","guid":{"rendered":"http:\/\/ipoweb.bruxelles.be\/robertdubois\/?page_id=257"},"modified":"2021-10-12T12:11:29","modified_gmt":"2021-10-12T10:11:29","slug":"la-maternelle-therapeutique","status":"publish","type":"page","link":"https:\/\/ipoweb.bruxelles.be\/robertdubois\/la-maternelle-therapeutique\/","title":{"rendered":"La maternelle th\u00e9rapeutique"},"content":{"rendered":"\n<div class=\"wp-block-group alignfull is-layout-flow wp-block-group-is-layout-flow\"><div class=\"wp-block-group__inner-container\">\n<div class=\"wp-block-media-text alignwide has-media-on-the-right is-stacked-on-mobile tw-stack-md\"><figure class=\"wp-block-media-text__media\"><img decoding=\"async\" loading=\"lazy\" width=\"768\" height=\"1024\" src=\"http:\/\/ipoweb.bruxelles.be\/robertdubois\/wp-content\/uploads\/2021\/03\/mat_the\u0301ra-768x1024.jpeg\" alt=\"\" class=\"wp-image-342 size-full\" srcset=\"https:\/\/ipoweb.bruxelles.be\/robertdubois\/wp-content\/uploads\/2021\/03\/mat_the\u0301ra-768x1024.jpeg 768w, https:\/\/ipoweb.bruxelles.be\/robertdubois\/wp-content\/uploads\/2021\/03\/mat_the\u0301ra-225x300.jpeg 225w, https:\/\/ipoweb.bruxelles.be\/robertdubois\/wp-content\/uploads\/2021\/03\/mat_the\u0301ra-1152x1536.jpeg 1152w, https:\/\/ipoweb.bruxelles.be\/robertdubois\/wp-content\/uploads\/2021\/03\/mat_the\u0301ra-1536x2048.jpeg 1536w, https:\/\/ipoweb.bruxelles.be\/robertdubois\/wp-content\/uploads\/2021\/03\/mat_the\u0301ra-1200x1600.jpeg 1200w, https:\/\/ipoweb.bruxelles.be\/robertdubois\/wp-content\/uploads\/2021\/03\/mat_the\u0301ra.jpeg 1731w\" sizes=\"(max-width: 768px) 100vw, 768px\" \/><\/figure><div class=\"wp-block-media-text__content\">\n<h4 class=\"has-text-color wp-block-heading\" style=\"color:#00bab3\"><strong>Pour qui\u202f?<\/strong>&nbsp;<\/h4>\n\n\n\n<p>L\u2019unit\u00e9 de jour p\u00e9dopsychiatrique \u00ab Maternelle th\u00e9rapeutique \u00bb accueille quotidiennement 16 enfants \u00e2g\u00e9s de 2 ans et demi \u00e0 6 ans.\u00a0\u00a0\u00a0<\/p>\n\n\n\n<p>Les enfants que nous&nbsp;accueillons le sont souvent pour des troubles importants :&nbsp;&nbsp;troubles du d\u00e9veloppement psychoaffectif, troubles de la relation, l\u2019int\u00e9gration familiale, sociale et scolaire.&nbsp;&nbsp;&nbsp;<\/p>\n\n\n\n<p>La maternelle th\u00e9rapeutique est coupl\u00e9e \u00e0 un dispositif d&rsquo;\u00e9cole maternelle de type 5.&nbsp;<\/p>\n\n\n\n<p>Un projet individualis\u00e9 de soins et d&rsquo;apprentissage est ensuite d\u00e9fini.&nbsp;<\/p>\n\n\n\n<p>La Maternelle th\u00e9rapeutique se compose d&rsquo;une \u00e9quipe pluridisciplinaire&nbsp;(enseignants maternels, psychologues, ergoth\u00e9rapeute, logop\u00e8de, infirmiers, assistant social et&nbsp; p\u00e9dopsychiatre)&nbsp;o\u00f9 chaque intervenant travaille en \u00e9troite collaboration.&nbsp;&nbsp;<\/p>\n\n\n\n<h4 class=\"has-text-color wp-block-heading\" style=\"color:#00bab3\"><strong>Comment ?<\/strong>&nbsp;<\/h4>\n\n\n\n<p>Une premi\u00e8re \u00e9tape de la prise en charge consiste en l\u2019\u00e9valuation diagnostique de la probl\u00e9matique d\u00e9veloppementale de l&rsquo;enfant : affective, cognitive, motrice, langagi\u00e8re, relationnelle et sociale.&nbsp;&nbsp;<br>&nbsp;<br>Le r\u00f4le du p\u00f4le p\u00e9dagogique consiste \u00e0 \u00e9valuer l\u2019enfant dans les diff\u00e9rents domaines d\u2019apprentissage.&nbsp;Il met&nbsp;en place un plan individuel d\u2019apprentissage (PIA).&nbsp;<\/p>\n\n\n\n<p>Des s\u00e9ances individuelles et collectives sont organis\u00e9es dans un local sp\u00e9cifique avec 2 institutrices et un \u00e9ducateur de l\u2019\u00e9cole Robert Dubois.&nbsp;<\/p>\n\n\n\n<p>L\u2019objectif est de permettre \u00e0 l\u2019enfant de poursuivre sa scolarit\u00e9 pendant l\u2019hospitalisation.&nbsp;<\/p>\n\n\n\n<p>Le p\u00f4le&nbsp;p\u00e9dagogique,&nbsp;en concertation avec&nbsp;l\u2019\u00e9quipe,&nbsp;proposera ensuite une int\u00e9gration progressive, soit dans&nbsp;l&rsquo;\u00e9cole d&rsquo;origine soit dans un enseignement adapt\u00e9 \u00e0 l&rsquo;enfant (\u00e9cole ordinaire ou sp\u00e9cialis\u00e9e).<\/p>\n<\/div><\/div>\n<\/div><\/div>\n\n\n\n<h3 class=\"has-text-color wp-block-heading\" style=\"color:#00bab3\">Contact<\/h3>\n\n\n\n<p><strong>Avenue Ernest&nbsp;Masoin 2,&nbsp;1020 Bruxelles&nbsp;<\/strong><\/p>\n\n\n\n<p><strong>ecole.r.dubois@brucity.education&nbsp;<\/strong><\/p>\n\n\n\n<p><strong>02\/477.36.47&nbsp;<\/strong><\/p>\n","protected":false},"excerpt":{"rendered":"<p>Pour qui\u202f?&nbsp; L\u2019unit\u00e9 de jour p\u00e9dopsychiatrique \u00ab Maternelle th\u00e9rapeutique \u00bb accueille quotidiennement 16 enfants \u00e2g\u00e9s de 2 ans et demi \u00e0 6 ans.\u00a0\u00a0\u00a0 Les enfants que nous&nbsp;accueillons le sont souvent pour des troubles importants :&nbsp;&nbsp;troubles du d\u00e9veloppement psychoaffectif, troubles de la relation, l\u2019int\u00e9gration familiale, sociale et scolaire.&nbsp;&nbsp;&nbsp; La maternelle th\u00e9rapeutique est coupl\u00e9e \u00e0 un dispositif&hellip;<\/p>\n","protected":false},"author":1,"featured_media":0,"parent":0,"menu_order":0,"comment_status":"closed","ping_status":"closed","template":"","meta":{"footnotes":""},"_links":{"self":[{"href":"https:\/\/ipoweb.bruxelles.be\/robertdubois\/wp-json\/wp\/v2\/pages\/257"}],"collection":[{"href":"https:\/\/ipoweb.bruxelles.be\/robertdubois\/wp-json\/wp\/v2\/pages"}],"about":[{"href":"https:\/\/ipoweb.bruxelles.be\/robertdubois\/wp-json\/wp\/v2\/types\/page"}],"author":[{"embeddable":true,"href":"https:\/\/ipoweb.bruxelles.be\/robertdubois\/wp-json\/wp\/v2\/users\/1"}],"replies":[{"embeddable":true,"href":"https:\/\/ipoweb.bruxelles.be\/robertdubois\/wp-json\/wp\/v2\/comments?post=257"}],"version-history":[{"count":9,"href":"https:\/\/ipoweb.bruxelles.be\/robertdubois\/wp-json\/wp\/v2\/pages\/257\/revisions"}],"predecessor-version":[{"id":452,"href":"https:\/\/ipoweb.bruxelles.be\/robertdubois\/wp-json\/wp\/v2\/pages\/257\/revisions\/452"}],"wp:attachment":[{"href":"https:\/\/ipoweb.bruxelles.be\/robertdubois\/wp-json\/wp\/v2\/media?parent=257"}],"curies":[{"name":"wp","href":"https:\/\/api.w.org\/{rel}","templated":true}]}}