{"id":259,"date":"2021-03-04T16:13:59","date_gmt":"2021-03-04T15:13:59","guid":{"rendered":"http:\/\/ipoweb.bruxelles.be\/robertdubois\/?page_id=259"},"modified":"2021-10-14T10:05:58","modified_gmt":"2021-10-14T08:05:58","slug":"titeca-unite-karibu","status":"publish","type":"page","link":"https:\/\/ipoweb.bruxelles.be\/robertdubois\/titeca-unite-karibu\/","title":{"rendered":"Titeca &#8211; Unit\u00e9s Karibu et Kallima"},"content":{"rendered":"\n<div class=\"wp-block-group alignfull is-layout-flow wp-block-group-is-layout-flow\"><div class=\"wp-block-group__inner-container\">\n<div class=\"wp-block-cover alignfull has-background-dim tw-mb-8\" style=\"min-height:500px\"><img decoding=\"async\" loading=\"lazy\" width=\"769\" height=\"577\" sizes=\"(max-width: 799px) 200vw,(max-width: 769px) 100vw,769px\" class=\"wp-block-cover__image-background wp-image-346\" alt=\"\" src=\"http:\/\/ipoweb.bruxelles.be\/robertdubois\/wp-content\/uploads\/2021\/03\/titeca.jpeg\" data-object-fit=\"cover\" srcset=\"https:\/\/ipoweb.bruxelles.be\/robertdubois\/wp-content\/uploads\/2021\/03\/titeca.jpeg 769w, https:\/\/ipoweb.bruxelles.be\/robertdubois\/wp-content\/uploads\/2021\/03\/titeca-300x225.jpeg 300w\" \/><div class=\"wp-block-cover__inner-container is-layout-flow wp-block-cover-is-layout-flow\">\n<h2 class=\"has-text-align-center wp-block-heading\"><strong>KARIBU &amp; KALLIMA<\/strong>&nbsp;<\/h2>\n<\/div><\/div>\n\n\n\n<h3 class=\"has-text-color wp-block-heading\" style=\"color:#00bab3\"><strong>Pour qui\u202f?<\/strong>&nbsp;<\/h3>\n\n\n\n<p>\u00abKaribu\u00bb (B2), unit\u00e9 d&rsquo;admission et de traitement intensif, et \u00abKallima\u00bb (A2), unit\u00e9 d\u2019autonomisation et de traitement intensif, accueillent des adolescents masculins \u00e2g\u00e9s de 12 \u00e0 18 ans.&nbsp;<\/p>\n\n\n\n<p>Situ\u00e9s \u00e0 l&rsquo;interface entre les secteurs communautaires de l&rsquo;aide \u00e0 la jeunesse, de la justice et de la sant\u00e9, les services&nbsp;Karibu&nbsp;et&nbsp;Kallima&nbsp;proposent une aide m\u00e9dico-psychologique et \u00e9ducative sp\u00e9cialis\u00e9e aux adolescents souffrant de troubles psychologiques s\u00e9v\u00e8res et de troubles du comportement.&nbsp;&nbsp;<\/p>\n\n\n\n<h3 class=\"has-text-color wp-block-heading\" style=\"color:#00bab3\"><strong>Comment<\/strong><strong>?<\/strong>&nbsp;<\/h3>\n\n\n\n<p>Privil\u00e9giant une approche&nbsp;multisyst\u00e9mique, le projet th\u00e9rapeutique individualis\u00e9 est \u00e9labor\u00e9 avec le jeune et son r\u00e9seau familial et social, en concertation avec le mandant et les professionnels impliqu\u00e9s dans la situation du patient (Tribunal, Service de Protection Judiciaire, institutions et services, \u2026).\u202f&nbsp;<\/p>\n\n\n\n<p>En compl\u00e9ment des ateliers th\u00e9rapeutiques centr\u00e9s sur l&rsquo;am\u00e9lioration de la qualit\u00e9 de vie et le d\u00e9veloppement des potentialit\u00e9s du jeune, les enseignants de l&rsquo;\u00c9cole Robert Dubois (de type 5) proposent, dans un contexte individualis\u00e9, des remises \u00e0 niveau scolaire, la pr\u00e9paration et l\u2019accompagnement d\u2019\u00e9preuves sp\u00e9cifiques (telle que le CEB) et\/ou la d\u00e9couverte de nouveaux horizons scolaires. Le travail des enseignants s&rsquo;effectue, quand c&rsquo;est possible, en collaboration avec l&rsquo;\u00e9cole d&rsquo;origine du patient.&nbsp;<\/p>\n\n\n\n<p>Les cours sont donn\u00e9s au sein des deux unit\u00e9s et \u00e9galement au Centre d&rsquo;Activit\u00e9s (le CA), une maison situ\u00e9e en face de l&rsquo;h\u00f4pital. Le CA est un lieu mieux adapt\u00e9 \u00e0 la mise en place\u202fdes ateliers cr\u00e9atifs et scientifiques, de l&rsquo;art th\u00e9rapie, de la cuisine etc&#8230;&nbsp;<\/p>\n\n\n\n<h3 class=\"has-text-color wp-block-heading\" style=\"color:#00bab3\">Contact<\/h3>\n\n\n\n<p><strong>Rue de la Luzerne 11, 1030 Bruxelles&nbsp;<\/strong><\/p>\n\n\n\n<p><strong>ecole.r.dubois@brucity.education&nbsp;<\/strong><\/p>\n<\/div><\/div>\n\n\n\n<p><\/p>\n","protected":false},"excerpt":{"rendered":"<p>Pour qui\u202f?&nbsp; \u00abKaribu\u00bb (B2), unit\u00e9 d&rsquo;admission et de traitement intensif, et \u00abKallima\u00bb (A2), unit\u00e9 d\u2019autonomisation et de traitement intensif, accueillent des adolescents masculins \u00e2g\u00e9s de 12 \u00e0 18 ans.&nbsp; Situ\u00e9s \u00e0 l&rsquo;interface entre les secteurs communautaires de l&rsquo;aide \u00e0 la jeunesse, de la justice et de la sant\u00e9, les services&nbsp;Karibu&nbsp;et&nbsp;Kallima&nbsp;proposent une aide m\u00e9dico-psychologique et \u00e9ducative&hellip;<\/p>\n","protected":false},"author":1,"featured_media":0,"parent":0,"menu_order":0,"comment_status":"closed","ping_status":"closed","template":"","meta":{"footnotes":""},"_links":{"self":[{"href":"https:\/\/ipoweb.bruxelles.be\/robertdubois\/wp-json\/wp\/v2\/pages\/259"}],"collection":[{"href":"https:\/\/ipoweb.bruxelles.be\/robertdubois\/wp-json\/wp\/v2\/pages"}],"about":[{"href":"https:\/\/ipoweb.bruxelles.be\/robertdubois\/wp-json\/wp\/v2\/types\/page"}],"author":[{"embeddable":true,"href":"https:\/\/ipoweb.bruxelles.be\/robertdubois\/wp-json\/wp\/v2\/users\/1"}],"replies":[{"embeddable":true,"href":"https:\/\/ipoweb.bruxelles.be\/robertdubois\/wp-json\/wp\/v2\/comments?post=259"}],"version-history":[{"count":7,"href":"https:\/\/ipoweb.bruxelles.be\/robertdubois\/wp-json\/wp\/v2\/pages\/259\/revisions"}],"predecessor-version":[{"id":465,"href":"https:\/\/ipoweb.bruxelles.be\/robertdubois\/wp-json\/wp\/v2\/pages\/259\/revisions\/465"}],"wp:attachment":[{"href":"https:\/\/ipoweb.bruxelles.be\/robertdubois\/wp-json\/wp\/v2\/media?parent=259"}],"curies":[{"name":"wp","href":"https:\/\/api.w.org\/{rel}","templated":true}]}}