{"id":41,"date":"2020-12-01T15:05:54","date_gmt":"2020-12-01T14:05:54","guid":{"rendered":"http:\/\/ipoweb.bruxelles.be\/robertdubois\/?page_id=41"},"modified":"2021-06-03T15:21:07","modified_gmt":"2021-06-03T13:21:07","slug":"oui","status":"publish","type":"page","link":"https:\/\/ipoweb.bruxelles.be\/robertdubois\/","title":{"rendered":"\u00c9cole Robert Dubois"},"content":{"rendered":"\n<div class=\"wp-block-cover alignfull is-style-default\" style=\"min-height:385px\"><img decoding=\"async\" loading=\"lazy\" width=\"1920\" height=\"1255\" sizes=\"(max-width: 799px) 200vw,(max-width: 1920px) 100vw,1920px\" class=\"wp-block-cover__image-background wp-image-414\" alt=\"\" src=\"http:\/\/ipoweb.bruxelles.be\/robertdubois\/wp-content\/uploads\/2021\/06\/color-pencil-1022033_1920-2.jpg\" style=\"object-position:20% 72%\" data-object-fit=\"cover\" data-object-position=\"20% 72%\" srcset=\"https:\/\/ipoweb.bruxelles.be\/robertdubois\/wp-content\/uploads\/2021\/06\/color-pencil-1022033_1920-2.jpg 1920w, https:\/\/ipoweb.bruxelles.be\/robertdubois\/wp-content\/uploads\/2021\/06\/color-pencil-1022033_1920-2-300x196.jpg 300w, https:\/\/ipoweb.bruxelles.be\/robertdubois\/wp-content\/uploads\/2021\/06\/color-pencil-1022033_1920-2-1024x669.jpg 1024w, https:\/\/ipoweb.bruxelles.be\/robertdubois\/wp-content\/uploads\/2021\/06\/color-pencil-1022033_1920-2-768x502.jpg 768w, https:\/\/ipoweb.bruxelles.be\/robertdubois\/wp-content\/uploads\/2021\/06\/color-pencil-1022033_1920-2-1536x1004.jpg 1536w, https:\/\/ipoweb.bruxelles.be\/robertdubois\/wp-content\/uploads\/2021\/06\/color-pencil-1022033_1920-2-1200x784.jpg 1200w\" \/><div class=\"wp-block-cover__inner-container is-layout-flow wp-block-cover-is-layout-flow\">\n<h5 class=\"alignwide has-text-align-right wp-block-heading\"><span style=\"color:#00baab\" class=\"has-inline-color\">Bienvenue \u00e0<br>l\u2019\u00c9cole Robert Dubois<\/span><\/h5>\n\n\n\n<div class=\"wp-block-group\"><div class=\"wp-block-group__inner-container is-layout-flow wp-block-group-is-layout-flow\">\n<div class=\"wp-block-buttons is-content-justification-center is-layout-flex wp-block-buttons-is-layout-flex\">\n<div class=\"wp-block-button\"><a class=\"wp-block-button__link has-background-background-color has-text-color has-background\" style=\"border-radius:50px;color:#00bab3\">\u00e0 propos de l&rsquo;\u00e9cole<\/a><\/div>\n\n\n\n<div class=\"wp-block-button\"><a class=\"wp-block-button__link has-background-background-color has-text-color has-background\" style=\"border-radius:50px;color:#00bab3\">inscriptions<\/a><\/div>\n<\/div>\n<\/div><\/div>\n\n\n\n<p><\/p>\n<\/div><\/div>\n\n\n\n<p class=\"has-text-align-center tw-mb-7 tw-mt-7 has-medium-font-size\">Pr\u00f4nant un enseignement individualis\u00e9 calqu\u00e9 sur l&rsquo;\u00e9tat de sant\u00e9 de l&rsquo;\u00e9l\u00e8ve, l&rsquo;\u00e9cole Robert Dubois organise les niveaux d&rsquo;enseignement maternel, primaire et secondaire.<\/p>\n\n\n\n<div class=\"wp-block-group alignfull has-subtle-background-background-color has-background\"><div class=\"wp-block-group__inner-container is-layout-flow wp-block-group-is-layout-flow\">\n<h2 class=\"has-text-align-center has-primary-color has-text-color wp-block-heading\">Nos implantations<\/h2>\n\n\n\n<div class=\"wp-block-columns alignwide tw-cols-card tw-cols-card-shadow tw-stretched-media is-layout-flex wp-container-7 wp-block-columns-is-layout-flex\">\n<div class=\"wp-block-column is-layout-flow wp-block-column-is-layout-flow\">\n<figure class=\"wp-block-image size-large\"><a href=\"http:\/\/ipoweb.bruxelles.be\/robertdubois\/les-ados-de-robert-dubois\/\"><img decoding=\"async\" loading=\"lazy\" width=\"800\" height=\"520\" src=\"http:\/\/ipoweb.bruxelles.be\/robertdubois\/wp-content\/uploads\/2021\/03\/les_ados_800x520.jpg\" alt=\"\" class=\"wp-image-301\" srcset=\"https:\/\/ipoweb.bruxelles.be\/robertdubois\/wp-content\/uploads\/2021\/03\/les_ados_800x520.jpg 800w, https:\/\/ipoweb.bruxelles.be\/robertdubois\/wp-content\/uploads\/2021\/03\/les_ados_800x520-300x195.jpg 300w, https:\/\/ipoweb.bruxelles.be\/robertdubois\/wp-content\/uploads\/2021\/03\/les_ados_800x520-768x499.jpg 768w\" sizes=\"(max-width: 800px) 100vw, 800px\" \/><\/a><\/figure>\n\n\n\n<h3 class=\"has-text-color has-h-5-font-size wp-block-heading\" style=\"color:#029d98\">Les Ados de Robert Dubois<\/h3>\n\n\n\n<p>L&rsquo;implantation \u00ab\u00a0Les Ados de Robert Dubois\u00a0\u00bb accueille des jeunes de l\u2019enseignement secondaire en situation de phobie scolaire.<\/p>\n<\/div>\n\n\n\n<div class=\"wp-block-column is-layout-flow wp-block-column-is-layout-flow\">\n<figure class=\"wp-block-image size-large\"><a href=\"http:\/\/ipoweb.bruxelles.be\/robertdubois\/le-centre-ado\/\"><img decoding=\"async\" loading=\"lazy\" width=\"800\" height=\"520\" src=\"http:\/\/ipoweb.bruxelles.be\/robertdubois\/wp-content\/uploads\/2021\/03\/le_centre_ado_800x520.jpg\" alt=\"\" class=\"wp-image-299\" srcset=\"https:\/\/ipoweb.bruxelles.be\/robertdubois\/wp-content\/uploads\/2021\/03\/le_centre_ado_800x520.jpg 800w, https:\/\/ipoweb.bruxelles.be\/robertdubois\/wp-content\/uploads\/2021\/03\/le_centre_ado_800x520-300x195.jpg 300w, https:\/\/ipoweb.bruxelles.be\/robertdubois\/wp-content\/uploads\/2021\/03\/le_centre_ado_800x520-768x499.jpg 768w\" sizes=\"(max-width: 800px) 100vw, 800px\" \/><\/a><\/figure>\n\n\n\n<h3 class=\"has-text-color has-h-5-font-size wp-block-heading\" style=\"color:#029d98\">Le Centre Ados<\/h3>\n\n\n\n<p>L\u2019\u00c9cole Robert Dubois offre un partenariat avec&nbsp;le Centre Ados, un centre&nbsp;hospitalier&nbsp;de jour pour adolescents situ\u00e9 \u00e0 Anderlecht.&nbsp;&nbsp;<\/p>\n<\/div>\n\n\n\n<div class=\"wp-block-column is-layout-flow wp-block-column-is-layout-flow\">\n<figure class=\"wp-block-image size-large\"><a href=\"http:\/\/ipoweb.bruxelles.be\/robertdubois\/le-domaine\/\"><img decoding=\"async\" loading=\"lazy\" width=\"800\" height=\"520\" src=\"http:\/\/ipoweb.bruxelles.be\/robertdubois\/wp-content\/uploads\/2021\/03\/le_domaine_800x520.jpg\" alt=\"\" class=\"wp-image-300\" srcset=\"https:\/\/ipoweb.bruxelles.be\/robertdubois\/wp-content\/uploads\/2021\/03\/le_domaine_800x520.jpg 800w, https:\/\/ipoweb.bruxelles.be\/robertdubois\/wp-content\/uploads\/2021\/03\/le_domaine_800x520-300x195.jpg 300w, https:\/\/ipoweb.bruxelles.be\/robertdubois\/wp-content\/uploads\/2021\/03\/le_domaine_800x520-768x499.jpg 768w\" sizes=\"(max-width: 800px) 100vw, 800px\" \/><\/a><\/figure>\n\n\n\n<h3 class=\"has-text-color has-h-5-font-size wp-block-heading\" style=\"color:#029d98\">Le Domaine<\/h3>\n\n\n\n<p>Dans le cadre apaisant d\u2019un parc arbor\u00e9, les enseignants accompagnent les adolescents (de 12 \u00e0 21 ans) pendant leur s\u00e9jour \u00e0 l\u2019h\u00f4pital psychiatrique.&nbsp;<\/p>\n<\/div>\n<\/div>\n<\/div><\/div>\n\n\n\n<div class=\"wp-block-group alignfull has-subtle-background-background-color has-background\"><div class=\"wp-block-group__inner-container is-layout-flow wp-block-group-is-layout-flow\">\n<div class=\"wp-block-columns alignwide tw-cols-card tw-cols-card-shadow tw-stretched-media is-layout-flex wp-container-13 wp-block-columns-is-layout-flex\">\n<div class=\"wp-block-column is-layout-flow wp-block-column-is-layout-flow\">\n<figure class=\"wp-block-image size-large\"><img decoding=\"async\" loading=\"lazy\" width=\"800\" height=\"520\" src=\"http:\/\/ipoweb.bruxelles.be\/robertdubois\/wp-content\/uploads\/2021\/03\/erasme_800x520.jpg\" alt=\"\" class=\"wp-image-297\" srcset=\"https:\/\/ipoweb.bruxelles.be\/robertdubois\/wp-content\/uploads\/2021\/03\/erasme_800x520.jpg 800w, https:\/\/ipoweb.bruxelles.be\/robertdubois\/wp-content\/uploads\/2021\/03\/erasme_800x520-300x195.jpg 300w, https:\/\/ipoweb.bruxelles.be\/robertdubois\/wp-content\/uploads\/2021\/03\/erasme_800x520-768x499.jpg 768w\" sizes=\"(max-width: 800px) 100vw, 800px\" \/><\/figure>\n\n\n\n<h3 class=\"has-text-color has-h-5-font-size wp-block-heading\" style=\"color:#029d98\">Erasme<\/h3>\n\n\n\n<p>Une&nbsp;\u00e9quipe p\u00e9dagogique assure la prise en charge des enfants hospitalis\u00e9s, au sein des diff\u00e9rents services hospitaliers.<\/p>\n<\/div>\n\n\n\n<div class=\"wp-block-column is-layout-flow wp-block-column-is-layout-flow\">\n<figure class=\"wp-block-image size-large\"><a href=\"http:\/\/ipoweb.bruxelles.be\/robertdubois\/huderf\/\"><img decoding=\"async\" loading=\"lazy\" width=\"800\" height=\"520\" src=\"http:\/\/ipoweb.bruxelles.be\/robertdubois\/wp-content\/uploads\/2021\/03\/huderf_800x520.jpg\" alt=\"\" class=\"wp-image-298\" srcset=\"https:\/\/ipoweb.bruxelles.be\/robertdubois\/wp-content\/uploads\/2021\/03\/huderf_800x520.jpg 800w, https:\/\/ipoweb.bruxelles.be\/robertdubois\/wp-content\/uploads\/2021\/03\/huderf_800x520-300x195.jpg 300w, https:\/\/ipoweb.bruxelles.be\/robertdubois\/wp-content\/uploads\/2021\/03\/huderf_800x520-768x499.jpg 768w\" sizes=\"(max-width: 800px) 100vw, 800px\" \/><\/a><\/figure>\n\n\n\n<h3 class=\"has-text-color has-h-5-font-size wp-block-heading\" style=\"color:#029d98\">Huderf<\/h3>\n\n\n\n<p>A l\u2019H\u00f4pital des Enfants, nous accueillons,&nbsp;au sein de l\u2019\u00e9cole Robert Dubois,&nbsp;des enfants et des adolescents \u00e2g\u00e9s de 2 ans \u00bd \u00e0&nbsp;21&nbsp;ans.&nbsp;<\/p>\n<\/div>\n\n\n\n<div class=\"wp-block-column is-layout-flow wp-block-column-is-layout-flow\">\n<figure class=\"wp-block-image size-large\"><a href=\"http:\/\/ipoweb.bruxelles.be\/robertdubois\/la-maternelle-therapeutique\/\"><img decoding=\"async\" loading=\"lazy\" width=\"800\" height=\"520\" src=\"http:\/\/ipoweb.bruxelles.be\/robertdubois\/wp-content\/uploads\/2021\/03\/mat_thera_800x520.jpg\" alt=\"\" class=\"wp-image-302\" srcset=\"https:\/\/ipoweb.bruxelles.be\/robertdubois\/wp-content\/uploads\/2021\/03\/mat_thera_800x520.jpg 800w, https:\/\/ipoweb.bruxelles.be\/robertdubois\/wp-content\/uploads\/2021\/03\/mat_thera_800x520-300x195.jpg 300w, https:\/\/ipoweb.bruxelles.be\/robertdubois\/wp-content\/uploads\/2021\/03\/mat_thera_800x520-768x499.jpg 768w\" sizes=\"(max-width: 800px) 100vw, 800px\" \/><\/a><\/figure>\n\n\n\n<h3 class=\"has-text-color has-h-5-font-size wp-block-heading\" style=\"color:#029d98\">Maternelle th\u00e9rapeutique<\/h3>\n\n\n\n<p>L\u2019unit\u00e9 de jour p\u00e9dopsychiatrique \u00ab Maternelle th\u00e9rapeutique \u00bb accueille quotidiennement 16 enfants \u00e2g\u00e9s de 2 ans \u00bd \u00e0 6 ans.&nbsp;&nbsp;&nbsp;<\/p>\n<\/div>\n\n\n\n<div class=\"wp-block-column is-layout-flow wp-block-column-is-layout-flow\">\n<figure class=\"wp-block-image size-large\"><a href=\"http:\/\/ipoweb.bruxelles.be\/robertdubois\/titeca-unite-karibu\/\"><img decoding=\"async\" loading=\"lazy\" width=\"800\" height=\"520\" src=\"http:\/\/ipoweb.bruxelles.be\/robertdubois\/wp-content\/uploads\/2021\/03\/titeca_800x520.jpg\" alt=\"\" class=\"wp-image-303\" srcset=\"https:\/\/ipoweb.bruxelles.be\/robertdubois\/wp-content\/uploads\/2021\/03\/titeca_800x520.jpg 800w, https:\/\/ipoweb.bruxelles.be\/robertdubois\/wp-content\/uploads\/2021\/03\/titeca_800x520-300x195.jpg 300w, https:\/\/ipoweb.bruxelles.be\/robertdubois\/wp-content\/uploads\/2021\/03\/titeca_800x520-768x499.jpg 768w\" sizes=\"(max-width: 800px) 100vw, 800px\" \/><\/a><\/figure>\n\n\n\n<h3 class=\"has-text-color has-h-5-font-size wp-block-heading\" style=\"color:#029d98\">Titeca &#8211; Unit\u00e9 Karibu<\/h3>\n\n\n\n<p>\u00abKaribu\u00bb (B2), unit\u00e9 d&rsquo;admission et de traitement intensif accueille des adolescents masculins \u00e2g\u00e9s de 12 \u00e0 18 ans.&nbsp;<\/p>\n<\/div>\n<\/div>\n<\/div><\/div>\n\n\n\n<div class=\"wp-block-group alignfull\"><div class=\"wp-block-group__inner-container is-layout-flow wp-block-group-is-layout-flow\">\n<h2 class=\"has-text-align-center wp-block-heading\">Vous souhaitez inscrire votre enfant \u00e0 l&rsquo;\u00c9cole Robert Dubois ?<\/h2>\n\n\n\n<div class=\"wp-block-buttons is-content-justification-center is-layout-flex wp-block-buttons-is-layout-flex\">\n<div class=\"wp-block-button\"><a class=\"wp-block-button__link has-accent-color has-text-color has-background\" style=\"border-radius:50px;background-color:#00bab3\">Inscription et conditions d&rsquo;admission<\/a><\/div>\n<\/div>\n<\/div><\/div>\n","protected":false},"excerpt":{"rendered":"<p>Pr\u00f4nant un enseignement individualis\u00e9 calqu\u00e9 sur l&rsquo;\u00e9tat de sant\u00e9 de l&rsquo;\u00e9l\u00e8ve, l&rsquo;\u00e9cole Robert Dubois organise les niveaux d&rsquo;enseignement maternel, primaire et secondaire. Nos implantations Les Ados de Robert Dubois L&rsquo;implantation \u00ab\u00a0Les Ados de Robert Dubois\u00a0\u00bb accueille des jeunes de l\u2019enseignement secondaire en situation de phobie scolaire. Le Centre Ados L\u2019\u00c9cole Robert Dubois offre un partenariat&hellip;<\/p>\n","protected":false},"author":1,"featured_media":414,"parent":0,"menu_order":0,"comment_status":"closed","ping_status":"closed","template":"tw-no-title.php","meta":{"footnotes":""},"_links":{"self":[{"href":"https:\/\/ipoweb.bruxelles.be\/robertdubois\/wp-json\/wp\/v2\/pages\/41"}],"collection":[{"href":"https:\/\/ipoweb.bruxelles.be\/robertdubois\/wp-json\/wp\/v2\/pages"}],"about":[{"href":"https:\/\/ipoweb.bruxelles.be\/robertdubois\/wp-json\/wp\/v2\/types\/page"}],"author":[{"embeddable":true,"href":"https:\/\/ipoweb.bruxelles.be\/robertdubois\/wp-json\/wp\/v2\/users\/1"}],"replies":[{"embeddable":true,"href":"https:\/\/ipoweb.bruxelles.be\/robertdubois\/wp-json\/wp\/v2\/comments?post=41"}],"version-history":[{"count":61,"href":"https:\/\/ipoweb.bruxelles.be\/robertdubois\/wp-json\/wp\/v2\/pages\/41\/revisions"}],"predecessor-version":[{"id":422,"href":"https:\/\/ipoweb.bruxelles.be\/robertdubois\/wp-json\/wp\/v2\/pages\/41\/revisions\/422"}],"wp:featuredmedia":[{"embeddable":true,"href":"https:\/\/ipoweb.bruxelles.be\/robertdubois\/wp-json\/wp\/v2\/media\/414"}],"wp:attachment":[{"href":"https:\/\/ipoweb.bruxelles.be\/robertdubois\/wp-json\/wp\/v2\/media?parent=41"}],"curies":[{"name":"wp","href":"https:\/\/api.w.org\/{rel}","templated":true}]}}