{"id":8,"date":"2020-11-24T15:12:59","date_gmt":"2020-11-24T14:12:59","guid":{"rendered":"http:\/\/ipoweb.bruxelles.be\/robertdubois\/?page_id=8"},"modified":"2021-10-18T13:51:20","modified_gmt":"2021-10-18T11:51:20","slug":"contact","status":"publish","type":"page","link":"https:\/\/ipoweb.bruxelles.be\/robertdubois\/contact\/","title":{"rendered":"Contact"},"content":{"rendered":"\n<div class=\"wp-block-group alignfull is-layout-flow wp-block-group-is-layout-flow\"><div class=\"wp-block-group__inner-container\">\n<div class=\"wp-block-columns alignwide tw-gutter-large tw-cols-stack-md is-layout-flex wp-container-3 wp-block-columns-is-layout-flex\">\n<div class=\"wp-block-column is-layout-flow wp-block-column-is-layout-flow\" style=\"--col-width:33.33%;flex-basis:33.33%\">\n<h2 class=\"wp-block-heading\">Contactez-nous<\/h2>\n\n\n\n<p class=\"has-primary-color has-text-color\"><strong>\u00c9cole Robert Dubois<\/strong><br>Avenue Jean-Joseph Crocq 17<br>1020 Laeken<br>T\u00e9l\u00e9phone : 02 477 31 62<br>Fax : 02 477 33 61<br>Mail : <a href=\"mailto:ecole.r.dubois@brucity.education\">ecole.r.dubois@brucity.education<\/a><\/p>\n\n\n\n<p><\/p>\n<\/div>\n\n\n\n<div class=\"wp-block-column is-vertically-aligned-top is-layout-flow wp-block-column-is-layout-flow\" style=\"--col-width:66.66%;flex-basis:66.66%\">\n<iframe loading=\"lazy\" src=\"https:\/\/www.google.com\/maps\/embed?pb=!1m18!1m12!1m3!1d2516.9078546195988!2d4.326338815747318!3d50.8884157795382!2m3!1f0!2f0!3f0!3m2!1i1024!2i768!4f13.1!3m3!1m2!1s0x47c3c3cd722a98c5%3A0x26ff7b4d1725a472!2sAvenue%20Jean%20Joseph%20Crocq%2017%2C%201020%20Bruxelles!5e0!3m2!1sfr!2sbe!4v1606988338052!5m2!1sfr!2sbe\" style=\"border:0;\" allowfullscreen=\"\" aria-hidden=\"false\" tabindex=\"0\" width=\"800\" height=\"600\" frameborder=\"0\"><\/iframe>\n<\/div>\n<\/div>\n\n\n\n<h3 class=\"wp-block-heading\">Postuler \u00e0 l&rsquo;\u00e9cole Robert Dubois<\/h3>\n\n\n\n<p>Pour postuler \u00e0 l&rsquo;\u00e9cole Robert Dubois, vous devez obligatoirement vous adresser au service de L&rsquo;Instruction Publique de la Ville de Bruxelles. https:\/\/instructionpublique.bruxelles.be\/<\/p>\n<\/div><\/div>\n\n\n\n<h3 class=\"wp-block-heading\">Effectuer un stage \u00e0 l&rsquo;\u00e9cole Robert Dubois<\/h3>\n\n\n\n<p>Nous accueillons principalement des \u00e9l\u00e8ves issus des \u00e9coles du pouvoir organisateur de La Ville de Bruxelles.<\/p>\n\n\n\n\n\n<p><\/p>\n","protected":false},"excerpt":{"rendered":"<p>Contactez-nous \u00c9cole Robert DuboisAvenue Jean-Joseph Crocq 171020 LaekenT\u00e9l\u00e9phone : 02 477 31 62Fax : 02 477 33 61Mail : ecole.r.dubois@brucity.education Postuler \u00e0 l&rsquo;\u00e9cole Robert Dubois Pour postuler \u00e0 l&rsquo;\u00e9cole Robert Dubois, vous devez obligatoirement vous adresser au service de L&rsquo;Instruction Publique de la Ville de Bruxelles. https:\/\/instructionpublique.bruxelles.be\/ Effectuer un stage \u00e0 l&rsquo;\u00e9cole Robert Dubois Nous&hellip;<\/p>\n","protected":false},"author":1,"featured_media":0,"parent":0,"menu_order":0,"comment_status":"closed","ping_status":"closed","template":"tw-no-title.php","meta":{"footnotes":""},"_links":{"self":[{"href":"https:\/\/ipoweb.bruxelles.be\/robertdubois\/wp-json\/wp\/v2\/pages\/8"}],"collection":[{"href":"https:\/\/ipoweb.bruxelles.be\/robertdubois\/wp-json\/wp\/v2\/pages"}],"about":[{"href":"https:\/\/ipoweb.bruxelles.be\/robertdubois\/wp-json\/wp\/v2\/types\/page"}],"author":[{"embeddable":true,"href":"https:\/\/ipoweb.bruxelles.be\/robertdubois\/wp-json\/wp\/v2\/users\/1"}],"replies":[{"embeddable":true,"href":"https:\/\/ipoweb.bruxelles.be\/robertdubois\/wp-json\/wp\/v2\/comments?post=8"}],"version-history":[{"count":11,"href":"https:\/\/ipoweb.bruxelles.be\/robertdubois\/wp-json\/wp\/v2\/pages\/8\/revisions"}],"predecessor-version":[{"id":469,"href":"https:\/\/ipoweb.bruxelles.be\/robertdubois\/wp-json\/wp\/v2\/pages\/8\/revisions\/469"}],"wp:attachment":[{"href":"https:\/\/ipoweb.bruxelles.be\/robertdubois\/wp-json\/wp\/v2\/media?parent=8"}],"curies":[{"name":"wp","href":"https:\/\/api.w.org\/{rel}","templated":true}]}}