{"id":87,"date":"2020-12-03T10:44:11","date_gmt":"2020-12-03T09:44:11","guid":{"rendered":"http:\/\/ipoweb.bruxelles.be\/robertdubois\/?page_id=87"},"modified":"2021-10-13T11:39:47","modified_gmt":"2021-10-13T09:39:47","slug":"notre-enseignement","status":"publish","type":"page","link":"https:\/\/ipoweb.bruxelles.be\/robertdubois\/notre-enseignement\/","title":{"rendered":"Notre enseignement"},"content":{"rendered":"\n<h3 class=\"alignwide has-text-color wp-block-heading\" style=\"color:#00bab3\"><strong>Pr\u00f4nant un enseignement individualis\u00e9&nbsp;adapt\u00e9 \u00e0 l&rsquo;\u00e9tat de sant\u00e9 de l&rsquo;\u00e9l\u00e8ve, l&rsquo;\u00e9cole Robert Dubois organise les niveaux d&rsquo;enseignement maternel, primaire et secondaire.<\/strong>&nbsp;<\/h3>\n\n\n\n<div class=\"wp-block-group alignfull has-primary-color has-text-color has-background is-layout-flow wp-block-group-is-layout-flow\" style=\"background-color:#fafafa\"><div class=\"wp-block-group__inner-container\">\n<h2 class=\"has-text-align-center wp-block-heading\">Notre mission<\/h2>\n\n\n\n<div class=\"wp-block-columns alignwide tw-gutter-large is-layout-flex wp-container-3 wp-block-columns-is-layout-flex\">\n<div class=\"wp-block-column is-layout-flow wp-block-column-is-layout-flow\">\n<p>L\u2019\u00e9cole Robert Dubois est un \u00e9tablissement d&rsquo;enseignement sp\u00e9cialis\u00e9 de type 5 qui accueille les enfants de 2 ans et demi \u00e0 21 ans, organisant donc les niveaux d&rsquo;enseignement maternel, primaire et secondaire. Fond\u00e9 sur des principes de d\u00e9mocratie, de neutralit\u00e9 et de pluralisme, son enseignement appartient au r\u00e9seau officiel subventionn\u00e9 et est accessible \u00e0 tous, sans distinction de sexe, d&rsquo;origine ethnique, de convictions politiques, philosophiques ou religieuses.<\/p>\n\n\n\n<p>Les enseignants accueillent des jeunes de toutes origines, de tous niveaux, issus des diff\u00e9rents r\u00e9seaux de l&rsquo;enseignement ordinaire ou sp\u00e9cialis\u00e9.<\/p>\n<\/div>\n\n\n\n<div class=\"wp-block-column is-layout-flow wp-block-column-is-layout-flow\">\n<p>L&rsquo;objectif de l&rsquo;\u00e9tablissement est d\u2019\u00e9viter les retards scolaires trop importants et de maintenir l&rsquo;habitude d&rsquo;un travail r\u00e9gulier. L\u2019enseignement en h\u00f4pital est un enseignement individualis\u00e9, visant \u00e0 aider l&rsquo;enfant \u00e0 maintenir ses connaissances et, dans la mesure du possible, \u00e0 les d\u00e9velopper. L&rsquo;horaire des cours est calqu\u00e9 sur les horaires de prestation de l&rsquo;enseignement officiel mais peut \u00eatre assoupli en fonction de l&rsquo;\u00e9tat de sant\u00e9 des enfants.&nbsp;<\/p>\n\n\n\n<p>Non certificative, l\u2019\u00e9cole Robert Dubois travaille en \u00e9troite collaboration avec les \u00e9coles d\u2019origine des jeunes.&nbsp;<\/p>\n<\/div>\n<\/div>\n<\/div><\/div>\n\n\n\n<div class=\"wp-block-group alignfull has-primary-color has-accent-background-color has-text-color has-background is-layout-flow wp-block-group-is-layout-flow\"><div class=\"wp-block-group__inner-container\">\n<h2 class=\"has-text-align-center wp-block-heading\">Notre fonctionnement<\/h2>\n\n\n\n<div class=\"wp-block-columns alignwide tw-gutter-large is-layout-flex wp-container-7 wp-block-columns-is-layout-flex\">\n<div class=\"wp-block-column is-layout-flow wp-block-column-is-layout-flow\">\n<p>Tous les \u00e9l\u00e8ves que nous accueillons <strong>restent inscrits dans leur \u00e9cole d\u2019origine<\/strong> et <strong>sont couverts par un certificat m\u00e9dical.<\/strong>&nbsp; Notre enseignement est dispens\u00e9 :&nbsp;<\/p>\n\n\n\n<ul><li>Au chevet de l&rsquo;enfant\u202f<\/li><li>Durant un traitement ou une hospitalisation\u202f&nbsp;<\/li><li>Dans les classes au sein des locaux de&nbsp;l\u2019\u00e9cole attenante \u00e0 l\u2019h\u00f4pital d\u00e8s que l&rsquo;autorisation m\u00e9dicale est donn\u00e9e\u202f<\/li><li>Apr\u00e8s l\u2019hospitalisation et si l\u2019\u00e9tat de sant\u00e9 de l\u2019enfant ne permet pas un retour imm\u00e9diat dans son \u00e9cole d\u2019origine&nbsp;<\/li><\/ul>\n\n\n\n<p>L\u2019\u00e9cole propose des activit\u00e9s extra-acad\u00e9miques adapt\u00e9es \u00e0 l\u2019enfant\u202f: sorties&nbsp;en ext\u00e9rieur, visites culturelles, \u00e9changes avec une \u00e9cole de cirque, r\u00e9daction du journal de l\u2019\u00e9cole, etc&#8230;&nbsp;<\/p>\n<\/div>\n\n\n\n<div class=\"wp-block-column is-layout-flow wp-block-column-is-layout-flow\">\n<p>L\u2019\u00e9cole Robert Dubois favorise par ailleurs la r\u00e9ussite et la r\u00e9insertion gr\u00e2ce \u00e0\u202f:&nbsp;<\/p>\n\n\n\n<ul><li>Un plan individuel d\u2019apprentissage (PIA) propre \u00e0 chaque \u00e9l\u00e8ve et g\u00e9r\u00e9 par son professeur r\u00e9f\u00e9rent<\/li><li>Une coordination quotidienne entre l\u2019\u00e9quipe p\u00e9dagogique de l\u2019\u00e9cole d\u2019origine, celle de l\u2019h\u00f4pital, et les membres de l\u2019\u00e9quipe m\u00e9dicale&nbsp;<\/li><li>Des conseils de classe et la participation active du CPMS 5 (propre au milieu hospitalier)<\/li><\/ul>\n<\/div>\n<\/div>\n<\/div><\/div>\n","protected":false},"excerpt":{"rendered":"<p>Pr\u00f4nant un enseignement individualis\u00e9&nbsp;adapt\u00e9 \u00e0 l&rsquo;\u00e9tat de sant\u00e9 de l&rsquo;\u00e9l\u00e8ve, l&rsquo;\u00e9cole Robert Dubois organise les niveaux d&rsquo;enseignement maternel, primaire et secondaire.&nbsp; Notre mission L\u2019\u00e9cole Robert Dubois est un \u00e9tablissement d&rsquo;enseignement sp\u00e9cialis\u00e9 de type 5 qui accueille les enfants de 2 ans et demi \u00e0 21 ans, organisant donc les niveaux d&rsquo;enseignement maternel, primaire et secondaire.&hellip;<\/p>\n","protected":false},"author":1,"featured_media":0,"parent":0,"menu_order":0,"comment_status":"closed","ping_status":"closed","template":"tw-no-title.php","meta":{"footnotes":""},"_links":{"self":[{"href":"https:\/\/ipoweb.bruxelles.be\/robertdubois\/wp-json\/wp\/v2\/pages\/87"}],"collection":[{"href":"https:\/\/ipoweb.bruxelles.be\/robertdubois\/wp-json\/wp\/v2\/pages"}],"about":[{"href":"https:\/\/ipoweb.bruxelles.be\/robertdubois\/wp-json\/wp\/v2\/types\/page"}],"author":[{"embeddable":true,"href":"https:\/\/ipoweb.bruxelles.be\/robertdubois\/wp-json\/wp\/v2\/users\/1"}],"replies":[{"embeddable":true,"href":"https:\/\/ipoweb.bruxelles.be\/robertdubois\/wp-json\/wp\/v2\/comments?post=87"}],"version-history":[{"count":24,"href":"https:\/\/ipoweb.bruxelles.be\/robertdubois\/wp-json\/wp\/v2\/pages\/87\/revisions"}],"predecessor-version":[{"id":461,"href":"https:\/\/ipoweb.bruxelles.be\/robertdubois\/wp-json\/wp\/v2\/pages\/87\/revisions\/461"}],"wp:attachment":[{"href":"https:\/\/ipoweb.bruxelles.be\/robertdubois\/wp-json\/wp\/v2\/media?parent=87"}],"curies":[{"name":"wp","href":"https:\/\/api.w.org\/{rel}","templated":true}]}}