{"id":89,"date":"2020-12-03T10:44:25","date_gmt":"2020-12-03T09:44:25","guid":{"rendered":"http:\/\/ipoweb.bruxelles.be\/robertdubois\/?page_id=89"},"modified":"2021-10-12T12:06:53","modified_gmt":"2021-10-12T10:06:53","slug":"un-peu-dhistoire","status":"publish","type":"page","link":"https:\/\/ipoweb.bruxelles.be\/robertdubois\/un-peu-dhistoire\/","title":{"rendered":"Un peu d&rsquo;histoire"},"content":{"rendered":"\n<div class=\"wp-block-group alignfull is-layout-flow wp-block-group-is-layout-flow\"><div class=\"wp-block-group__inner-container\">\n<h2 class=\"has-text-align-center has-text-color wp-block-heading\" style=\"color:#00bab3\">Un peu d&rsquo;histoire&#8230;<\/h2>\n<\/div><\/div>\n\n\n\n<div class=\"wp-block-group alignfull is-layout-flow wp-block-group-is-layout-flow\"><div class=\"wp-block-group__inner-container\">\n<div class=\"wp-block-columns alignwide is-layout-flex wp-container-6 wp-block-columns-is-layout-flex\">\n<div class=\"wp-block-column is-layout-flow wp-block-column-is-layout-flow\">\n<p class=\"has-text-color\" style=\"color:#00bab3\"><strong>1951<\/strong><\/p>\n\n\n\n<p>Le Professeur Robert Dubois organise des classes au sein du service de p\u00e9diatrie de l\u2019unit\u00e9 infantile \u00e0 l\u2019h\u00f4pital <strong><em>Saint Pierre<\/em><\/strong>, pr\u00e9mices de l\u2019enseignement de type 5.<\/p>\n<\/div>\n\n\n\n<div class=\"wp-block-column is-layout-flow wp-block-column-is-layout-flow\">\n<p class=\"has-text-color\" style=\"color:#00bab3\"><strong>1986<\/strong><\/p>\n\n\n\n<p>L\u2019h\u00f4pital universitaire des enfants Reine Fabiola (Huderf) voit le jour.&nbsp;Une deuxi\u00e8me \u00e9cole Robert Dubois est cr\u00e9\u00e9e au sein du nouvel h\u00f4pital.<\/p>\n<\/div>\n\n\n\n<div class=\"wp-block-column is-layout-flow wp-block-column-is-layout-flow\">\n<p class=\"has-text-color\" style=\"color:#00bab3\"><strong>1990<\/strong><\/p>\n\n\n\n<p>Cr\u00e9ation de la <strong><em>maternelle th\u00e9rapeutique <\/em><\/strong>\u00e0 l\u2019initiative du Dr De Vriendt.<\/p>\n<\/div>\n\n\n\n<div class=\"wp-block-column is-layout-flow wp-block-column-is-layout-flow\">\n<p class=\"has-text-color\" style=\"color:#00bab3\"><strong>1991<\/strong><\/p>\n\n\n\n<p>Accueil des enfants de 2,5 ans \u00e0 21 ans (ouverture de la <strong><em>section secondaire<\/em><\/strong>).<\/p>\n<\/div>\n<\/div>\n\n\n\n<hr class=\"wp-block-separator is-style-default\"\/>\n\n\n\n<div class=\"wp-block-columns alignwide is-layout-flex wp-container-11 wp-block-columns-is-layout-flex\">\n<div class=\"wp-block-column is-layout-flow wp-block-column-is-layout-flow\">\n<p class=\"has-text-color\" style=\"color:#00bab3\"><strong>1992<\/strong><\/p>\n\n\n\n<p>Accueil des enseignants en psychiatrie dans l\u2019unit\u00e9 des adolescents de l\u2019Huderf par le Dr Delvenne et naissance d\u2019une implantation de l\u2019\u00e9cole sur le site d\u2019<strong><em>Erasme<\/em><\/strong>.<\/p>\n<\/div>\n\n\n\n<div class=\"wp-block-column is-layout-flow wp-block-column-is-layout-flow\">\n<p class=\"has-text-color\" style=\"color:#00bab3\"><strong>1994<\/strong><\/p>\n\n\n\n<p>Installation d\u2019une nouvelle implantation au \u00ab\u202f<strong><em>Domaine<\/em><\/strong>\u202f\u00bb de l\u2019ULB \u00e0 Braine-l\u2019Alleud et naissance de l\u2019unit\u00e9 p\u00e9dopsychiatrique \u00e0 l\u2019Huderf.<\/p>\n<\/div>\n\n\n\n<div class=\"wp-block-column is-layout-flow wp-block-column-is-layout-flow\">\n<p class=\"has-text-color\" style=\"color:#00bab3\"><strong>2001<\/strong><\/p>\n\n\n\n<p>Int\u00e9gration de l\u2019\u00e9cole dans le programme de l\u2019unit\u00e9 <strong><em>Rimbaud<\/em><\/strong>\u202f (actuellement unit\u00e9 p\u00e9dopsychiatrique).<\/p>\n<\/div>\n\n\n\n<div class=\"wp-block-column is-layout-flow wp-block-column-is-layout-flow\">\n<p class=\"has-text-color\" style=\"color:#00bab3\"><strong>2002<\/strong><\/p>\n\n\n\n<p>Inauguration de l\u2019\u00e9cole dans le <strong><em>nouveau b\u00e2timent <\/em><\/strong>attenant \u00e0 l\u2019h\u00f4pital (site Huderf) et Participation de l\u2019\u00e9cole au <strong><em>centre de jour \u00e0 Anderlecht <\/em><\/strong>\u00e0 la demande du Dr Joenck.<\/p>\n<\/div>\n<\/div>\n\n\n\n<hr class=\"wp-block-separator is-style-default\"\/>\n\n\n\n<div class=\"wp-block-columns alignwide is-layout-flex wp-container-16 wp-block-columns-is-layout-flex\">\n<div class=\"wp-block-column is-layout-flow wp-block-column-is-layout-flow\"><\/div>\n\n\n\n<div class=\"wp-block-column is-layout-flow wp-block-column-is-layout-flow\">\n<p class=\"has-text-color\" style=\"color:#00bab3\"><strong>2003<\/strong><\/p>\n\n\n\n<p>Implantation de l\u2019\u00e9cole au centre hospitalier <strong><em>Titeca<\/em><\/strong> au sein des unit\u00e9s \u00ab\u202fKaribu-Kallima\u202f\u00bb.<\/p>\n<\/div>\n\n\n\n<div class=\"wp-block-column is-layout-flow wp-block-column-is-layout-flow\">\n<p class=\"has-text-color\" style=\"color:#00bab3\"><strong>2015<\/strong><\/p>\n\n\n\n<p>Inauguration de l\u2019implantation L<strong><em>es Ados de Robert Dubois\u202f<\/em><\/strong>.<\/p>\n<\/div>\n\n\n\n<div class=\"wp-block-column is-layout-flow wp-block-column-is-layout-flow\"><\/div>\n<\/div>\n<\/div><\/div>\n\n\n\n<p><\/p>\n","protected":false},"excerpt":{"rendered":"<p>Un peu d&rsquo;histoire&#8230; 1951 Le Professeur Robert Dubois organise des classes au sein du service de p\u00e9diatrie de l\u2019unit\u00e9 infantile \u00e0 l\u2019h\u00f4pital Saint Pierre, pr\u00e9mices de l\u2019enseignement de type 5. 1986 L\u2019h\u00f4pital universitaire des enfants Reine Fabiola (Huderf) voit le jour.&nbsp;Une deuxi\u00e8me \u00e9cole Robert Dubois est cr\u00e9\u00e9e au sein du nouvel h\u00f4pital. 1990 Cr\u00e9ation de&hellip;<\/p>\n","protected":false},"author":1,"featured_media":0,"parent":0,"menu_order":0,"comment_status":"closed","ping_status":"closed","template":"tw-no-title.php","meta":{"footnotes":""},"_links":{"self":[{"href":"https:\/\/ipoweb.bruxelles.be\/robertdubois\/wp-json\/wp\/v2\/pages\/89"}],"collection":[{"href":"https:\/\/ipoweb.bruxelles.be\/robertdubois\/wp-json\/wp\/v2\/pages"}],"about":[{"href":"https:\/\/ipoweb.bruxelles.be\/robertdubois\/wp-json\/wp\/v2\/types\/page"}],"author":[{"embeddable":true,"href":"https:\/\/ipoweb.bruxelles.be\/robertdubois\/wp-json\/wp\/v2\/users\/1"}],"replies":[{"embeddable":true,"href":"https:\/\/ipoweb.bruxelles.be\/robertdubois\/wp-json\/wp\/v2\/comments?post=89"}],"version-history":[{"count":15,"href":"https:\/\/ipoweb.bruxelles.be\/robertdubois\/wp-json\/wp\/v2\/pages\/89\/revisions"}],"predecessor-version":[{"id":439,"href":"https:\/\/ipoweb.bruxelles.be\/robertdubois\/wp-json\/wp\/v2\/pages\/89\/revisions\/439"}],"wp:attachment":[{"href":"https:\/\/ipoweb.bruxelles.be\/robertdubois\/wp-json\/wp\/v2\/media?parent=89"}],"curies":[{"name":"wp","href":"https:\/\/api.w.org\/{rel}","templated":true}]}}