{"id":93,"date":"2020-12-03T10:44:54","date_gmt":"2020-12-03T09:44:54","guid":{"rendered":"http:\/\/ipoweb.bruxelles.be\/robertdubois\/?page_id=93"},"modified":"2021-10-13T11:28:24","modified_gmt":"2021-10-13T09:28:24","slug":"inscription-et-conditions-dadmission","status":"publish","type":"page","link":"https:\/\/ipoweb.bruxelles.be\/robertdubois\/inscription-et-conditions-dadmission\/","title":{"rendered":"Inscription et conditions d&rsquo;admission"},"content":{"rendered":"\n<div class=\"wp-block-group alignfull is-layout-flow wp-block-group-is-layout-flow\"><div class=\"wp-block-group__inner-container\">\n<div class=\"wp-block-columns alignwide tw-gutter-large tw-cols-stack-md is-layout-flex wp-container-3 wp-block-columns-is-layout-flex\">\n<div class=\"wp-block-column tw-mb-2 is-layout-flow wp-block-column-is-layout-flow\">\n<h2 class=\"has-text-color wp-block-heading\" style=\"color:#00bab3\"><strong>Qui&nbsp;accueillons-nous\u202f?<\/strong>&nbsp;<\/h2>\n<\/div>\n\n\n\n<div class=\"wp-block-column tw-mt-2 is-layout-flow wp-block-column-is-layout-flow\">\n<p class=\"has-normal-font-size\">Notre \u00e9cole accueille&nbsp;les&nbsp;enfants, <strong>envoy\u00e9s par leur m\u00e9decin<\/strong>, depuis la maternelle (2 ans et demi) jusqu\u2019aux classes secondaires&nbsp;(21 ans maximum).&nbsp;&nbsp;<\/p>\n<\/div>\n<\/div>\n<\/div><\/div>\n\n\n\n<div class=\"wp-block-group alignfull is-layout-flow wp-block-group-is-layout-flow\"><div class=\"wp-block-group__inner-container\">\n<div class=\"wp-block-columns alignwide tw-gutter-large tw-cols-stack-md is-layout-flex wp-container-7 wp-block-columns-is-layout-flex\">\n<div class=\"wp-block-column tw-mb-2 is-layout-flow wp-block-column-is-layout-flow\">\n<h2 class=\"has-text-color wp-block-heading\" style=\"color:#00bab3\"><strong>Conditions d\u2019admission\u202f?<\/strong>&nbsp;<\/h2>\n<\/div>\n\n\n\n<div class=\"wp-block-column tw-mt-2 is-layout-flow wp-block-column-is-layout-flow\">\n<p class=\"has-normal-font-size\">Pour int\u00e9grer notre \u00e9cole\u202f:&nbsp;<\/p>\n\n\n\n<ul><li>L\u2019enfant ne peut pas suivre les cours dans son \u00e9cole d\u2019origine suite \u00e0 une maladie, un traitement, une hospitalisation. Il est alors redirig\u00e9 vers notre \u00e9tablissement via&nbsp;<strong>son m\u00e9decin sp\u00e9cialiste<\/strong>&nbsp;qui lui d\u00e9livre un certificat m\u00e9dical.&nbsp;&nbsp;<\/li><\/ul>\n\n\n\n<ul><li>L\u2019enfant souffre de phobie scolaire&nbsp;et\/ou de troubles d\u2019ordre psychique\u202f;&nbsp;<ul><li>il&nbsp;doit&nbsp;d\u00e9j\u00e0 \u00eatre suivi par un p\u00e9dopsychiatre\u202f;&nbsp;<\/li><li>un entretien&nbsp;<strong>via le service de p\u00e9dopsychiatrie de l\u2019Huderf<\/strong>&nbsp;permet&nbsp;l\u2019ouverture d\u2019un dossier de pr\u00e9admission\u202fqui aboutit \u00e0 une inscription au&nbsp;&nbsp;sein de notre \u00e9tablissement&nbsp;<strong>si<\/strong>&nbsp;le projet&nbsp;correspond aux besoins du jeune\u202f;&nbsp;&nbsp;<\/li><li>le p\u00e9dopsychiatre d\u00e9livre un certificat m\u00e9dical.&nbsp;<\/li><\/ul><\/li><\/ul>\n\n\n\n<p><strong>Dans tous les cas le certificat d\u00e9livr\u00e9 par un m\u00e9decin sp\u00e9cialis\u00e9 couvre l&rsquo;absence de l&rsquo;enfant dans son \u00e9cole d&rsquo;origine o\u00f9 il reste inscrit administrativement.<\/strong><\/p>\n<\/div>\n<\/div>\n<\/div><\/div>\n\n\n\n<p class=\"has-text-align-center\">Une collaboration \u00e9troite avec les enseignants de l\u2019\u00e9cole Robert Dubois et de l\u2019\u00e9cole d\u2019origine permet une continuit\u00e9&nbsp; dans les apprentissages scolaires.&nbsp;<\/p>\n","protected":false},"excerpt":{"rendered":"<p>Qui&nbsp;accueillons-nous\u202f?&nbsp; Notre \u00e9cole accueille&nbsp;les&nbsp;enfants, envoy\u00e9s par leur m\u00e9decin, depuis la maternelle (2 ans et demi) jusqu\u2019aux classes secondaires&nbsp;(21 ans maximum).&nbsp;&nbsp; Conditions d\u2019admission\u202f?&nbsp; Pour int\u00e9grer notre \u00e9cole\u202f:&nbsp; L\u2019enfant ne peut pas suivre les cours dans son \u00e9cole d\u2019origine suite \u00e0 une maladie, un traitement, une hospitalisation. Il est alors redirig\u00e9 vers notre \u00e9tablissement via&nbsp;son m\u00e9decin sp\u00e9cialiste&nbsp;qui&hellip;<\/p>\n","protected":false},"author":1,"featured_media":0,"parent":0,"menu_order":0,"comment_status":"closed","ping_status":"closed","template":"","meta":{"footnotes":""},"_links":{"self":[{"href":"https:\/\/ipoweb.bruxelles.be\/robertdubois\/wp-json\/wp\/v2\/pages\/93"}],"collection":[{"href":"https:\/\/ipoweb.bruxelles.be\/robertdubois\/wp-json\/wp\/v2\/pages"}],"about":[{"href":"https:\/\/ipoweb.bruxelles.be\/robertdubois\/wp-json\/wp\/v2\/types\/page"}],"author":[{"embeddable":true,"href":"https:\/\/ipoweb.bruxelles.be\/robertdubois\/wp-json\/wp\/v2\/users\/1"}],"replies":[{"embeddable":true,"href":"https:\/\/ipoweb.bruxelles.be\/robertdubois\/wp-json\/wp\/v2\/comments?post=93"}],"version-history":[{"count":6,"href":"https:\/\/ipoweb.bruxelles.be\/robertdubois\/wp-json\/wp\/v2\/pages\/93\/revisions"}],"predecessor-version":[{"id":451,"href":"https:\/\/ipoweb.bruxelles.be\/robertdubois\/wp-json\/wp\/v2\/pages\/93\/revisions\/451"}],"wp:attachment":[{"href":"https:\/\/ipoweb.bruxelles.be\/robertdubois\/wp-json\/wp\/v2\/media?parent=93"}],"curies":[{"name":"wp","href":"https:\/\/api.w.org\/{rel}","templated":true}]}}