{"id":95,"date":"2020-12-03T10:45:13","date_gmt":"2020-12-03T09:45:13","guid":{"rendered":"http:\/\/ipoweb.bruxelles.be\/robertdubois\/?page_id=95"},"modified":"2022-02-09T11:52:42","modified_gmt":"2022-02-09T10:52:42","slug":"phobie-scolaire","status":"publish","type":"page","link":"https:\/\/ipoweb.bruxelles.be\/robertdubois\/phobie-scolaire\/","title":{"rendered":"Phobie scolaire"},"content":{"rendered":"\n<h3 class=\"has-text-color wp-block-heading\" style=\"color:#00bab3\">Qu&rsquo;est ce que la phobie scolaire?<\/h3>\n\n\n\n<p><strong>D\u00e9finition&nbsp;extraite du Larousse m\u00e9dical&nbsp;:<\/strong><\/p>\n\n\n\n<p><em>Phobie scolaire<\/em><\/p>\n\n\n\n<p><em>Situation o\u00f9 l&rsquo;enfant refuse d&rsquo;aller \u00e0 l&rsquo;\u00e9cole pour des raisons irrationnelles.<br><br><\/em><strong><em>Synonyme&nbsp;:&nbsp;<\/em><\/strong><em>refus scolaire anxieux.<\/em><\/p>\n\n\n\n<p><em>&nbsp;Lors d&rsquo;une phobie scolaire, les manifestations anxieuses sont majeures&nbsp;: somatisations, d\u00e9tresse \u00e9motionnelle, agitation au moment de partir \u00e0 l&rsquo;\u00e9cole ou par anticipation, ayant pour cons\u00e9quences des strat\u00e9gies d&rsquo;\u00e9vitement (errance). Une d\u00e9pression lui est souvent associ\u00e9e, aggrav\u00e9e par l&rsquo;appauvrissement des contacts sociaux. On peut identifier plusieurs m\u00e9canismes \u00e0 l&rsquo;origine de ce sympt\u00f4me&nbsp;: angoisse de s\u00e9paration chez les plus jeunes, anxi\u00e9t\u00e9 plus g\u00e9n\u00e9ralis\u00e9e chez les grands enfants, phobie sociale, agoraphobie.<\/em><\/p>\n\n\n\n<p class=\"has-primary-color has-text-color\"><em>&nbsp;La prise en charge id\u00e9ale est pr\u00e9coce et consiste en une psychoth\u00e9rapie, sous r\u00e9serve d&rsquo;une bonne collaboration familiale, associ\u00e9e \u00e0 des am\u00e9nagements scolaires. Les cas les plus s\u00e9v\u00e8res, avec d\u00e9scolarisation \u00e9voluant depuis plusieurs mois, g\u00e9n\u00e9ralement avec une tol\u00e9rance familiale, peuvent n\u00e9cessiter une hospitalisation en p\u00e9dopsychiatrie.<\/em><\/p>\n\n\n\n<p><strong>Article de presse paru lors de l\u2019inauguration du Centre \u00ab&nbsp;Les Ados de Robert Dubois&nbsp;\u00bb<\/strong><\/p>\n\n\n\n<p><strong>Une \u00e9cole sp\u00e9cialis\u00e9e pour lutter contre la phobie scolaire<\/strong><\/p>\n\n\n\n<p><strong>Une section d\u2019\u00e9cole sp\u00e9cialis\u00e9e pour les \u00abphobiques scolaires\u00bb vient d\u2019ouvrir \u00e0 Bruxelles. Une grande premi\u00e8re en Belgique. Reportage.<\/strong><\/p>\n\n\n\n<p>Mis en ligne le 2\/06\/2015 \u00e0 16:34<\/p>\n\n\n\n<p>par&nbsp;Ann-Charlotte Bersipont<\/p>\n\n\n\n<p>Photo d\u2019illustration. \u00a9 Reporters &#8211;<\/p>\n\n\n\n<p><a href=\"https:\/\/www.lesoir.be\/224\/article\/2015-06-02\/une-ecole-specialisee-pour-lutter-contre-la-phobie-scolaire\">https:\/\/www.lesoir.be\/224\/article\/2015-06-02\/une-ecole-specialisee-pour-lutter-contre-<\/a>https:\/\/www.lesoir.be\/224\/article\/2015-06-02\/une \u00e9cole-specialisee-pour-lutter-contre-la-phobie-scolaire<\/p>\n\n\n\n<p>https:\/\/www.laligue.be\/le ligueur\/articles\/les-phobies-scolaires<\/p>\n\n\n\n<ul><li><a href=\"https:\/\/www.lesoir.be\/224\/article\/2015-06-02\/une-ecole-specialisee-pour-lutter-contre-la-phobie-scolaire#227\">Soixante ans de terrain<\/a><\/li><\/ul>\n\n\n\n<p><a href=\"https:\/\/www.lesoir.be\/224\/article\/2015-06-02\/une-ecole-specialisee-pour-lutter-contre-la-phobie-scolaire#226\">La p<\/a><\/p>\n\n\n\n<p><a href=\"https:\/\/www.lesoir.be\/224\/article\/2015-06-02\/une-ecole-specialisee-pour-lutter-contre-la-phobie-scolaire\">https:\/\/ww<\/a><a href=\"https:\/\/www.rtbf.be\/info\/societe\/detail_la-phobie-scolaire-un-phenomene-en-hausse-a-ne-pas-negliger?id=10443614\">https:\/\/www.rtbf.be\/info\/societe\/detail_la-phobie-scolaire-un-phenomene-en-hausse-a-ne-pas-negliger?id=10443614<\/a><\/p>\n\n\n\n<p><a href=\"https:\/\/www.lesoir.be\/224\/article\/2015-06-02\/une-ecole-specialisee-pour-lutter-contre-la-phobie-scolaire\">w.lesoir.be\/224\/article\/2015-06-02\/une-ecole-specialisee-pour-lutter-contre-la-phobie-scolaire<\/a><\/p>\n\n\n\n<p><a href=\"https:\/\/www.lesoir.be\/224\/article\/2015-06-02\/une-ecole-specialisee-pour-lutter-contre-la-phobie-scolaire#226\">hobie scolaire, un ph\u00e9nom\u00e8ne de soci\u00e9t\u00e9<\/a><\/p>\n\n\n\n<p><a href=\"https:\/\/www.lesoir.be\/224\/article\/2015-06-02\/une-ecole-specialisee-pour-lutter-contre-la-phobie-scolaire\" data-type=\"URL\" data-id=\"https:\/\/www.lesoir.be\/224\/article\/2015-06-02\/une-ecole-specialisee-pour-lutter-contre-la-phobie-scolaire\">https:\/\/www.lesoir.be\/224\/article\/2015-06-02\/une-ecole-specialisee-pour-lutter-contre-la-phobie-scolaire<\/a><\/p>\n","protected":false},"excerpt":{"rendered":"<p>Qu&rsquo;est ce que la phobie scolaire? D\u00e9finition&nbsp;extraite du Larousse m\u00e9dical&nbsp;: Phobie scolaire Situation o\u00f9 l&rsquo;enfant refuse d&rsquo;aller \u00e0 l&rsquo;\u00e9cole pour des raisons irrationnelles. Synonyme&nbsp;:&nbsp;refus scolaire anxieux. &nbsp;Lors d&rsquo;une phobie scolaire, les manifestations anxieuses sont majeures&nbsp;: somatisations, d\u00e9tresse \u00e9motionnelle, agitation au moment de partir \u00e0 l&rsquo;\u00e9cole ou par anticipation, ayant pour cons\u00e9quences des strat\u00e9gies d&rsquo;\u00e9vitement (errance).&hellip;<\/p>\n","protected":false},"author":1,"featured_media":0,"parent":0,"menu_order":0,"comment_status":"closed","ping_status":"closed","template":"","meta":{"footnotes":""},"_links":{"self":[{"href":"https:\/\/ipoweb.bruxelles.be\/robertdubois\/wp-json\/wp\/v2\/pages\/95"}],"collection":[{"href":"https:\/\/ipoweb.bruxelles.be\/robertdubois\/wp-json\/wp\/v2\/pages"}],"about":[{"href":"https:\/\/ipoweb.bruxelles.be\/robertdubois\/wp-json\/wp\/v2\/types\/page"}],"author":[{"embeddable":true,"href":"https:\/\/ipoweb.bruxelles.be\/robertdubois\/wp-json\/wp\/v2\/users\/1"}],"replies":[{"embeddable":true,"href":"https:\/\/ipoweb.bruxelles.be\/robertdubois\/wp-json\/wp\/v2\/comments?post=95"}],"version-history":[{"count":11,"href":"https:\/\/ipoweb.bruxelles.be\/robertdubois\/wp-json\/wp\/v2\/pages\/95\/revisions"}],"predecessor-version":[{"id":491,"href":"https:\/\/ipoweb.bruxelles.be\/robertdubois\/wp-json\/wp\/v2\/pages\/95\/revisions\/491"}],"wp:attachment":[{"href":"https:\/\/ipoweb.bruxelles.be\/robertdubois\/wp-json\/wp\/v2\/media?parent=95"}],"curies":[{"name":"wp","href":"https:\/\/api.w.org\/{rel}","templated":true}]}}