{"id":100,"date":"2016-09-20T21:27:57","date_gmt":"2016-09-20T19:27:57","guid":{"rendered":"http:\/\/ipoweb.bruxelles.be\/webschools2\/?page_id=100"},"modified":"2023-09-13T09:49:39","modified_gmt":"2023-09-13T07:49:39","slug":"horaire","status":"publish","type":"page","link":"https:\/\/ipoweb.bruxelles.be\/webschools2\/horaire\/","title":{"rendered":"Horaire"},"content":{"rendered":"<p>L&rsquo;\u00e9cole est ouverte de 7h \u00e0 18h.<\/p>\n<p>Les cours d\u00e9butent \u00e0 8h30 et se terminent \u00e0 14h55 ( le mercredi \u00e0 12h05 )<\/p>\n<p>L&rsquo;horaire des enfants se compose de :<\/p>\n<p>28 p\u00e9riodes de cours ,\u00a0incluant :<\/p>\n<ul>\n<li>40 minutes de natation par quinzaine<\/li>\n<li>2 p\u00e9riodes d&rsquo;\u00e9ducation physique<\/li>\n<li>1 p\u00e9riode de musique<\/li>\n<li>1 p\u00e9riode d&rsquo;informatique<\/li>\n<li>1 p\u00e9riode de cours philosophiques<\/li>\n<li>1\u00a0p\u00e9riode de cours de citoyennet\u00e9<\/li>\n<\/ul>\n<h4><span style=\"color: #ff00ff;\"><strong>\u00a0<\/strong><\/span><\/h4>\n","protected":false},"excerpt":{"rendered":"<p>L&rsquo;\u00e9cole est ouverte de 7h \u00e0 18h. Les cours d\u00e9butent \u00e0 8h30 et se terminent \u00e0 14h55 ( le mercredi \u00e0 12h05 ) L&rsquo;horaire des enfants se compose de : 28 p\u00e9riodes de cours ,\u00a0incluant : 40 minutes de natation par quinzaine 2 p\u00e9riodes d&rsquo;\u00e9ducation physique 1 p\u00e9riode de musique 1 p\u00e9riode d&rsquo;informatique 1 p\u00e9riode [&hellip;]<\/p>\n","protected":false},"author":2,"featured_media":0,"parent":0,"menu_order":0,"comment_status":"closed","ping_status":"closed","template":"","meta":{"footnotes":""},"_links":{"self":[{"href":"https:\/\/ipoweb.bruxelles.be\/webschools2\/wp-json\/wp\/v2\/pages\/100"}],"collection":[{"href":"https:\/\/ipoweb.bruxelles.be\/webschools2\/wp-json\/wp\/v2\/pages"}],"about":[{"href":"https:\/\/ipoweb.bruxelles.be\/webschools2\/wp-json\/wp\/v2\/types\/page"}],"author":[{"embeddable":true,"href":"https:\/\/ipoweb.bruxelles.be\/webschools2\/wp-json\/wp\/v2\/users\/2"}],"replies":[{"embeddable":true,"href":"https:\/\/ipoweb.bruxelles.be\/webschools2\/wp-json\/wp\/v2\/comments?post=100"}],"version-history":[{"count":8,"href":"https:\/\/ipoweb.bruxelles.be\/webschools2\/wp-json\/wp\/v2\/pages\/100\/revisions"}],"predecessor-version":[{"id":2259,"href":"https:\/\/ipoweb.bruxelles.be\/webschools2\/wp-json\/wp\/v2\/pages\/100\/revisions\/2259"}],"wp:attachment":[{"href":"https:\/\/ipoweb.bruxelles.be\/webschools2\/wp-json\/wp\/v2\/media?parent=100"}],"curies":[{"name":"wp","href":"https:\/\/api.w.org\/{rel}","templated":true}]}}