{"id":110,"date":"2016-09-21T15:06:47","date_gmt":"2016-09-21T13:06:47","guid":{"rendered":"http:\/\/ipoweb.bruxelles.be\/webschools2\/?page_id=110"},"modified":"2023-09-13T09:55:22","modified_gmt":"2023-09-13T07:55:22","slug":"itineraire-et-horaire-du-bus-de-ramassage","status":"publish","type":"page","link":"https:\/\/ipoweb.bruxelles.be\/webschools2\/itineraire-et-horaire-du-bus-de-ramassage\/","title":{"rendered":"Ramassage scolaire COCOF"},"content":{"rendered":"\n<ul>\n<li><a href=\"https:\/\/ccf.brussels\/nos-services\/enseignement\/enseignement-specialise\/transport-scolaire-pour-lenseignement-specialise\/\" data-type=\"link\" data-id=\"https:\/\/ccf.brussels\/nos-services\/enseignement\/enseignement-specialise\/transport-scolaire-pour-lenseignement-specialise\/\">La COCOF et le service de transport scolaire enseignement sp\u00e9cialis\u00e9<\/a><\/li>\n<\/ul>\n\n\n\n<p>Chers parents,<\/p>\n\n\n\n<p>Suite \u00e0 quelques modifications de parcours , il s&rsquo;av\u00e8re que le car scolaire passe un peu plus t\u00f4t \u00e0 certains arr\u00eats .<\/p>\n\n\n\n<p>Voici le nouvel horaire \u00e0 titre indicatif .<\/p>\n\n\n\n<figure class=\"wp-block-table\"><table  class=\" table table-hover\" ><tbody><tr><td class=\"has-text-align-center\" data-align=\"center\">&nbsp;ARRETS<\/td><td class=\"has-text-align-center\" data-align=\"center\">MATIN<\/td><td class=\"has-text-align-center\" data-align=\"center\">APRES-MIDI<br>Lun\/Mar\/Jeu\/Ven<\/td><td class=\"has-text-align-center\" data-align=\"center\">MERCREDI<\/td><\/tr><tr><td class=\"has-text-align-center\" data-align=\"center\">Ecole de Haren<br>(rue de la paroisse,34)<\/td><td class=\"has-text-align-center\" data-align=\"center\">7h00<\/td><td class=\"has-text-align-center\" data-align=\"center\">16h10<\/td><td class=\"has-text-align-center\" data-align=\"center\">13h25<\/td><\/tr><tr><td class=\"has-text-align-center\" data-align=\"center\">Fernand L\u00e9ger<\/td><td class=\"has-text-align-center\" data-align=\"center\">7h10<\/td><td class=\"has-text-align-center\" data-align=\"center\">16h00<\/td><td class=\"has-text-align-center\" data-align=\"center\">13h15<\/td><\/tr><tr><td class=\"has-text-align-center\" data-align=\"center\">Permeke (devant l\u2019\u00e9cole), 50<br>Retour : rue parall\u00e8le arr\u00eat de bus<\/td><td class=\"has-text-align-center\" data-align=\"center\">7h12<\/td><td class=\"has-text-align-center\" data-align=\"center\">15h58<\/td><td class=\"has-text-align-center\" data-align=\"center\">13h13<\/td><\/tr><tr><td class=\"has-text-align-center\" data-align=\"center\">Eglise Notre Dame<\/td><td class=\"has-text-align-center\" data-align=\"center\">7h15<\/td><td class=\"has-text-align-center\" data-align=\"center\">15h50<\/td><td class=\"has-text-align-center\" data-align=\"center\">13h05<\/td><\/tr><tr><td class=\"has-text-align-center\" data-align=\"center\">Clair vivre ( av. Notre Dame )<\/td><td class=\"has-text-align-center\" data-align=\"center\">7h17<\/td><td class=\"has-text-align-center\" data-align=\"center\">15h48<\/td><td class=\"has-text-align-center\" data-align=\"center\">13h03<\/td><\/tr><tr><td class=\"has-text-align-center\" data-align=\"center\">Place de la paix<\/td><td class=\"has-text-align-center\" data-align=\"center\">7h20<\/td><td class=\"has-text-align-center\" data-align=\"center\">15h40<\/td><td class=\"has-text-align-center\" data-align=\"center\">12h55<\/td><\/tr><tr><td class=\"has-text-align-center\" data-align=\"center\">Square Riga (en face du monument)<br>Retour : Helmet : arr\u00eat de tram derri\u00e8re Champagnat<\/td><td class=\"has-text-align-center\" data-align=\"center\">7h28<\/td><td class=\"has-text-align-center\" data-align=\"center\">15h34<\/td><td class=\"has-text-align-center\" data-align=\"center\">12h49<\/td><\/tr><tr><td class=\"has-text-align-center\" data-align=\"center\">Chauss\u00e9e d\u2019Haecht (trottoir de l\u2019h\u00f4pital)<br>Retour : Brico<\/td><td class=\"has-text-align-center\" data-align=\"center\">7h33<\/td><td class=\"has-text-align-center\" data-align=\"center\">15h32 <\/td><td class=\"has-text-align-center\" data-align=\"center\">12h47<\/td><\/tr><tr><td class=\"has-text-align-center\" data-align=\"center\">Place Collignon (maison communale de Schaerbeek) , 100<br><\/td><td class=\"has-text-align-center\" data-align=\"center\">7h36<\/td><td class=\"has-text-align-center\" data-align=\"center\">15h25<\/td><td class=\"has-text-align-center\" data-align=\"center\">12h40<\/td><\/tr><tr><td class=\"has-text-align-center\" data-align=\"center\">Place Verboeckhoven ( cage aux ours )<br>( coin avenue Mar\u00e9chal Foch )<\/td><td class=\"has-text-align-center\" data-align=\"center\">7h39<\/td><td class=\"has-text-align-center\" data-align=\"center\">15h15<\/td><td class=\"has-text-align-center\" data-align=\"center\">12h30<\/td><\/tr><tr><td class=\"has-text-align-center\" data-align=\"center\">Arr\u00eat Princesse Elisabeth 146<\/td><td class=\"has-text-align-center\" data-align=\"center\">7h44<\/td><td class=\"has-text-align-center\" data-align=\"center\">15h14<\/td><td class=\"has-text-align-center\" data-align=\"center\">12h29<\/td><\/tr><\/tbody><\/table><\/figure>\n\n\n\n<p>Afin d&rsquo;\u00e9viter tout probl\u00e8me d&rsquo;horaire , la pr\u00e9sence de votre enfant \u00e0 l&rsquo;arr\u00eat est souhait\u00e9e avec 10 minutes d&rsquo;avance .<\/p>\n\n\n\n<p>Merci beaucoup <\/p>\n","protected":false},"excerpt":{"rendered":"<p>Chers parents, Suite \u00e0 quelques modifications de parcours , il s&rsquo;av\u00e8re que le car scolaire passe un peu plus t\u00f4t \u00e0 certains arr\u00eats . Voici le nouvel horaire \u00e0 titre indicatif . &nbsp;ARRETS MATIN APRES-MIDILun\/Mar\/Jeu\/Ven MERCREDI Ecole de Haren(rue de la paroisse,34) 7h00 16h10 13h25 Fernand L\u00e9ger 7h10 16h00 13h15 Permeke (devant l\u2019\u00e9cole), 50Retour : [&hellip;]<\/p>\n","protected":false},"author":2,"featured_media":0,"parent":0,"menu_order":0,"comment_status":"closed","ping_status":"closed","template":"","meta":{"footnotes":""},"_links":{"self":[{"href":"https:\/\/ipoweb.bruxelles.be\/webschools2\/wp-json\/wp\/v2\/pages\/110"}],"collection":[{"href":"https:\/\/ipoweb.bruxelles.be\/webschools2\/wp-json\/wp\/v2\/pages"}],"about":[{"href":"https:\/\/ipoweb.bruxelles.be\/webschools2\/wp-json\/wp\/v2\/types\/page"}],"author":[{"embeddable":true,"href":"https:\/\/ipoweb.bruxelles.be\/webschools2\/wp-json\/wp\/v2\/users\/2"}],"replies":[{"embeddable":true,"href":"https:\/\/ipoweb.bruxelles.be\/webschools2\/wp-json\/wp\/v2\/comments?post=110"}],"version-history":[{"count":28,"href":"https:\/\/ipoweb.bruxelles.be\/webschools2\/wp-json\/wp\/v2\/pages\/110\/revisions"}],"predecessor-version":[{"id":2261,"href":"https:\/\/ipoweb.bruxelles.be\/webschools2\/wp-json\/wp\/v2\/pages\/110\/revisions\/2261"}],"wp:attachment":[{"href":"https:\/\/ipoweb.bruxelles.be\/webschools2\/wp-json\/wp\/v2\/media?parent=110"}],"curies":[{"name":"wp","href":"https:\/\/api.w.org\/{rel}","templated":true}]}}