{"id":129,"date":"2016-09-21T16:08:04","date_gmt":"2016-09-21T14:08:04","guid":{"rendered":"http:\/\/ipoweb.bruxelles.be\/webschools2\/?page_id=129"},"modified":"2023-10-05T13:52:50","modified_gmt":"2023-10-05T11:52:50","slug":"contact","status":"publish","type":"page","link":"https:\/\/ipoweb.bruxelles.be\/webschools2\/contact\/","title":{"rendered":"Contact"},"content":{"rendered":"\n<div class=\"wp-block-file\"><a id=\"wp-block-file--media-90806131-21c8-4556-b0d6-e864f0566caa\" href=\"http:\/\/ipoweb.bruxelles.be\/webschools2\/wp-content\/uploads\/2023\/09\/A2.Communication-trucs-et-astuces.pdf\" target=\"_blank\" rel=\"noreferrer noopener\">Communication &#8230; \u00e0 qui dois-je m&rsquo;adresser?<\/a><a href=\"http:\/\/ipoweb.bruxelles.be\/webschools2\/wp-content\/uploads\/2023\/09\/A2.Communication-trucs-et-astuces.pdf\" class=\"wp-block-file__button wp-element-button\" download aria-describedby=\"wp-block-file--media-90806131-21c8-4556-b0d6-e864f0566caa\">T\u00e9l\u00e9charger<\/a><\/div>\n\n\n<h6>\u00a0<\/h6>\n<h3 style=\"text-align: center;\">Centre p\u00e9dagogique des Pagodes<\/h3>\n<h5 style=\"text-align: center;\"><span class=\"_Xbe\">Avenue de Versailles 87<\/span><\/h5>\n<h5 style=\"text-align: center;\"><span class=\"_Xbe\">1020 Bruxelles<\/span><\/h5>\n<h5 style=\"text-align: center;\"><strong><span style=\"text-decoration: underline;\">T\u00e9l\u00e9phone<\/span>:<\/strong>\u00a0 02 266 11 40<\/h5>\n<h5 style=\"text-align: center;\"><strong><span style=\"text-decoration: underline;\">Courriel<\/span>:<\/strong> <a href=\"mailto:cp.pagodes@brucity.education\">cp.pagodes@brucity.education<\/a><\/h5>\n<h6 style=\"text-align: center;\">\u00a0<\/h6>","protected":false},"excerpt":{"rendered":"<p>\u00a0 Centre p\u00e9dagogique des Pagodes Avenue de Versailles 87 1020 Bruxelles T\u00e9l\u00e9phone:\u00a0 02 266 11 40 Courriel: cp.pagodes@brucity.education \u00a0<\/p>\n","protected":false},"author":2,"featured_media":0,"parent":0,"menu_order":0,"comment_status":"closed","ping_status":"closed","template":"","meta":{"footnotes":""},"_links":{"self":[{"href":"https:\/\/ipoweb.bruxelles.be\/webschools2\/wp-json\/wp\/v2\/pages\/129"}],"collection":[{"href":"https:\/\/ipoweb.bruxelles.be\/webschools2\/wp-json\/wp\/v2\/pages"}],"about":[{"href":"https:\/\/ipoweb.bruxelles.be\/webschools2\/wp-json\/wp\/v2\/types\/page"}],"author":[{"embeddable":true,"href":"https:\/\/ipoweb.bruxelles.be\/webschools2\/wp-json\/wp\/v2\/users\/2"}],"replies":[{"embeddable":true,"href":"https:\/\/ipoweb.bruxelles.be\/webschools2\/wp-json\/wp\/v2\/comments?post=129"}],"version-history":[{"count":20,"href":"https:\/\/ipoweb.bruxelles.be\/webschools2\/wp-json\/wp\/v2\/pages\/129\/revisions"}],"predecessor-version":[{"id":2304,"href":"https:\/\/ipoweb.bruxelles.be\/webschools2\/wp-json\/wp\/v2\/pages\/129\/revisions\/2304"}],"wp:attachment":[{"href":"https:\/\/ipoweb.bruxelles.be\/webschools2\/wp-json\/wp\/v2\/media?parent=129"}],"curies":[{"name":"wp","href":"https:\/\/api.w.org\/{rel}","templated":true}]}}