{"id":1977,"date":"2022-05-29T18:58:23","date_gmt":"2022-05-29T16:58:23","guid":{"rendered":"http:\/\/ipoweb.bruxelles.be\/webschools2\/?page_id=1977"},"modified":"2023-09-01T18:44:11","modified_gmt":"2023-09-01T16:44:11","slug":"activites-et-projets","status":"publish","type":"page","link":"https:\/\/ipoweb.bruxelles.be\/webschools2\/activites-et-projets\/","title":{"rendered":"Activit\u00e9s et projets"},"content":{"rendered":"\n<p>Le Centre p\u00e9dagogique des Pagodes offre \u00e0 ses \u00e9l\u00e8ves un large \u00e9ventail d&rsquo;activit\u00e9s et de projets tout au long de l&rsquo;ann\u00e9e scolaire.<\/p>\n\n\n\n<p>Cliquez sur les liens pour visionner nos photos<\/p>\n\n\n\n<ul>\n<li><a href=\"http:\/\/ipoweb.bruxelles.be\/webschools2\/marbehan-2022\/\" data-type=\"URL\" data-id=\"http:\/\/ipoweb.bruxelles.be\/webschools2\/marbehan-2022\/\">Classes de d\u00e9paysement<\/a>  <\/li>\n\n\n\n<li>Journ\u00e9es sportives <\/li>\n\n\n\n<li>Projets artistiques<\/li>\n\n\n\n<li><a href=\"http:\/\/ipoweb.bruxelles.be\/webschools2\/potager-et-projet-durables\/\" data-type=\"URL\" data-id=\"http:\/\/ipoweb.bruxelles.be\/webschools2\/potager-et-projet-durables\/\">Potager et projets durables<\/a><\/li>\n\n\n\n<li><a href=\"http:\/\/ipoweb.bruxelles.be\/webschools2\/projet-velo\/\" data-type=\"URL\" data-id=\"http:\/\/ipoweb.bruxelles.be\/webschools2\/projet-velo\/\">Projet \u00ab\u00a0V\u00e9lo\u00a0\u00bb<\/a><\/li>\n\n\n\n<li>Marche parrain\u00e9e<\/li>\n\n\n\n<li>F\u00eate de fin d&rsquo;ann\u00e9e (fancy-fair)<\/li>\n<\/ul>\n\n\n\n<p><\/p>\n","protected":false},"excerpt":{"rendered":"<p>Le Centre p\u00e9dagogique des Pagodes offre \u00e0 ses \u00e9l\u00e8ves un large \u00e9ventail d&rsquo;activit\u00e9s et de projets tout au long de l&rsquo;ann\u00e9e scolaire. Cliquez sur les liens pour visionner nos photos<\/p>\n","protected":false},"author":2,"featured_media":0,"parent":0,"menu_order":0,"comment_status":"closed","ping_status":"closed","template":"","meta":{"footnotes":""},"_links":{"self":[{"href":"https:\/\/ipoweb.bruxelles.be\/webschools2\/wp-json\/wp\/v2\/pages\/1977"}],"collection":[{"href":"https:\/\/ipoweb.bruxelles.be\/webschools2\/wp-json\/wp\/v2\/pages"}],"about":[{"href":"https:\/\/ipoweb.bruxelles.be\/webschools2\/wp-json\/wp\/v2\/types\/page"}],"author":[{"embeddable":true,"href":"https:\/\/ipoweb.bruxelles.be\/webschools2\/wp-json\/wp\/v2\/users\/2"}],"replies":[{"embeddable":true,"href":"https:\/\/ipoweb.bruxelles.be\/webschools2\/wp-json\/wp\/v2\/comments?post=1977"}],"version-history":[{"count":4,"href":"https:\/\/ipoweb.bruxelles.be\/webschools2\/wp-json\/wp\/v2\/pages\/1977\/revisions"}],"predecessor-version":[{"id":2232,"href":"https:\/\/ipoweb.bruxelles.be\/webschools2\/wp-json\/wp\/v2\/pages\/1977\/revisions\/2232"}],"wp:attachment":[{"href":"https:\/\/ipoweb.bruxelles.be\/webschools2\/wp-json\/wp\/v2\/media?parent=1977"}],"curies":[{"name":"wp","href":"https:\/\/api.w.org\/{rel}","templated":true}]}}