{"id":1980,"date":"2022-05-29T19:01:25","date_gmt":"2022-05-29T17:01:25","guid":{"rendered":"http:\/\/ipoweb.bruxelles.be\/webschools2\/?page_id=1980"},"modified":"2023-09-13T10:33:22","modified_gmt":"2023-09-13T08:33:22","slug":"informations-pratiques","status":"publish","type":"page","link":"https:\/\/ipoweb.bruxelles.be\/webschools2\/informations-pratiques\/","title":{"rendered":"Informations pratiques"},"content":{"rendered":"\n<p>Vous trouverez sur cette page les informations pratiques concernant la vie \u00e0 l&rsquo;\u00e9cole en lien avec les th\u00e9matiques suivantes :<\/p>\n\n\n\n<ul>\n<li><a href=\"http:\/\/ipoweb.bruxelles.be\/webschools2\/situation\/\" data-type=\"URL\" data-id=\"http:\/\/ipoweb.bruxelles.be\/webschools2\/situation\/\">Situation<\/a><\/li>\n\n\n\n<li><a href=\"http:\/\/ipoweb.bruxelles.be\/webschools2\/horaire\/\">Horaire<\/a> <\/li>\n\n\n\n<li><a href=\"http:\/\/ipoweb.bruxelles.be\/webschools2\/wp-admin\/post.php?post=129&amp;action=edit\" data-type=\"link\" data-id=\"http:\/\/ipoweb.bruxelles.be\/webschools2\/wp-admin\/post.php?post=129&amp;action=edit\">Contact<\/a><\/li>\n\n\n\n<li><a href=\"http:\/\/ipoweb.bruxelles.be\/webschools2\/inscriptions-aux-repas-chauds\/\" data-type=\"link\" data-id=\"http:\/\/ipoweb.bruxelles.be\/webschools2\/inscriptions-aux-repas-chauds\/\">Service des repas chauds des Cuisines Bruxelloises<\/a><\/li>\n\n\n\n<li><a href=\"http:\/\/ipoweb.bruxelles.be\/webschools2\/itineraire-et-horaire-du-bus-de-ramassage\/\" data-type=\"URL\" data-id=\"http:\/\/ipoweb.bruxelles.be\/webschools2\/itineraire-et-horaire-du-bus-de-ramassage\/\">Ramassage scolaire COCOF<\/a><\/li>\n<\/ul>\n","protected":false},"excerpt":{"rendered":"<p>Vous trouverez sur cette page les informations pratiques concernant la vie \u00e0 l&rsquo;\u00e9cole en lien avec les th\u00e9matiques suivantes :<\/p>\n","protected":false},"author":2,"featured_media":0,"parent":0,"menu_order":0,"comment_status":"closed","ping_status":"closed","template":"","meta":{"footnotes":""},"_links":{"self":[{"href":"https:\/\/ipoweb.bruxelles.be\/webschools2\/wp-json\/wp\/v2\/pages\/1980"}],"collection":[{"href":"https:\/\/ipoweb.bruxelles.be\/webschools2\/wp-json\/wp\/v2\/pages"}],"about":[{"href":"https:\/\/ipoweb.bruxelles.be\/webschools2\/wp-json\/wp\/v2\/types\/page"}],"author":[{"embeddable":true,"href":"https:\/\/ipoweb.bruxelles.be\/webschools2\/wp-json\/wp\/v2\/users\/2"}],"replies":[{"embeddable":true,"href":"https:\/\/ipoweb.bruxelles.be\/webschools2\/wp-json\/wp\/v2\/comments?post=1980"}],"version-history":[{"count":19,"href":"https:\/\/ipoweb.bruxelles.be\/webschools2\/wp-json\/wp\/v2\/pages\/1980\/revisions"}],"predecessor-version":[{"id":2271,"href":"https:\/\/ipoweb.bruxelles.be\/webschools2\/wp-json\/wp\/v2\/pages\/1980\/revisions\/2271"}],"wp:attachment":[{"href":"https:\/\/ipoweb.bruxelles.be\/webschools2\/wp-json\/wp\/v2\/media?parent=1980"}],"curies":[{"name":"wp","href":"https:\/\/api.w.org\/{rel}","templated":true}]}}