{"id":2169,"date":"2023-09-01T15:45:07","date_gmt":"2023-09-01T13:45:07","guid":{"rendered":"http:\/\/ipoweb.bruxelles.be\/webschools2\/?page_id=2169"},"modified":"2023-09-13T10:40:49","modified_gmt":"2023-09-13T08:40:49","slug":"inscriptions-aux-repas-chauds","status":"publish","type":"page","link":"https:\/\/ipoweb.bruxelles.be\/webschools2\/inscriptions-aux-repas-chauds\/","title":{"rendered":"Service des repas chauds"},"content":{"rendered":"\n<p>Les Cuisines Bruxelloises vous proposent un service de repas chauds scolaires.<\/p>\n\n\n\n<p>Tout parent, d\u00e9sireux de souscrire \u00e0 ce service payant ,  est invit\u00e9 \u00e0 inscrire son enfant sur le site des <a href=\"https:\/\/www.lescuisinesbruxelloises.be\/fr\/actualite\/inscription-aux-repas-scolaires-2023-2024\">Cuisines Bruxelloises <\/a><\/p>\n\n\n\n<p>Vous trouverez \u00e9galement ci-dessous une marche \u00e0 suivre d\u00e9taill\u00e9e \u00e0 ce sujet.<\/p>\n\n\n\n<div class=\"wp-block-columns is-layout-flex wp-container-6 wp-block-columns-is-layout-flex\">\n<div class=\"wp-block-column is-layout-flow wp-block-column-is-layout-flow\" style=\"flex-basis:100%\">\n<div class=\"wp-block-group is-layout-flow wp-block-group-is-layout-flow\"><div class=\"wp-block-group__inner-container\">\n<div class=\"wp-block-columns are-vertically-aligned-center is-layout-flex wp-container-3 wp-block-columns-is-layout-flex\">\n<div class=\"wp-block-column is-vertically-aligned-center is-layout-flow wp-block-column-is-layout-flow\" style=\"flex-basis:100%\">\n<div class=\"wp-block-group is-layout-flow wp-block-group-is-layout-flow\"><div class=\"wp-block-group__inner-container\">\n<div class=\"wp-block-file aligncenter\"><a id=\"wp-block-file--media-238626a1-dbd0-42bf-b28c-99ac746a7bc0\" href=\"http:\/\/ipoweb.bruxelles.be\/webschools2\/wp-content\/uploads\/2023\/09\/MARCHE-A-SUIVRE-REPAS-CHAUDS.pdf\" target=\"_blank\" rel=\"noreferrer noopener\">MARCHE-A-SUIVRE-REPAS-CHAUDS<\/a><a href=\"http:\/\/ipoweb.bruxelles.be\/webschools2\/wp-content\/uploads\/2023\/09\/MARCHE-A-SUIVRE-REPAS-CHAUDS.pdf\" class=\"wp-block-file__button wp-element-button\" download aria-describedby=\"wp-block-file--media-238626a1-dbd0-42bf-b28c-99ac746a7bc0\">T\u00e9l\u00e9charger<\/a><\/div>\n<\/div><\/div>\n<\/div>\n<\/div>\n<\/div><\/div>\n<\/div>\n<\/div>\n","protected":false},"excerpt":{"rendered":"<p>Les Cuisines Bruxelloises vous proposent un service de repas chauds scolaires. Tout parent, d\u00e9sireux de souscrire \u00e0 ce service payant , est invit\u00e9 \u00e0 inscrire son enfant sur le site des Cuisines Bruxelloises Vous trouverez \u00e9galement ci-dessous une marche \u00e0 suivre d\u00e9taill\u00e9e \u00e0 ce sujet.<\/p>\n","protected":false},"author":2,"featured_media":0,"parent":0,"menu_order":0,"comment_status":"closed","ping_status":"closed","template":"","meta":{"footnotes":""},"_links":{"self":[{"href":"https:\/\/ipoweb.bruxelles.be\/webschools2\/wp-json\/wp\/v2\/pages\/2169"}],"collection":[{"href":"https:\/\/ipoweb.bruxelles.be\/webschools2\/wp-json\/wp\/v2\/pages"}],"about":[{"href":"https:\/\/ipoweb.bruxelles.be\/webschools2\/wp-json\/wp\/v2\/types\/page"}],"author":[{"embeddable":true,"href":"https:\/\/ipoweb.bruxelles.be\/webschools2\/wp-json\/wp\/v2\/users\/2"}],"replies":[{"embeddable":true,"href":"https:\/\/ipoweb.bruxelles.be\/webschools2\/wp-json\/wp\/v2\/comments?post=2169"}],"version-history":[{"count":6,"href":"https:\/\/ipoweb.bruxelles.be\/webschools2\/wp-json\/wp\/v2\/pages\/2169\/revisions"}],"predecessor-version":[{"id":2274,"href":"https:\/\/ipoweb.bruxelles.be\/webschools2\/wp-json\/wp\/v2\/pages\/2169\/revisions\/2274"}],"wp:attachment":[{"href":"https:\/\/ipoweb.bruxelles.be\/webschools2\/wp-json\/wp\/v2\/media?parent=2169"}],"curies":[{"name":"wp","href":"https:\/\/api.w.org\/{rel}","templated":true}]}}