{"id":2213,"date":"2023-09-01T17:15:51","date_gmt":"2023-09-01T15:15:51","guid":{"rendered":"http:\/\/ipoweb.bruxelles.be\/webschools2\/?page_id=2213"},"modified":"2023-09-13T11:04:56","modified_gmt":"2023-09-13T09:04:56","slug":"reglement-des-eleves","status":"publish","type":"page","link":"https:\/\/ipoweb.bruxelles.be\/webschools2\/reglement-des-eleves\/","title":{"rendered":"R\u00e8glement des \u00e9l\u00e8ves"},"content":{"rendered":"\n<p><em>A l\u2019\u00e9cole, nous partageons un lieu et un temps.<\/em><\/p>\n\n\n\n<p><em>La qualit\u00e9 de ce partage est donc extr\u00eamement importante si l\u2019on veut que chacun puisse accomplir des choses et s\u2019\u00e9panouir dans les meilleures conditions possibles.<\/em><\/p>\n\n\n\n<p>Nous tenions donc \u00e0 rappeler quelques r\u00e8gles \u00e9l\u00e9mentaires que certain(e)s ont peut-\u00eatre oubli\u00e9es\u2026<\/p>\n\n\n\n<p>La Direction.<\/p>\n\n\n\n<p>L\u2019\u00e9quipe p\u00e9dagogique et \u00e9ducative.<\/p>\n\n\n\n<div class=\"wp-block-file\"><a id=\"wp-block-file--media-602324d8-84d8-488e-ac27-d53ca0857bce\" href=\"http:\/\/ipoweb.bruxelles.be\/webschools2\/wp-content\/uploads\/2023\/09\/A4.Regles-eleves.pdf\" target=\"_blank\" rel=\"noreferrer noopener\">R\u00e8glement des \u00e9l\u00e8ves<\/a><a href=\"http:\/\/ipoweb.bruxelles.be\/webschools2\/wp-content\/uploads\/2023\/09\/A4.Regles-eleves.pdf\" class=\"wp-block-file__button wp-element-button\" download aria-describedby=\"wp-block-file--media-602324d8-84d8-488e-ac27-d53ca0857bce\">T\u00e9l\u00e9charger<\/a><\/div>\n","protected":false},"excerpt":{"rendered":"<p>A l\u2019\u00e9cole, nous partageons un lieu et un temps. La qualit\u00e9 de ce partage est donc extr\u00eamement importante si l\u2019on veut que chacun puisse accomplir des choses et s\u2019\u00e9panouir dans les meilleures conditions possibles. Nous tenions donc \u00e0 rappeler quelques r\u00e8gles \u00e9l\u00e9mentaires que certain(e)s ont peut-\u00eatre oubli\u00e9es\u2026 La Direction. L\u2019\u00e9quipe p\u00e9dagogique et \u00e9ducative.<\/p>\n","protected":false},"author":2,"featured_media":0,"parent":0,"menu_order":0,"comment_status":"closed","ping_status":"closed","template":"","meta":{"footnotes":""},"_links":{"self":[{"href":"https:\/\/ipoweb.bruxelles.be\/webschools2\/wp-json\/wp\/v2\/pages\/2213"}],"collection":[{"href":"https:\/\/ipoweb.bruxelles.be\/webschools2\/wp-json\/wp\/v2\/pages"}],"about":[{"href":"https:\/\/ipoweb.bruxelles.be\/webschools2\/wp-json\/wp\/v2\/types\/page"}],"author":[{"embeddable":true,"href":"https:\/\/ipoweb.bruxelles.be\/webschools2\/wp-json\/wp\/v2\/users\/2"}],"replies":[{"embeddable":true,"href":"https:\/\/ipoweb.bruxelles.be\/webschools2\/wp-json\/wp\/v2\/comments?post=2213"}],"version-history":[{"count":1,"href":"https:\/\/ipoweb.bruxelles.be\/webschools2\/wp-json\/wp\/v2\/pages\/2213\/revisions"}],"predecessor-version":[{"id":2216,"href":"https:\/\/ipoweb.bruxelles.be\/webschools2\/wp-json\/wp\/v2\/pages\/2213\/revisions\/2216"}],"wp:attachment":[{"href":"https:\/\/ipoweb.bruxelles.be\/webschools2\/wp-json\/wp\/v2\/media?parent=2213"}],"curies":[{"name":"wp","href":"https:\/\/api.w.org\/{rel}","templated":true}]}}