{"id":91,"date":"2016-09-20T18:50:29","date_gmt":"2016-09-20T16:50:29","guid":{"rendered":"http:\/\/ipoweb.bruxelles.be\/webschools2\/?page_id=91"},"modified":"2019-05-02T12:05:28","modified_gmt":"2019-05-02T10:05:28","slug":"situation","status":"publish","type":"page","link":"https:\/\/ipoweb.bruxelles.be\/webschools2\/situation\/","title":{"rendered":"Situation"},"content":{"rendered":"<p><u><span style=\"font-size: xx-large;\">Acc\u00e8s:<br \/><\/span><\/u><big>Bus : 53 Arr\u00eat : Long Bonnier<\/big><big><br \/>Tram : 3 et 7 Arr\u00eat : Araucaria<\/big><\/p>\n<p><big>Bus de ramassage \u00e0 partir de Haren, Evere,Schaerbeek.<br \/><\/big><\/p>\n<p><big>Abonnement gratuit pour les enfants.<\/big><\/p>\n\n\n<iframe loading=\"lazy\" src=\"https:\/\/www.google.com\/maps\/embed?pb=!1m14!1m8!1m3!1d10066.056228729803!2d4.3667128!3d50.8957037!3m2!1i1024!2i768!4f13.1!3m3!1m2!1s0x0%3A0xb46a18f5a4626390!2sCentre+p%C3%A9dagogique+des+Pagodes!5e0!3m2!1sfr!2sbe!4v1556791519750!5m2!1sfr!2sbe\" width=\"600\" height=\"450\" frameborder=\"0\" style=\"border:0\" allowfullscreen><\/iframe>\n","protected":false},"excerpt":{"rendered":"<p>Acc\u00e8s:Bus : 53 Arr\u00eat : Long BonnierTram : 3 et 7 Arr\u00eat : Araucaria Bus de ramassage \u00e0 partir de Haren, Evere,Schaerbeek. Abonnement gratuit pour les enfants.<\/p>\n","protected":false},"author":2,"featured_media":0,"parent":0,"menu_order":0,"comment_status":"closed","ping_status":"closed","template":"","meta":{"footnotes":""},"_links":{"self":[{"href":"https:\/\/ipoweb.bruxelles.be\/webschools2\/wp-json\/wp\/v2\/pages\/91"}],"collection":[{"href":"https:\/\/ipoweb.bruxelles.be\/webschools2\/wp-json\/wp\/v2\/pages"}],"about":[{"href":"https:\/\/ipoweb.bruxelles.be\/webschools2\/wp-json\/wp\/v2\/types\/page"}],"author":[{"embeddable":true,"href":"https:\/\/ipoweb.bruxelles.be\/webschools2\/wp-json\/wp\/v2\/users\/2"}],"replies":[{"embeddable":true,"href":"https:\/\/ipoweb.bruxelles.be\/webschools2\/wp-json\/wp\/v2\/comments?post=91"}],"version-history":[{"count":5,"href":"https:\/\/ipoweb.bruxelles.be\/webschools2\/wp-json\/wp\/v2\/pages\/91\/revisions"}],"predecessor-version":[{"id":669,"href":"https:\/\/ipoweb.bruxelles.be\/webschools2\/wp-json\/wp\/v2\/pages\/91\/revisions\/669"}],"wp:attachment":[{"href":"https:\/\/ipoweb.bruxelles.be\/webschools2\/wp-json\/wp\/v2\/media?parent=91"}],"curies":[{"name":"wp","href":"https:\/\/api.w.org\/{rel}","templated":true}]}}